{"id":13924,"date":"2025-02-04T15:56:07","date_gmt":"2025-02-04T12:56:07","guid":{"rendered":"https:\/\/ceoparts.com\/?post_type=product&#038;p=13924"},"modified":"2026-05-16T15:31:59","modified_gmt":"2026-05-16T12:31:59","slug":"still-rx60-25-gaz-pedali-7917401038","status":"publish","type":"product","link":"https:\/\/ceoparts.com\/tr\/urun\/still-rx60-25-gaz-pedali-7917401038\/","title":{"rendered":"Still RX60 25 Gaz Pedal\u0131 &#8211; 7917401038"},"content":{"rendered":"<p>Still RX60 25 Gaz Pedal\u0131 &#8211; 7917401038<\/p>\n<p>RX2014<br \/>\nRX2016<br \/>\nRX2018<br \/>\nRX2020<\/p>\n<p>SERII<\/p>\n<p>6219<br \/>\n6220<br \/>\n6221<br \/>\n6222<br \/>\n6223<br \/>\n6224<br \/>\n6225<br \/>\n6226<br \/>\n6227<br \/>\n6228<br \/>\n6229<br \/>\n6230<\/p>\n<p>7917401038<\/p>","protected":false},"excerpt":{"rendered":"<p data-start=\"130\" data-end=\"368\"><br data-start=\"135\" data-end=\"138\" \/>Still RX60 25 forklift modeli i\u00e7in \u00f6zel olarak tasarlanan gaz pedal\u0131, operat\u00f6re hassas ve g\u00fcvenli h\u0131z kontrol\u00fc sunar. Sa\u011flam ve ergonomik yap\u0131s\u0131 sayesinde uzun \u00f6m\u00fcrl\u00fc kullan\u0131m sa\u011flar ve kaymaz y\u00fczeyi ile s\u00fcr\u00fc\u015f g\u00fcvenli\u011fini art\u0131r\u0131r.<\/p>\n<p data-start=\"370\" data-end=\"654\"><strong data-start=\"370\" data-end=\"385\">\u00d6zellikler:<\/strong><br data-start=\"385\" data-end=\"388\" \/><strong data-start=\"388\" data-end=\"401\">\u00dcr\u00fcn Ad\u0131:<\/strong> Still RX60 25 Gaz Pedal\u0131<br data-start=\"426\" data-end=\"429\" \/><strong data-start=\"429\" data-end=\"444\">Par\u00e7a Kodu:<\/strong> 7917401038<br data-start=\"455\" data-end=\"458\" \/><strong data-start=\"458\" data-end=\"470\">Malzeme:<\/strong> Dayan\u0131kl\u0131 metal ve kaymaz kau\u00e7uk kaplama<br data-start=\"511\" data-end=\"514\" \/><strong data-start=\"514\" data-end=\"533\">Kullan\u0131m Alan\u0131:<\/strong> Still RX60 25 forklift gaz kontrol sistemi<br data-start=\"576\" data-end=\"579\" \/><strong data-start=\"579\" data-end=\"591\">Avantaj:<\/strong> Hassas h\u0131z kontrol\u00fc, kaymaz y\u00fczey, dayan\u0131kl\u0131 ve ergonomik yap\u0131<\/p>\n<p data-start=\"656\" data-end=\"912\">\n","protected":false},"featured_media":13925,"template":"","meta":[],"product_brand":[],"product_cat":[241,471,524],"product_tag":[],"class_list":{"0":"post-13924","1":"product","2":"type-product","3":"status-publish","4":"has-post-thumbnail","6":"product_cat-still","7":"product_cat-joystick-pedal-yedek-parca","8":"product_cat-yedek-parca-still","10":"first","11":"instock","12":"taxable","13":"shipping-taxable","14":"purchasable","15":"product-type-simple"},"_links":{"self":[{"href":"https:\/\/ceoparts.com\/tr\/wp-json\/wp\/v2\/product\/13924","targetHints":{"allow":["GET"]}}],"collection":[{"href":"https:\/\/ceoparts.com\/tr\/wp-json\/wp\/v2\/product"}],"about":[{"href":"https:\/\/ceoparts.com\/tr\/wp-json\/wp\/v2\/types\/product"}],"wp:featuredmedia":[{"embeddable":true,"href":"https:\/\/ceoparts.com\/tr\/wp-json\/wp\/v2\/media\/13925"}],"wp:attachment":[{"href":"https:\/\/ceoparts.com\/tr\/wp-json\/wp\/v2\/media?parent=13924"}],"wp:term":[{"taxonomy":"product_brand","embeddable":true,"href":"https:\/\/ceoparts.com\/tr\/wp-json\/wp\/v2\/product_brand?post=13924"},{"taxonomy":"product_cat","embeddable":true,"href":"https:\/\/ceoparts.com\/tr\/wp-json\/wp\/v2\/product_cat?post=13924"},{"taxonomy":"product_tag","embeddable":true,"href":"https:\/\/ceoparts.com\/tr\/wp-json\/wp\/v2\/product_tag?post=13924"}],"curies":[{"name":"wp","href":"https:\/\/api.w.org\/{rel}","templated":true}]}}