{"id":13939,"date":"2025-02-04T16:40:34","date_gmt":"2025-02-04T13:40:34","guid":{"rendered":"https:\/\/ceoparts.com\/?post_type=product&#038;p=13939"},"modified":"2026-05-16T14:33:40","modified_gmt":"2026-05-16T11:33:40","slug":"linde-still-stop-pedal-lastigi-0009644591","status":"publish","type":"product","link":"https:\/\/ceoparts.com\/tr\/urun\/linde-still-stop-pedal-lastigi-0009644591\/","title":{"rendered":"Linde\/Still Stop Pedal Lasti\u011fi &#8211; 0009644591"},"content":{"rendered":"<p>Linde\/Still Stop Pedal Lasti\u011fi &#8211; 0009644591<\/p>\n<p>1120\u00a0R10\/12\/14\/16\/20\/25<br \/>\n112\u00a0R 16\/20 P<br \/>\n113\u00a0R14\/16\/16N\/20\/20N<br \/>\n114\u00a0R 20P<br \/>\n115C-11\u00a0R10C\/12C\/14C-11<br \/>\n115-12\u00a0R14\/14G\/16\/16G\/20\/20G-12<br \/>\n115\u00a0R14\/R16\/R20<br \/>\n115-25\u00a0R14-20 Ex S &#8211; Zone 1, 2 (2G, 3G)<br \/>\n115-02\u00a0R14\/R16\/R20-02<br \/>\n115C\u00a0R10C\/R12C\/R14C<br \/>\n115C-02\u00a0R10C\/R12C\/R14C-02<br \/>\n115G-03\u00a0R14G-03\/R16G-03\/R20G-03<br \/>\n115-03\u00a0R14\/R16\/R20-03<br \/>\n115C-03\u00a0R10C\/R12C\/R14C-03<br \/>\n116-03\u00a0R14X\/R16X\/R17X\/R17XHD-03<br \/>\n116\u00a0R14X\/R16X\/R17X\/R17XHD<br \/>\n116-02\u00a0R14X\/R16X\/R17X\/R17XHD<br \/>\n117\u00a0A 10Z<br \/>\n1191\u00a0P60-P80-W08<br \/>\n126\u00a0P 60Z<br \/>\n127-05\/06\u00a0P250 \/ W20 &#8211; 05\/06<br \/>\n127\u00a0P 250 \/ W20<br \/>\n127-02\u00a0P 250 \/ W20<br \/>\n1313-01\u00a0H25\/27\/30\/32<br \/>\n139\u00a0L12\/16R<br \/>\n140\u00a0T20R<br \/>\n143\u00a0T 30 R<br \/>\n322\u00a0E16<br \/>\n322\u00a0E15\/16\/18 &#8211; 02<br \/>\n324\u00a0E12\/15\/16<br \/>\n324\u00a0E12\/14\/15\/16<br \/>\n324-02\u00a0E12\/15\/16 &#8211; 02<br \/>\n325\u00a0E20\/25\/30<br \/>\n326\u00a0E 35\/40 P<br \/>\n335-03\u00a0E16\/20-03<br \/>\n335\u00a0E14\/16\/18\/20<br \/>\n335-02\u00a0E14\/16\/18\/20 &#8211; 02<br \/>\n335-02\u00a0E16\/20-02<br \/>\n336\u00a0E20\/25\/30<br \/>\n336-31\u00a0E25\/30 Ex S &#8211; Zone 2, 22 (3G, 3D) with gas safety system<br \/>\n336-02\u00a0E20\/25\/30 &#8211; 02<br \/>\n336-03\u00a0E25\/30 &#8211; 03<br \/>\n337\u00a0E35P-02\/40P-02\/48P-02<br \/>\n346\u00a0E18\/20\/20P<br \/>\n350-04\u00a0H12\/16\/18\/20 &#8211; 04<br \/>\n350-01\/02\u00a0H12\/16\/18<br \/>\n350-03\u00a0H12\/16\/18\/20 &#8211; 03<br \/>\n351-01\u00a0H20\/25\/30<br \/>\n351-02\u00a0H20\/25\/30 &#8211; 02<br \/>\n351-03\u00a0H20\/25\/30\/35 &#8211; 03<br \/>\n351-04\u00a0H25\/30-04<br \/>\n351-05\u00a0H25\/30-05<br \/>\n352-05\u00a0H35\/40\/45\/50D-05<br \/>\n352-01\/02\u00a0H35\/40\/45<br \/>\n352-03\/04\u00a0H35\/40\/45 &#8211; 03\/04<br \/>\n352-04\u00a0H35\/40\/45 &#8211; 04<br \/>\n353-01\u00a0H50\/60\/70\/80<br \/>\n353-02\u00a0H50\/60\/70\/80 &#8211; 02<br \/>\n353-03\u00a0H50\/60\/70\/80 &#8211; 03<br \/>\n368\u00a0P 50 Z<br \/>\n386-02\u00a0E12\/14\/15\/16\/18\/20 &#8211; 02<br \/>\n386-25\u00a0E14-20 Ex &#8211; Zone 1, 2 (2G, 3G)<br \/>\n386\u00a0E12\/14\/15\/16\/18\/20<br \/>\n387\u00a0E20\/25\/30\/35<br \/>\n388\u00a0E35\/40\/45\/50<br \/>\n391-01\u00a0H14\/16\/18\/20<br \/>\n392-02\u00a0H20\/25 &#8211; 02<br \/>\n392-01\u00a0H20\/25<br \/>\n393-02\u00a0H25\/30\/35 &#8211; 02<br \/>\n393-01\u00a0H25\/30\/35<br \/>\n394-02\u00a0H40\/45\/50 &#8211; 02<br \/>\n394-01\u00a0H40\/45\/50<br \/>\n396-02\u00a0H50\/60\/70\/80 &#8211; 02<br \/>\n396-01\u00a0H50\/60\/70\/80<\/p>","protected":false},"excerpt":{"rendered":"<p data-start=\"142\" data-end=\"369\"><br data-start=\"147\" data-end=\"150\" \/>Linde ve Still forklift modelleri i\u00e7in \u00f6zel olarak \u00fcretilen stop pedal lasti\u011fi, kaymaz yap\u0131s\u0131 ile operat\u00f6r\u00fcn g\u00fcvenli ve rahat kullan\u0131m yapmas\u0131n\u0131 sa\u011flar. Dayan\u0131kl\u0131 kau\u00e7uk malzemesi sayesinde uzun \u00f6m\u00fcrl\u00fc performans sunar.<\/p>\n<p data-start=\"371\" data-end=\"624\"><strong data-start=\"371\" data-end=\"386\">\u00d6zellikler:<\/strong><br data-start=\"386\" data-end=\"389\" \/><strong data-start=\"389\" data-end=\"402\">\u00dcr\u00fcn Ad\u0131:<\/strong> Linde\/Still Stop Pedal Lasti\u011fi<br data-start=\"433\" data-end=\"436\" \/><strong data-start=\"436\" data-end=\"451\">Par\u00e7a Kodu:<\/strong> 0009644591<br data-start=\"462\" data-end=\"465\" \/><strong data-start=\"465\" data-end=\"477\">Malzeme:<\/strong> Y\u00fcksek kaliteli kau\u00e7uk<br data-start=\"500\" data-end=\"503\" \/><strong data-start=\"503\" data-end=\"522\">Kullan\u0131m Alan\u0131:<\/strong> Linde ve Still forklift stop pedal\u0131<br data-start=\"558\" data-end=\"561\" \/><strong data-start=\"561\" data-end=\"573\">Avantaj:<\/strong> Kaymaz y\u00fczey, dayan\u0131kl\u0131 yap\u0131, uzun \u00f6m\u00fcrl\u00fc kullan\u0131m<\/p>\n<p data-start=\"626\" data-end=\"835\">\n","protected":false},"featured_media":13957,"template":"","meta":[],"product_brand":[],"product_cat":[241,246,471,523,524],"product_tag":[],"class_list":{"0":"post-13939","1":"product","2":"type-product","3":"status-publish","4":"has-post-thumbnail","6":"product_cat-still","7":"product_cat-linde","8":"product_cat-joystick-pedal-yedek-parca","9":"product_cat-yedek-parca-linde","10":"product_cat-yedek-parca-still","12":"first","13":"instock","14":"taxable","15":"shipping-taxable","16":"purchasable","17":"product-type-simple"},"_links":{"self":[{"href":"https:\/\/ceoparts.com\/tr\/wp-json\/wp\/v2\/product\/13939","targetHints":{"allow":["GET"]}}],"collection":[{"href":"https:\/\/ceoparts.com\/tr\/wp-json\/wp\/v2\/product"}],"about":[{"href":"https:\/\/ceoparts.com\/tr\/wp-json\/wp\/v2\/types\/product"}],"wp:featuredmedia":[{"embeddable":true,"href":"https:\/\/ceoparts.com\/tr\/wp-json\/wp\/v2\/media\/13957"}],"wp:attachment":[{"href":"https:\/\/ceoparts.com\/tr\/wp-json\/wp\/v2\/media?parent=13939"}],"wp:term":[{"taxonomy":"product_brand","embeddable":true,"href":"https:\/\/ceoparts.com\/tr\/wp-json\/wp\/v2\/product_brand?post=13939"},{"taxonomy":"product_cat","embeddable":true,"href":"https:\/\/ceoparts.com\/tr\/wp-json\/wp\/v2\/product_cat?post=13939"},{"taxonomy":"product_tag","embeddable":true,"href":"https:\/\/ceoparts.com\/tr\/wp-json\/wp\/v2\/product_tag?post=13939"}],"curies":[{"name":"wp","href":"https:\/\/api.w.org\/{rel}","templated":true}]}}