{"id":13943,"date":"2025-02-04T16:54:30","date_gmt":"2025-02-04T13:54:30","guid":{"rendered":"https:\/\/ceoparts.com\/?post_type=product&#038;p=13943"},"modified":"2026-05-16T14:34:45","modified_gmt":"2026-05-16T11:34:45","slug":"linde-still-ileri-surus-pedal-lastigi-0009642700-0009644587","status":"publish","type":"product","link":"https:\/\/ceoparts.com\/tr\/urun\/linde-still-ileri-surus-pedal-lastigi-0009642700-0009644587\/","title":{"rendered":"Linde\/Still Gaz Pedal Lasti\u011fi &#8211; 0009642700, 0009644587"},"content":{"rendered":"<p>Linde\/Still Gaz Pedal Lasti\u011fi &#8211; 0009642700, 0009644587<\/p>\n<p>336-03\/351-03\/335-03<\/p>\n<p>Linde 350\/351\/336\/1275\/1276<\/p>","protected":false},"excerpt":{"rendered":"<p data-start=\"154\" data-end=\"386\"><br data-start=\"159\" data-end=\"162\" \/>Linde ve Still forklift modelleri i\u00e7in uyumlu gaz pedal lasti\u011fi, operat\u00f6r\u00fcn kaymaz ve g\u00fcvenli kullan\u0131m yapmas\u0131n\u0131 sa\u011flar. Dayan\u0131kl\u0131 kau\u00e7uk yap\u0131s\u0131 sayesinde uzun \u00f6m\u00fcrl\u00fc performans sunar ve ergonomik tasar\u0131m\u0131 ile konfor sa\u011flar.<\/p>\n<p data-start=\"388\" data-end=\"661\"><strong data-start=\"388\" data-end=\"403\">\u00d6zellikler:<\/strong><br data-start=\"403\" data-end=\"406\" \/><strong data-start=\"406\" data-end=\"419\">\u00dcr\u00fcn Ad\u0131:<\/strong> Linde\/Still Gaz Pedal Lasti\u011fi<br data-start=\"449\" data-end=\"452\" \/><strong data-start=\"452\" data-end=\"467\">Par\u00e7a Kodu:<\/strong> 0009642700, 0009644587<br data-start=\"490\" data-end=\"493\" \/><strong data-start=\"493\" data-end=\"505\">Malzeme:<\/strong> Y\u00fcksek kaliteli kau\u00e7uk<br data-start=\"528\" data-end=\"531\" \/><strong data-start=\"531\" data-end=\"550\">Kullan\u0131m Alan\u0131:<\/strong> Linde ve Still forklift gaz pedallar\u0131<br data-start=\"588\" data-end=\"591\" \/><strong data-start=\"591\" data-end=\"603\">Avantaj:<\/strong> Kaymaz y\u00fczey, dayan\u0131kl\u0131 ve uzun \u00f6m\u00fcrl\u00fc yap\u0131, kolay montaj<\/p>\n<p data-start=\"663\" data-end=\"898\">\n","protected":false},"featured_media":13955,"template":"","meta":[],"product_brand":[],"product_cat":[241,246,471,523,524],"product_tag":[],"class_list":{"0":"post-13943","1":"product","2":"type-product","3":"status-publish","4":"has-post-thumbnail","6":"product_cat-still","7":"product_cat-linde","8":"product_cat-joystick-pedal-yedek-parca","9":"product_cat-yedek-parca-linde","10":"product_cat-yedek-parca-still","12":"first","13":"instock","14":"taxable","15":"shipping-taxable","16":"purchasable","17":"product-type-simple"},"_links":{"self":[{"href":"https:\/\/ceoparts.com\/tr\/wp-json\/wp\/v2\/product\/13943","targetHints":{"allow":["GET"]}}],"collection":[{"href":"https:\/\/ceoparts.com\/tr\/wp-json\/wp\/v2\/product"}],"about":[{"href":"https:\/\/ceoparts.com\/tr\/wp-json\/wp\/v2\/types\/product"}],"wp:featuredmedia":[{"embeddable":true,"href":"https:\/\/ceoparts.com\/tr\/wp-json\/wp\/v2\/media\/13955"}],"wp:attachment":[{"href":"https:\/\/ceoparts.com\/tr\/wp-json\/wp\/v2\/media?parent=13943"}],"wp:term":[{"taxonomy":"product_brand","embeddable":true,"href":"https:\/\/ceoparts.com\/tr\/wp-json\/wp\/v2\/product_brand?post=13943"},{"taxonomy":"product_cat","embeddable":true,"href":"https:\/\/ceoparts.com\/tr\/wp-json\/wp\/v2\/product_cat?post=13943"},{"taxonomy":"product_tag","embeddable":true,"href":"https:\/\/ceoparts.com\/tr\/wp-json\/wp\/v2\/product_tag?post=13943"}],"curies":[{"name":"wp","href":"https:\/\/api.w.org\/{rel}","templated":true}]}}