{"id":13947,"date":"2025-02-04T17:03:17","date_gmt":"2025-02-04T14:03:17","guid":{"rendered":"https:\/\/ceoparts.com\/?post_type=product&#038;p=13947"},"modified":"2026-05-16T13:34:01","modified_gmt":"2026-05-16T10:34:01","slug":"jungheinrich-efg430k-fren-pedal-lastigi-05023009-50006986","status":"publish","type":"product","link":"https:\/\/ceoparts.com\/tr\/urun\/jungheinrich-efg430k-fren-pedal-lastigi-05023009-50006986\/","title":{"rendered":"Jungheinrich EFG430K Fren Pedal Lasti\u011fi &#8211; 05023009, 50006986"},"content":{"rendered":"<p>Jungheinrich EFG430K Fren Pedal Lasti\u011fi &#8211; 05023009, 50006986<\/p>\n<p><\/p>\n<div class=\"woocommerce-product-details__short-description\">\n<div class=\"k2fx k2fx4detail spacing_top\">\n<div class=\"k2tx k2tx4detail k2item k2item41326\" data-k2-f5=\"NDEzMjZ8MXw5OTl8MQ==\">\n<div data-k2=\"ifItem\" data-product-id=\"41326\">\n<section class=\"section\">\n<div id=\"content_product\" class=\"tabs_wrap\">\n<div class=\"spacing_top\">\n<div id=\"descriptionText\" class=\"tabs_content active\">\n<div>\n<div class=\"html_wrap data-k2-editable\">\n<div class=\"k2fx k2fx4detail spacing_top\">\n<div class=\"k2tx k2tx4detail k2item k2item41326\" data-k2-f5=\"NDEzMjZ8MXw5OTl8MQ==\">\n<div data-k2=\"ifItem\" data-product-id=\"41326\">\n<section class=\"section\">\n<div id=\"content_product\" class=\"tabs_wrap\">\n<div class=\"spacing_top\">\n<div id=\"descriptionText\" class=\"tabs_content active\">\n<div>\n<div class=\"html_wrap data-k2-editable\">EFG DF13 05\/1999 &#8211; 11\/2006, EFG DF15 05\/1999 &#8211; 11\/2006, EFG DF16 05\/1999 &#8211; 11\/2006, EFG DF18 05\/1999 &#8211; 11\/ 2006, EFG DF20 05\/1999 &#8211; 11\/2006, EFG VAC16 08\/1999 &#8211; 12\/2008, EFG VAC18 08\/1999 &#8211; 12\/2008, EFG VAC20 08\/1999 &#8211; 12\/2008, FB 13 (KOM) 04\/1998 &#8211; 03\/2001, FB 18 (COM) 04\/1998 &#8211; 03\/2001, FB 20 (COM) 04\/1998 &#8211; 03\/2001, DFG 16 AS 01\/2002 &#8211; 12\/2003, DFG 20 AS 01\/2002 &#8211; 12\/2003, DFG 16 AK 01\/2002 &#8211; 12\/2003, DFG 20 AK 01\/2002 &#8211; 12\/2003, TFG 16 AK 01\/2002 &#8211; 12\/2003, TFG 20 AK 01\/2002 &#8211; 12\/2003, TFG 16 AS 01\/2002 &#8211; 12\/ 2003, TFG 20 AS 01\/2002 &#8211; 12\/2003, DFG 20 BK 12\/1998 &#8211; 10\/2002, DFG 25 BK 12\/1998 &#8211; 10\/2002, DFG 30 BK 12\/1998 &#8211; 10\/2002, DFG 20 BS 12\/1998 &#8211; 10\/2002, DFG 25 BS 12\/1998 &#8211; 10 \/2002, DFG 30 BS 12\/1998 &#8211; 10\/2002.<\/div>\n<\/div>\n<\/div>\n<\/div>\n<\/div>\n<\/section>\n<\/div>\n<\/div>\n<\/div>\n<\/div>\n<\/div>\n<\/div>\n<\/div>\n<\/div>\n<\/section>\n<\/div>\n<\/div>\n<\/div>\n<\/div>\n<p><\/p>","protected":false},"excerpt":{"rendered":"<p data-start=\"175\" data-end=\"382\"><br data-start=\"180\" data-end=\"183\" \/>Jungheinrich EFG430K forklift modeli i\u00e7in \u00f6zel olarak \u00fcretilen fren pedal lasti\u011fi, kaymaz y\u00fczeyi sayesinde operat\u00f6re g\u00fcvenli kullan\u0131m sa\u011flar. Dayan\u0131kl\u0131 kau\u00e7uk yap\u0131s\u0131 ile uzun s\u00fcreli performans sunar.<\/p>\n<p data-start=\"384\" data-end=\"664\"><strong data-start=\"384\" data-end=\"399\">\u00d6zellikler:<\/strong><br data-start=\"399\" data-end=\"402\" \/><strong data-start=\"402\" data-end=\"415\">\u00dcr\u00fcn Ad\u0131:<\/strong> Jungheinrich EFG430K Fren Pedal Lasti\u011fi<br data-start=\"455\" data-end=\"458\" \/><strong data-start=\"458\" data-end=\"473\">Par\u00e7a Kodu:<\/strong> 05023009, 50006986<br data-start=\"492\" data-end=\"495\" \/><strong data-start=\"495\" data-end=\"507\">Malzeme:<\/strong> Y\u00fcksek kaliteli kau\u00e7uk<br data-start=\"530\" data-end=\"533\" \/><strong data-start=\"533\" data-end=\"552\">Kullan\u0131m Alan\u0131:<\/strong> Jungheinrich EFG430K forklift fren pedal\u0131<br data-start=\"594\" data-end=\"597\" \/><strong data-start=\"597\" data-end=\"609\">Avantaj:<\/strong> Kaymaz y\u00fczey, uzun \u00f6m\u00fcrl\u00fc ve sa\u011flam yap\u0131, kolay montaj<\/p>\n<p data-start=\"666\" data-end=\"886\">\n","protected":false},"featured_media":13949,"template":"","meta":[],"product_brand":[],"product_cat":[236,471,522],"product_tag":[],"class_list":{"0":"post-13947","1":"product","2":"type-product","3":"status-publish","4":"has-post-thumbnail","6":"product_cat-jungheinrich","7":"product_cat-joystick-pedal-yedek-parca","8":"product_cat-yedek-parca-jungheinrich","10":"first","11":"instock","12":"taxable","13":"shipping-taxable","14":"purchasable","15":"product-type-simple"},"_links":{"self":[{"href":"https:\/\/ceoparts.com\/tr\/wp-json\/wp\/v2\/product\/13947","targetHints":{"allow":["GET"]}}],"collection":[{"href":"https:\/\/ceoparts.com\/tr\/wp-json\/wp\/v2\/product"}],"about":[{"href":"https:\/\/ceoparts.com\/tr\/wp-json\/wp\/v2\/types\/product"}],"wp:featuredmedia":[{"embeddable":true,"href":"https:\/\/ceoparts.com\/tr\/wp-json\/wp\/v2\/media\/13949"}],"wp:attachment":[{"href":"https:\/\/ceoparts.com\/tr\/wp-json\/wp\/v2\/media?parent=13947"}],"wp:term":[{"taxonomy":"product_brand","embeddable":true,"href":"https:\/\/ceoparts.com\/tr\/wp-json\/wp\/v2\/product_brand?post=13947"},{"taxonomy":"product_cat","embeddable":true,"href":"https:\/\/ceoparts.com\/tr\/wp-json\/wp\/v2\/product_cat?post=13947"},{"taxonomy":"product_tag","embeddable":true,"href":"https:\/\/ceoparts.com\/tr\/wp-json\/wp\/v2\/product_tag?post=13947"}],"curies":[{"name":"wp","href":"https:\/\/api.w.org\/{rel}","templated":true}]}}