{"id":13958,"date":"2025-02-04T17:58:10","date_gmt":"2025-02-04T14:58:10","guid":{"rendered":"https:\/\/ceoparts.com\/?post_type=product&#038;p=13958"},"modified":"2026-05-16T13:15:58","modified_gmt":"2026-05-16T10:15:58","slug":"efp-005-gaz-pedali","status":"publish","type":"product","link":"https:\/\/ceoparts.com\/tr\/urun\/efp-005-gaz-pedali\/","title":{"rendered":"EFP\u2011005 Gaz Pedal\u0131"},"content":{"rendered":"<p>EFP\u2011005 Gaz Pedal\u0131<\/p>\n<p>EFP\u2011005 Gaz Pedal\u0131<\/p>","protected":false},"excerpt":{"rendered":"<p data-start=\"105\" data-end=\"286\"><br data-start=\"110\" data-end=\"113\" \/>EFP\u2011005 model gaz pedal\u0131, forklift ve end\u00fcstriyel ara\u00e7lar i\u00e7in hassas h\u0131z kontrol\u00fc sa\u011flar. Dayan\u0131kl\u0131 yap\u0131s\u0131 ve ergonomik tasar\u0131m\u0131 ile uzun \u00f6m\u00fcrl\u00fc ve konforlu kullan\u0131m sunar.<\/p>\n<p data-start=\"288\" data-end=\"558\"><strong data-start=\"288\" data-end=\"303\">\u00d6zellikler:<\/strong><br data-start=\"303\" data-end=\"306\" \/><strong data-start=\"306\" data-end=\"319\">\u00dcr\u00fcn Ad\u0131:<\/strong> EFP\u2011005 Gaz Pedal\u0131<br data-start=\"338\" data-end=\"341\" \/><strong data-start=\"341\" data-end=\"356\">Par\u00e7a Kodu:<\/strong> EFP\u2011005<br data-start=\"364\" data-end=\"367\" \/><strong data-start=\"367\" data-end=\"379\">Malzeme:<\/strong> Sa\u011flam plastik ve metal bile\u015fenler<br data-start=\"414\" data-end=\"417\" \/><strong data-start=\"417\" data-end=\"436\">Kullan\u0131m Alan\u0131:<\/strong> Forklift ve end\u00fcstriyel ara\u00e7 h\u0131z kontrol sistemleri<br data-start=\"488\" data-end=\"491\" \/><strong data-start=\"491\" data-end=\"503\">Avantaj:<\/strong> Hassas h\u0131z kontrol\u00fc, dayan\u0131kl\u0131 yap\u0131, ergonomik tasar\u0131m<\/p>\n<p data-start=\"560\" data-end=\"753\">\n","protected":false},"featured_media":13959,"template":"","meta":[],"product_brand":[],"product_cat":[471],"product_tag":[],"class_list":{"0":"post-13958","1":"product","2":"type-product","3":"status-publish","4":"has-post-thumbnail","6":"product_cat-joystick-pedal-yedek-parca","8":"first","9":"instock","10":"taxable","11":"shipping-taxable","12":"purchasable","13":"product-type-simple"},"_links":{"self":[{"href":"https:\/\/ceoparts.com\/tr\/wp-json\/wp\/v2\/product\/13958","targetHints":{"allow":["GET"]}}],"collection":[{"href":"https:\/\/ceoparts.com\/tr\/wp-json\/wp\/v2\/product"}],"about":[{"href":"https:\/\/ceoparts.com\/tr\/wp-json\/wp\/v2\/types\/product"}],"wp:featuredmedia":[{"embeddable":true,"href":"https:\/\/ceoparts.com\/tr\/wp-json\/wp\/v2\/media\/13959"}],"wp:attachment":[{"href":"https:\/\/ceoparts.com\/tr\/wp-json\/wp\/v2\/media?parent=13958"}],"wp:term":[{"taxonomy":"product_brand","embeddable":true,"href":"https:\/\/ceoparts.com\/tr\/wp-json\/wp\/v2\/product_brand?post=13958"},{"taxonomy":"product_cat","embeddable":true,"href":"https:\/\/ceoparts.com\/tr\/wp-json\/wp\/v2\/product_cat?post=13958"},{"taxonomy":"product_tag","embeddable":true,"href":"https:\/\/ceoparts.com\/tr\/wp-json\/wp\/v2\/product_tag?post=13958"}],"curies":[{"name":"wp","href":"https:\/\/api.w.org\/{rel}","templated":true}]}}