{"id":13968,"date":"2025-02-06T14:29:36","date_gmt":"2025-02-06T11:29:36","guid":{"rendered":"https:\/\/ceoparts.com\/?post_type=product&#038;p=13968"},"modified":"2026-05-17T22:46:55","modified_gmt":"2026-05-17T19:46:55","slug":"jungheinrich-efg-320-gaz-pedali-26915305-4513630","status":"publish","type":"product","link":"https:\/\/ceoparts.com\/tr\/urun\/jungheinrich-efg-320-gaz-pedali-26915305-4513630\/","title":{"rendered":"Jungheinrich EFG 320 Gaz Pedal\u0131 &#8211; 26915305 , 4513630"},"content":{"rendered":"<p>Jungheinrich EFG 320 Gaz Pedal\u0131 &#8211; 26915305 , 4513630<\/p>\n<p>Jungheinrich 51224270, 04513630, 26915305, 11003630<\/p>\n<p>&nbsp;<\/p>\n<table border=\"0\" width=\"254\" cellspacing=\"0\" cellpadding=\"0\">\n<colgroup>\n<col width=\"150\" \/>\n<col width=\"104\" \/><\/colgroup>\n<tbody>\n<tr>\n<td width=\"150\" height=\"17\"><span style=\"font-family: Arial CE; font-size: small;\">EFG 110 &#8211; 115<\/span><\/td>\n<td width=\"104\"><span style=\"font-family: Arial CE; font-size: small;\">1.04 &#8211;<\/span><\/td>\n<\/tr>\n<tr>\n<td height=\"17\"><span style=\"font-family: Arial CE; font-size: small;\">EFG 110k SP<\/span><\/td>\n<td><span style=\"font-family: Arial CE; font-size: small;\">11.09 &#8211;<\/span><\/td>\n<\/tr>\n<tr>\n<td height=\"17\"><span style=\"font-family: Arial CE; font-size: small;\">EFG 213 &#8211; 220<\/span><\/td>\n<td><span style=\"font-family: Arial CE; font-size: small;\">8.04 &#8211; 1.09<\/span><\/td>\n<\/tr>\n<tr>\n<td height=\"17\"><span style=\"font-family: Arial CE; font-size: small;\">EFG 316 &#8211; 320<\/span><\/td>\n<td><span style=\"font-family: Arial CE; font-size: small;\">8.04 &#8211; 1.09<\/span><\/td>\n<\/tr>\n<tr>\n<td height=\"17\"><span style=\"font-family: Arial CE; font-size: small;\">EFG 422-430<\/span><\/td>\n<td><span style=\"font-family: Arial CE; font-size: small;\">11.04 &#8211; 11.09<\/span><\/td>\n<\/tr>\n<tr>\n<td height=\"17\"><span style=\"font-family: Arial CE; font-size: small;\">EFG 422-430<\/span><\/td>\n<td><span style=\"font-family: Arial CE; font-size: small;\">10.99 &#8211; 10.04<\/span><\/td>\n<\/tr>\n<tr>\n<td height=\"17\"><span style=\"font-family: Arial CE; font-size: small;\">EFG 422-430<\/span><\/td>\n<td><span style=\"font-family: Arial CE; font-size: small;\">11.09 &#8211;<\/span><\/td>\n<\/tr>\n<tr>\n<td height=\"17\"><span style=\"font-family: Arial CE; font-size: small;\">EFG 535-550<\/span><\/td>\n<td><span style=\"font-family: Arial CE; font-size: small;\">11.09 &#8211;<\/span><\/td>\n<\/tr>\n<tr>\n<td height=\"17\"><span style=\"font-family: Arial CE; font-size: small;\">EFG 535-550<\/span><\/td>\n<td><span style=\"font-family: Arial CE; font-size: small;\">1.04 &#8211; 11.09<\/span><\/td>\n<\/tr>\n<tr>\n<td height=\"17\"><span style=\"font-family: Arial CE; font-size: small;\">EFG 550 MP<\/span><\/td>\n<td><span style=\"font-family: Arial CE; font-size: small;\">1.04 &#8211;<\/span><\/td>\n<\/tr>\n<tr>\n<td height=\"17\"><span style=\"font-family: Arial CE; font-size: small;\">EFG-DF 12,5-18<\/span><\/td>\n<td><span style=\"font-family: Arial CE; font-size: small;\">12.95 &#8211; 4.99<\/span><\/td>\n<\/tr>\n<tr>\n<td height=\"17\"><span style=\"font-family: Arial CE; font-size: small;\">EFG-DF 13-20<\/span><\/td>\n<td><span style=\"font-family: Arial CE; font-size: small;\">5.99 &#8211; 11.06<\/span><\/td>\n<\/tr>\n<tr>\n<td height=\"17\"><span style=\"font-family: Arial CE; font-size: small;\">EFG-DF 15MP<\/span><\/td>\n<td><span style=\"font-family: Arial CE; font-size: small;\">1.00 &#8211;<\/span><\/td>\n<\/tr>\n<tr>\n<td height=\"17\"><span style=\"font-family: Arial CE; font-size: small;\">EFG-DF 15SP<\/span><\/td>\n<td><span style=\"font-family: Arial CE; font-size: small;\">1.00 &#8211; 11.06<\/span><\/td>\n<\/tr>\n<tr>\n<td height=\"17\"><span style=\"font-family: Arial CE; font-size: small;\">EFG-DFac 13-20<\/span><\/td>\n<td><span style=\"font-family: Arial CE; font-size: small;\">5.02 &#8211;<\/span><\/td>\n<\/tr>\n<tr>\n<td height=\"17\"><span style=\"font-family: Arial CE; font-size: small;\">EFG-DH 10<\/span><\/td>\n<td><span style=\"font-family: Arial CE; font-size: small;\">4.02 &#8211;<\/span><\/td>\n<\/tr>\n<tr>\n<td height=\"17\"><span style=\"font-family: Arial CE; font-size: small;\">EFG-DH 12,5\/15B<\/span><\/td>\n<td><span style=\"font-family: Arial CE; font-size: small;\">5.96 &#8211; 12.02<\/span><\/td>\n<\/tr>\n<tr>\n<td height=\"17\"><span style=\"font-family: Arial CE; font-size: small;\">EFG-DHac 10LMP<\/span><\/td>\n<td><span style=\"font-family: Arial CE; font-size: small;\">7.02 &#8211;<\/span><\/td>\n<\/tr>\n<tr>\n<td height=\"17\"><span style=\"font-family: Arial CE; font-size: small;\">EFG-DHac 10LMP<\/span><\/td>\n<td><span style=\"font-family: Arial CE; font-size: small;\">8.04 &#8211;<\/span><\/td>\n<\/tr>\n<tr>\n<td height=\"17\"><span style=\"font-family: Arial CE; font-size: small;\">EFG-DHac 10LSP<\/span><\/td>\n<td><span style=\"font-family: Arial CE; font-size: small;\">7.02 &#8211;<\/span><\/td>\n<\/tr>\n<tr>\n<td height=\"17\"><span style=\"font-family: Arial CE; font-size: small;\">EFG-DHac 10MP<\/span><\/td>\n<td><span style=\"font-family: Arial CE; font-size: small;\">7.02 &#8211;<\/span><\/td>\n<\/tr>\n<tr>\n<td height=\"17\"><span style=\"font-family: Arial CE; font-size: small;\">EFG-DHac 10SP<\/span><\/td>\n<td><span style=\"font-family: Arial CE; font-size: small;\">7.02 &#8211;<\/span><\/td>\n<\/tr>\n<tr>\n<td height=\"17\"><span style=\"font-family: Arial CE; font-size: small;\">EFG-DHac 12,5MP<\/span><\/td>\n<td><span style=\"font-family: Arial CE; font-size: small;\">7.02 &#8211;<\/span><\/td>\n<\/tr>\n<tr>\n<td height=\"17\"><span style=\"font-family: Arial CE; font-size: small;\">EFG-DHac 12,5SP<\/span><\/td>\n<td><span style=\"font-family: Arial CE; font-size: small;\">7.02 &#8211;<\/span><\/td>\n<\/tr>\n<tr>\n<td height=\"17\"><span style=\"font-family: Arial CE; font-size: small;\">EFG-DHac 15MP<\/span><\/td>\n<td><span style=\"font-family: Arial CE; font-size: small;\">7.02 &#8211;<\/span><\/td>\n<\/tr>\n<tr>\n<td height=\"17\"><span style=\"font-family: Arial CE; font-size: small;\">EFG-DHac 15SP<\/span><\/td>\n<td><span style=\"font-family: Arial CE; font-size: small;\">7.02 &#8211;<\/span><\/td>\n<\/tr>\n<tr>\n<td height=\"17\"><span style=\"font-family: Arial CE; font-size: small;\">EFG-V 16\/20<\/span><\/td>\n<td><span style=\"font-family: Arial CE; font-size: small;\">12.95 &#8211; 5.99<\/span><\/td>\n<\/tr>\n<tr>\n<td height=\"17\"><span style=\"font-family: Arial CE; font-size: small;\">EFG-V 16\/20<\/span><\/td>\n<td><span style=\"font-family: Arial CE; font-size: small;\">6.99 &#8211; 2.02<\/span><\/td>\n<\/tr>\n<tr>\n<td height=\"17\"><span style=\"font-family: Arial CE; font-size: small;\">EFG-V 16\/20<\/span><\/td>\n<td><span style=\"font-family: Arial CE; font-size: small;\">3.95 &#8211; 11.95<\/span><\/td>\n<\/tr>\n<tr>\n<td height=\"17\"><span style=\"font-family: Arial CE; font-size: small;\">EFG-V 20L-30<\/span><\/td>\n<td><span style=\"font-family: Arial CE; font-size: small;\">7.95 &#8211;<\/span><\/td>\n<\/tr>\n<tr>\n<td height=\"17\"><span style=\"font-family: Arial CE; font-size: small;\">EFG-VAC 16\/20<\/span><\/td>\n<td><span style=\"font-family: Arial CE; font-size: small;\">8.99 &#8211;<\/span><\/td>\n<\/tr>\n<tr>\n<td height=\"17\"><span style=\"font-family: Arial CE; font-size: small;\">EFG-VAC 25\/30<\/span><\/td>\n<td><span style=\"font-family: Arial CE; font-size: small;\">5.97 &#8211; 12.01<\/span><\/td>\n<\/tr>\n<tr>\n<td height=\"17\"><span style=\"font-family: Arial CE; font-size: small;\">EFX 100\/125<\/span><\/td>\n<td><span style=\"font-family: Arial CE; font-size: small;\">6.97 &#8211; 12.03<\/span><\/td>\n<\/tr>\n<tr>\n<td height=\"17\"><span style=\"font-family: Arial CE; font-size: small;\">EFX 410\/413 S\/F I<\/span><\/td>\n<td><span style=\"font-family: Arial CE; font-size: small;\">10.04 &#8211;<\/span><\/td>\n<\/tr>\n<tr>\n<td height=\"17\"><span style=\"font-family: Arial CE; font-size: small;\">EFXac 100 IF<\/span><\/td>\n<td><span style=\"font-family: Arial CE; font-size: small;\">7.02 &#8211; 9.04<\/span><\/td>\n<\/tr>\n<tr>\n<td height=\"17\"><span style=\"font-family: Arial CE; font-size: small;\">EFXac 100 SF<\/span><\/td>\n<td><span style=\"font-family: Arial CE; font-size: small;\">7.02 &#8211; 9.04<\/span><\/td>\n<\/tr>\n<tr>\n<td height=\"17\"><span style=\"font-family: Arial CE; font-size: small;\">EFXac 125 IF<\/span><\/td>\n<td><span style=\"font-family: Arial CE; font-size: small;\">7.02 &#8211; 9.04<\/span><\/td>\n<\/tr>\n<tr>\n<td height=\"17\"><span style=\"font-family: Arial CE; font-size: small;\">EP 40 MP<\/span><\/td>\n<td><span style=\"font-family: Arial CE; font-size: small;\">11.09 &#8211;<\/span><\/td>\n<\/tr>\n<tr>\n<td height=\"17\"><span style=\"font-family: Arial CE; font-size: small;\">EP 45N (CAT)<\/span><\/td>\n<td><span style=\"font-family: Arial CE; font-size: small;\">4.05 &#8211; 11.09<\/span><\/td>\n<\/tr>\n<tr>\n<td height=\"17\"><span style=\"font-family: Arial CE; font-size: small;\">ERP 16-20<\/span><\/td>\n<td><span style=\"font-family: Arial CE; font-size: small;\">6.95 &#8211; 7.98<\/span><\/td>\n<\/tr>\n<tr>\n<td height=\"17\"><span style=\"font-family: Arial CE; font-size: small;\">ETX 125\/150<\/span><\/td>\n<td><span style=\"font-family: Arial CE; font-size: small;\">8.95 &#8211; 12.00<\/span><\/td>\n<\/tr>\n<tr>\n<td height=\"17\"><span style=\"font-family: Arial CE; font-size: small;\">ETX 513\/515 S\/F I \/ S*<\/span><\/td>\n<td><span style=\"font-family: Arial CE; font-size: small;\">10.04 &#8211;<\/span><\/td>\n<\/tr>\n<tr>\n<td height=\"17\"><span style=\"font-family: Arial CE; font-size: small;\">ETX AC 125<\/span><\/td>\n<td><span style=\"font-family: Arial CE; font-size: small;\">1.01 &#8211; 9.04<\/span><\/td>\n<\/tr>\n<tr>\n<td height=\"17\"><span style=\"font-family: Arial CE; font-size: small;\">ETX AC 125IF<\/span><\/td>\n<td><span style=\"font-family: Arial CE; font-size: small;\">1.01 &#8211; 9.04<\/span><\/td>\n<\/tr>\n<tr>\n<td height=\"17\"><span style=\"font-family: Arial CE; font-size: small;\">ETX AC 150 \/ AC 150 KH<\/span><\/td>\n<td><span style=\"font-family: Arial CE; font-size: small;\">1.01 &#8211; 9.04<\/span><\/td>\n<\/tr>\n<tr>\n<td height=\"17\"><span style=\"font-family: Arial CE; font-size: small;\">ETX AC 150 SX<\/span><\/td>\n<td><span style=\"font-family: Arial CE; font-size: small;\">1.01 &#8211; 9.04<\/span><\/td>\n<\/tr>\n<tr>\n<td height=\"17\"><span style=\"font-family: Arial CE; font-size: small;\">FB 10-15 MK 5 (KOM)<\/span><\/td>\n<td><span style=\"font-family: Arial CE; font-size: small;\">6.95 &#8211; 4.96<\/span><\/td>\n<\/tr>\n<tr>\n<td height=\"17\"><span style=\"font-family: Arial CE; font-size: small;\">FB 10-15 MK 6 (KOM)<\/span><\/td>\n<td><span style=\"font-family: Arial CE; font-size: small;\">4.96 &#8211; 3.01<\/span><\/td>\n<\/tr>\n<tr>\n<td height=\"17\"><span style=\"font-family: Arial CE; font-size: small;\">FB 13-20 (KOM)<\/span><\/td>\n<td><span style=\"font-family: Arial CE; font-size: small;\">4.98 &#8211; 3.01<\/span><\/td>\n<\/tr>\n<tr>\n<td height=\"17\"><span style=\"font-family: Arial CE; font-size: small;\">FB 40-50<\/span><\/td>\n<td><span style=\"font-family: Arial CE; font-size: small;\">4.05 &#8211;<\/span><\/td>\n<\/tr>\n<tr>\n<td height=\"17\"><span style=\"font-family: Arial CE; font-size: small;\">JE 10-15 MK 5 (STB)<\/span><\/td>\n<td><span style=\"font-family: Arial CE; font-size: small;\">1.93 &#8211; 5.96<\/span><\/td>\n<\/tr>\n<tr>\n<td height=\"17\"><span style=\"font-family: Arial CE; font-size: small;\">JE 10-15 MK 6 (STB)<\/span><\/td>\n<td><span style=\"font-family: Arial CE; font-size: small;\">3.96 &#8211;<\/span><\/td>\n<\/tr>\n<tr>\n<td height=\"17\"><span style=\"font-family: Arial CE; font-size: small;\">JE ac 10-15<\/span><\/td>\n<td><span style=\"font-family: Arial CE; font-size: small;\">11.04 &#8211; 1.08<\/span><\/td>\n<\/tr>\n<tr>\n<td height=\"17\"><span style=\"font-family: Arial CE; font-size: small;\">KE 16 &#8211; 20<\/span><\/td>\n<td><span style=\"font-family: Arial CE; font-size: small;\">8.04 &#8211;<\/span><\/td>\n<\/tr>\n<tr>\n<td height=\"17\"><span style=\"font-family: Arial CE; font-size: small;\">KE 16-20 ac-system MK 7 (STB)<\/span><\/td>\n<td><span style=\"font-family: Arial CE; font-size: small;\">3.99 &#8211;<\/span><\/td>\n<\/tr>\n<tr>\n<td height=\"17\"><span style=\"font-family: Arial CE; font-size: small;\">KE 16-20 MK 5\/6 (STB)<\/span><\/td>\n<td><span style=\"font-family: Arial CE; font-size: small;\">8.93 &#8211; 5.98<\/span><\/td>\n<\/tr>\n<tr>\n<td height=\"17\"><span style=\"font-family: Arial CE; font-size: small;\">KE 16-20 MK 7 (STB)<\/span><\/td>\n<td><span style=\"font-family: Arial CE; font-size: small;\">3.98 &#8211;<\/span><\/td>\n<\/tr>\n<tr>\n<td height=\"17\"><span style=\"font-family: Arial CE; font-size: small;\">LE 13 &#8211; 20<\/span><\/td>\n<td><span style=\"font-family: Arial CE; font-size: small;\">8.04 &#8211;<\/span><\/td>\n<\/tr>\n<tr>\n<td height=\"17\"><span style=\"font-family: Arial CE; font-size: small;\">LE 13-20 MK 5\/6 (STB)<\/span><\/td>\n<td><span style=\"font-family: Arial CE; font-size: small;\">10.96 &#8211; 5.98<\/span><\/td>\n<\/tr>\n<tr>\n<td height=\"17\"><span style=\"font-family: Arial CE; font-size: small;\">LE 13-20 MK 7 (STB)<\/span><\/td>\n<td><span style=\"font-family: Arial CE; font-size: small;\">3.98 &#8211;<\/span><\/td>\n<\/tr>\n<tr>\n<td height=\"17\"><span style=\"font-family: Arial CE; font-size: small;\">PE 16 MK 5 (STB)<\/span><\/td>\n<td><span style=\"font-family: Arial CE; font-size: small;\">9.93 &#8211; 5.96<\/span><\/td>\n<\/tr>\n<tr>\n<td height=\"17\"><span style=\"font-family: Arial CE; font-size: small;\">PE 20-30 MK 6 (STB)<\/span><\/td>\n<td><span style=\"font-family: Arial CE; font-size: small;\">5.93 &#8211; 3.01<\/span><\/td>\n<\/tr>\n<tr>\n<td height=\"17\"><span style=\"font-family: Arial CE; font-size: small;\">PE 22-30 MK 7 (STB)<\/span><\/td>\n<td><span style=\"font-family: Arial CE; font-size: small;\">1.01 &#8211;<\/span><\/td>\n<\/tr>\n<tr>\n<td height=\"17\"><span style=\"font-family: Arial CE; font-size: small;\">PE-D 25-30 MK 5 (STB)<\/span><\/td>\n<td><span style=\"font-family: Arial CE; font-size: small;\">9.96 &#8211; 5.01<\/span><\/td>\n<\/tr>\n<tr>\n<td height=\"17\"><span style=\"font-family: Arial CE; font-size: small;\">WD 10-12 MK 3 (STB)<\/span><\/td>\n<td><span style=\"font-family: Arial CE; font-size: small;\">4.93 &#8211; 12.98<\/span><\/td>\n<\/tr>\n<tr>\n<td height=\"17\"><span style=\"font-family: Arial CE; font-size: small;\">WD 13-15 MK 4 (STB)<\/span><\/td>\n<td><span style=\"font-family: Arial CE; font-size: small;\">2.01 &#8211; 12.04<\/span><\/td>\n<\/tr>\n<tr>\n<td height=\"17\"><span style=\"font-family: Arial CE; font-size: small;\">WD 15 MK 3 (STB)<\/span><\/td>\n<td><span style=\"font-family: Arial CE; font-size: small;\">8.94 &#8211; 3.01<\/span><\/td>\n<\/tr>\n<tr>\n<td height=\"17\"><span style=\"font-family: Arial CE; font-size: small;\">WM 10-13 MK 2 (STB)<\/span><\/td>\n<td><span style=\"font-family: Arial CE; font-size: small;\">6.94 &#8211; 12.02<\/span><\/td>\n<\/tr>\n<\/tbody>\n<\/table>","protected":false},"excerpt":{"rendered":"<p data-start=\"151\" data-end=\"393\"><br data-start=\"156\" data-end=\"159\" \/>Jungheinrich EFG 320 forklift modeli i\u00e7in \u00f6zel olarak tasarlanm\u0131\u015f gaz pedal\u0131, operat\u00f6r\u00fcn h\u0131z kontrol\u00fcn\u00fc hassas ve konforlu \u015fekilde yapmas\u0131n\u0131 sa\u011flar. Dayan\u0131kl\u0131 malzemesi ile uzun \u00f6m\u00fcrl\u00fc kullan\u0131m sunar ve g\u00fcvenli s\u00fcr\u00fc\u015fe katk\u0131da bulunur.<\/p>\n<p data-start=\"395\" data-end=\"680\"><strong data-start=\"395\" data-end=\"410\">\u00d6zellikler:<\/strong><br data-start=\"410\" data-end=\"413\" \/><strong data-start=\"413\" data-end=\"426\">\u00dcr\u00fcn Ad\u0131:<\/strong> Jungheinrich EFG 320 Gaz Pedal\u0131<br data-start=\"458\" data-end=\"461\" \/><strong data-start=\"461\" data-end=\"476\">Par\u00e7a Kodu:<\/strong> 26915305, 4513630<br data-start=\"494\" data-end=\"497\" \/><strong data-start=\"497\" data-end=\"509\">Malzeme:<\/strong> Sa\u011flam plastik ve metal ala\u015f\u0131m<br data-start=\"540\" data-end=\"543\" \/><strong data-start=\"543\" data-end=\"562\">Kullan\u0131m Alan\u0131:<\/strong> Jungheinrich EFG 320 forklift h\u0131z kontrol sistemleri<br data-start=\"615\" data-end=\"618\" \/><strong data-start=\"618\" data-end=\"630\">Avantaj:<\/strong> Hassas kontrol, dayan\u0131kl\u0131 yap\u0131, konforlu kullan\u0131m<\/p>\n<p data-start=\"682\" data-end=\"903\">\n","protected":false},"featured_media":13969,"template":"","meta":[],"product_brand":[],"product_cat":[236,471,522],"product_tag":[],"class_list":{"0":"post-13968","1":"product","2":"type-product","3":"status-publish","4":"has-post-thumbnail","6":"product_cat-jungheinrich","7":"product_cat-joystick-pedal-yedek-parca","8":"product_cat-yedek-parca-jungheinrich","10":"first","11":"instock","12":"taxable","13":"shipping-taxable","14":"purchasable","15":"product-type-simple"},"_links":{"self":[{"href":"https:\/\/ceoparts.com\/tr\/wp-json\/wp\/v2\/product\/13968","targetHints":{"allow":["GET"]}}],"collection":[{"href":"https:\/\/ceoparts.com\/tr\/wp-json\/wp\/v2\/product"}],"about":[{"href":"https:\/\/ceoparts.com\/tr\/wp-json\/wp\/v2\/types\/product"}],"wp:featuredmedia":[{"embeddable":true,"href":"https:\/\/ceoparts.com\/tr\/wp-json\/wp\/v2\/media\/13969"}],"wp:attachment":[{"href":"https:\/\/ceoparts.com\/tr\/wp-json\/wp\/v2\/media?parent=13968"}],"wp:term":[{"taxonomy":"product_brand","embeddable":true,"href":"https:\/\/ceoparts.com\/tr\/wp-json\/wp\/v2\/product_brand?post=13968"},{"taxonomy":"product_cat","embeddable":true,"href":"https:\/\/ceoparts.com\/tr\/wp-json\/wp\/v2\/product_cat?post=13968"},{"taxonomy":"product_tag","embeddable":true,"href":"https:\/\/ceoparts.com\/tr\/wp-json\/wp\/v2\/product_tag?post=13968"}],"curies":[{"name":"wp","href":"https:\/\/api.w.org\/{rel}","templated":true}]}}