{"id":13975,"date":"2025-02-06T15:03:40","date_gmt":"2025-02-06T12:03:40","guid":{"rendered":"https:\/\/ceoparts.com\/?post_type=product&#038;p=13975"},"modified":"2026-05-16T15:28:36","modified_gmt":"2026-05-16T12:28:36","slug":"jungheinrich-switch-induct-approximation-50462522","status":"publish","type":"product","link":"https:\/\/ceoparts.com\/tr\/urun\/jungheinrich-switch-induct-approximation-50462522\/","title":{"rendered":"Jungheinrich Ind\u00fcktif Yakla\u015f\u0131m Anahtar\u0131 &#8211; 50462522"},"content":{"rendered":"<p>Jungheinrich Ind\u00fcktif Yakla\u015f\u0131m Anahtar\u0131 &#8211; 50462522<\/p>\n<p>Jungheinrich 50462522<\/p>\n<p>ETM\/V 214\/216\u00a012.03 &#8211; 10.12<br \/>\nETM\/V 320\/325\u00a012.04 &#8211; 2.14<br \/>\nETV 110\/112\u00a011.05 &#8211; 6.14<br \/>\nETV 114\/116\u00a011.05 &#8211; 12.11<br \/>\nETV C 16\u00a06.08 &#8211; 5.15<br \/>\nETV C 20\u00a06.08 &#8211; 4.15<br \/>\nETVQ 20\/25\u00a09.10 &#8211;<br \/>\nETM\/V 214\/216\u00a09.11 &#8211;<br \/>\nETM\/V 214\/216 (US)\u00a01.11 &#8211; 10.12<br \/>\nETV 110\/112 (US)\u00a01.11 &#8211; 6.14<br \/>\nETV 114\/116 (US)\u00a01.11 &#8211; 10.11<br \/>\nETV C 16 (US)\u00a01.11 &#8211; 5.15<br \/>\nETV C 20 (US)\u00a01.11 &#8211; 4.15<br \/>\nETM\/V 320\/325 (US)\u00a01.11 &#8211; 2.14<br \/>\nETVQ 20\/25 (US)\u00a01.11 &#8211;<br \/>\nETM\/V 214\/216 (US)\u00a09.11 &#8211;<br \/>\nETV 114n\/116n\u00a07.11 &#8211; 1.18<br \/>\nETM\/V 214-325 Cab\u00a09.11 &#8211;<br \/>\nETM\/V 214\/216 (CN)\u00a012.11 &#8211;<br \/>\nETV C 16 (CN)\u00a012.11 &#8211; 5.15<br \/>\nETV 110\/112 (CN)\u00a012.11 &#8211; 6.14<br \/>\nETV 114\/116 (CN)\u00a011.11 &#8211; 1.12<br \/>\nETM\/V 214\/216 (CN)\u00a012.11 &#8211; 10.12<br \/>\nETV C 20 (CN)\u00a012.11 &#8211; 4.15<br \/>\nETM\/V 320\/325 (CN)\u00a012.11 &#8211; 2.14<br \/>\nETVQ 20\/25 (CN)\u00a012.11 &#8211;<br \/>\nETM\/V 318-325\u00a010.13 &#8211;<br \/>\nETM\/V 318-325 (US)\u00a010.13 &#8211;<br \/>\nETM\/V 318-325 (CN)\u00a010.13 &#8211;<br \/>\nETV 110\/112\u00a05.14 &#8211;<br \/>\nETV 110\/112 (US)\u00a05.14 &#8211;<br \/>\nETV 110\/112 (CN)\u00a05.14 &#8211;<br \/>\nEmpilhadores de mastro retr\u00e1ctil\u00a07.13 &#8211;<br \/>\nETV C 16\/20\u00a03.15 &#8211;<br \/>\nETV C 16\/20 (US)\u00a03.15 &#8211;<br \/>\nETV C 16\/20 (CN)\u00a03.15 &#8211;<br \/>\nETV 118n\/ 120n\u00a01.14 &#8211; 1.18<br \/>\nETV-Q 20-25\u00a01.17 &#8211;<br \/>\nETV-Q 20-25 (US)\u00a01.17 &#8211;<br \/>\nETV-Q 20-25 (CN)\u00a01.17 &#8211;<br \/>\nETV 114n\/116n\u00a01.18 &#8211; 3.23<br \/>\nETV 118n\/ 120n\u00a01.18 &#8211; 3.23<br \/>\nETV 116n HELI\u00a05.17 &#8211; 3.23<br \/>\nETV 120n HELI\u00a05.17 &#8211; 3.23<br \/>\nET 214-216 2021\u00a02.22 &#8211;<br \/>\nET 214-216 2021 (US)\u00a02.22 &#8211;<br \/>\nET 214-216 2021 (CN)\u00a02.22 &#8211;<br \/>\nET 210-212 2021\u00a02.22 &#8211;<br \/>\nET 210-212 2021 (CN)\u00a02.22 &#8211;<br \/>\nETV C20 2021\u00a02.22 &#8211;<br \/>\nETV C16 2021 (CN)\u00a02.22 &#8211;<br \/>\nETV Q20\/Q25\u00a08.22 &#8211;<br \/>\nETV Q20\/Q25 (CN)\u00a08.22 &#8211;<br \/>\nETV Q20\/Q25 (US)\u00a08.22 &#8211;<\/p>","protected":false},"excerpt":{"rendered":"<p data-start=\"161\" data-end=\"397\"><br data-start=\"166\" data-end=\"169\" \/>Jungheinrich forkliftler i\u00e7in tasarlanm\u0131\u015f ind\u00fcktif yakla\u015f\u0131m anahtar\u0131, metal nesnelerin temass\u0131z alg\u0131lanmas\u0131n\u0131 sa\u011flar. Dayan\u0131kl\u0131 yap\u0131s\u0131 ve hassas \u00e7al\u0131\u015fma prensibiyle forklift kontrol sistemlerinde g\u00fcvenli ve etkin kullan\u0131m sunar.<\/p>\n<p data-start=\"399\" data-end=\"674\"><strong data-start=\"399\" data-end=\"414\">\u00d6zellikler:<\/strong><br data-start=\"414\" data-end=\"417\" \/><strong data-start=\"417\" data-end=\"430\">\u00dcr\u00fcn Ad\u0131:<\/strong> Jungheinrich Ind\u00fcktif Yakla\u015f\u0131m Anahtar\u0131<br data-start=\"470\" data-end=\"473\" \/><strong data-start=\"473\" data-end=\"488\">Par\u00e7a Kodu:<\/strong> 50462522<br data-start=\"497\" data-end=\"500\" \/><strong data-start=\"500\" data-end=\"512\">Malzeme:<\/strong> Metal ve elektronik bile\u015fenler<br data-start=\"543\" data-end=\"546\" \/><strong data-start=\"546\" data-end=\"565\">Kullan\u0131m Alan\u0131:<\/strong> Forklift kontrol ve otomasyon sistemleri<br data-start=\"606\" data-end=\"609\" \/><strong data-start=\"609\" data-end=\"621\">Avantaj:<\/strong> Temass\u0131z alg\u0131lama, y\u00fcksek hassasiyet, dayan\u0131kl\u0131 yap\u0131<\/p>\n<p data-start=\"676\" data-end=\"897\">\n","protected":false},"featured_media":13978,"template":"","meta":[],"product_brand":[],"product_cat":[236,469,522],"product_tag":[],"class_list":{"0":"post-13975","1":"product","2":"type-product","3":"status-publish","4":"has-post-thumbnail","6":"product_cat-jungheinrich","7":"product_cat-elektrik-ve-sistem-parcalari","8":"product_cat-yedek-parca-jungheinrich","10":"first","11":"instock","12":"taxable","13":"shipping-taxable","14":"purchasable","15":"product-type-simple"},"_links":{"self":[{"href":"https:\/\/ceoparts.com\/tr\/wp-json\/wp\/v2\/product\/13975","targetHints":{"allow":["GET"]}}],"collection":[{"href":"https:\/\/ceoparts.com\/tr\/wp-json\/wp\/v2\/product"}],"about":[{"href":"https:\/\/ceoparts.com\/tr\/wp-json\/wp\/v2\/types\/product"}],"wp:featuredmedia":[{"embeddable":true,"href":"https:\/\/ceoparts.com\/tr\/wp-json\/wp\/v2\/media\/13978"}],"wp:attachment":[{"href":"https:\/\/ceoparts.com\/tr\/wp-json\/wp\/v2\/media?parent=13975"}],"wp:term":[{"taxonomy":"product_brand","embeddable":true,"href":"https:\/\/ceoparts.com\/tr\/wp-json\/wp\/v2\/product_brand?post=13975"},{"taxonomy":"product_cat","embeddable":true,"href":"https:\/\/ceoparts.com\/tr\/wp-json\/wp\/v2\/product_cat?post=13975"},{"taxonomy":"product_tag","embeddable":true,"href":"https:\/\/ceoparts.com\/tr\/wp-json\/wp\/v2\/product_tag?post=13975"}],"curies":[{"name":"wp","href":"https:\/\/api.w.org\/{rel}","templated":true}]}}