{"id":13984,"date":"2025-02-06T15:24:35","date_gmt":"2025-02-06T12:24:35","guid":{"rendered":"https:\/\/ceoparts.com\/?post_type=product&#038;p=13984"},"modified":"2026-05-16T18:40:35","modified_gmt":"2026-05-16T15:40:35","slug":"jungheinrich-gaz-pedali-51884495-51706553","status":"publish","type":"product","link":"https:\/\/ceoparts.com\/tr\/urun\/jungheinrich-gaz-pedali-51884495-51706553\/","title":{"rendered":"Jungheinrich Gaz Pedal\u0131 \u2013 51884495 , 51706553"},"content":{"rendered":"<p>Jungheinrich Gaz Pedal\u0131 \u2013 51884495 , 51706553<\/p>","protected":false},"excerpt":{"rendered":"<p data-start=\"136\" data-end=\"360\"><br data-start=\"141\" data-end=\"144\" \/>Jungheinrich forklift modelleri i\u00e7in \u00fcretilen gaz pedal\u0131, operat\u00f6r\u00fcn h\u0131z kontrol\u00fcn\u00fc hassas ve konforlu \u015fekilde yapmas\u0131n\u0131 sa\u011flar. Dayan\u0131kl\u0131 malzeme yap\u0131s\u0131 ile uzun \u00f6m\u00fcrl\u00fc kullan\u0131m sunar ve g\u00fcvenli s\u00fcr\u00fc\u015fe katk\u0131 sa\u011flar.<\/p>\n<p data-start=\"362\" data-end=\"632\"><strong data-start=\"362\" data-end=\"377\">\u00d6zellikler:<\/strong><br data-start=\"377\" data-end=\"380\" \/><strong data-start=\"380\" data-end=\"393\">\u00dcr\u00fcn Ad\u0131:<\/strong> Jungheinrich Gaz Pedal\u0131<br data-start=\"417\" data-end=\"420\" \/><strong data-start=\"420\" data-end=\"435\">Par\u00e7a Kodu:<\/strong> 51884495, 51706553<br data-start=\"454\" data-end=\"457\" \/><strong data-start=\"457\" data-end=\"469\">Malzeme:<\/strong> Sa\u011flam plastik ve metal ala\u015f\u0131m<br data-start=\"500\" data-end=\"503\" \/><strong data-start=\"503\" data-end=\"522\">Kullan\u0131m Alan\u0131:<\/strong> Jungheinrich forklift h\u0131z kontrol sistemleri<br data-start=\"567\" data-end=\"570\" \/><strong data-start=\"570\" data-end=\"582\">Avantaj:<\/strong> Hassas kontrol, dayan\u0131kl\u0131 yap\u0131, konforlu kullan\u0131m<\/p>\n<p data-start=\"634\" data-end=\"853\">\n","protected":false},"featured_media":13987,"template":"","meta":[],"product_brand":[],"product_cat":[236,471,522],"product_tag":[],"class_list":{"0":"post-13984","1":"product","2":"type-product","3":"status-publish","4":"has-post-thumbnail","6":"product_cat-jungheinrich","7":"product_cat-joystick-pedal-yedek-parca","8":"product_cat-yedek-parca-jungheinrich","10":"first","11":"instock","12":"taxable","13":"shipping-taxable","14":"purchasable","15":"product-type-simple"},"_links":{"self":[{"href":"https:\/\/ceoparts.com\/tr\/wp-json\/wp\/v2\/product\/13984","targetHints":{"allow":["GET"]}}],"collection":[{"href":"https:\/\/ceoparts.com\/tr\/wp-json\/wp\/v2\/product"}],"about":[{"href":"https:\/\/ceoparts.com\/tr\/wp-json\/wp\/v2\/types\/product"}],"wp:featuredmedia":[{"embeddable":true,"href":"https:\/\/ceoparts.com\/tr\/wp-json\/wp\/v2\/media\/13987"}],"wp:attachment":[{"href":"https:\/\/ceoparts.com\/tr\/wp-json\/wp\/v2\/media?parent=13984"}],"wp:term":[{"taxonomy":"product_brand","embeddable":true,"href":"https:\/\/ceoparts.com\/tr\/wp-json\/wp\/v2\/product_brand?post=13984"},{"taxonomy":"product_cat","embeddable":true,"href":"https:\/\/ceoparts.com\/tr\/wp-json\/wp\/v2\/product_cat?post=13984"},{"taxonomy":"product_tag","embeddable":true,"href":"https:\/\/ceoparts.com\/tr\/wp-json\/wp\/v2\/product_tag?post=13984"}],"curies":[{"name":"wp","href":"https:\/\/api.w.org\/{rel}","templated":true}]}}