{"id":13990,"date":"2025-02-06T15:36:57","date_gmt":"2025-02-06T12:36:57","guid":{"rendered":"https:\/\/ceoparts.com\/?post_type=product&#038;p=13990"},"modified":"2026-05-16T10:52:42","modified_gmt":"2026-05-16T07:52:42","slug":"linde-l16-cekme-kolu-1173-3095406754","status":"publish","type":"product","link":"https:\/\/ceoparts.com\/tr\/urun\/linde-l16-cekme-kolu-1173-3095406754\/","title":{"rendered":"Linde L16 \u00c7ekme Kolu -1173 &#8211; 3095406754"},"content":{"rendered":"<p>Linde L16 \u00c7ekme Kolu -1173 &#8211; 3095406754<\/p>","protected":false},"excerpt":{"rendered":"<p data-start=\"134\" data-end=\"356\"><br data-start=\"139\" data-end=\"142\" \/>Linde L16 forklift modeli i\u00e7in \u00fcretilen 1173 numaral\u0131 \u00e7ekme kolu, operat\u00f6r\u00fcn kolay ve konforlu y\u00f6nlendirme yapmas\u0131n\u0131 sa\u011flar. Sa\u011flam malzeme kalitesi ve ergonomik tasar\u0131m\u0131yla uzun \u00f6m\u00fcrl\u00fc ve g\u00fcvenilir kullan\u0131m sunar.<\/p>\n<p data-start=\"358\" data-end=\"609\"><strong data-start=\"358\" data-end=\"373\">\u00d6zellikler:<\/strong><br data-start=\"373\" data-end=\"376\" \/><strong data-start=\"376\" data-end=\"389\">\u00dcr\u00fcn Ad\u0131:<\/strong> Linde L16 \u00c7ekme Kolu -1173<br data-start=\"416\" data-end=\"419\" \/><strong data-start=\"419\" data-end=\"434\">Par\u00e7a Kodu:<\/strong> 3095406754<br data-start=\"445\" data-end=\"448\" \/><strong data-start=\"448\" data-end=\"460\">Malzeme:<\/strong> Dayan\u0131kl\u0131 metal ala\u015f\u0131m\u0131<br data-start=\"484\" data-end=\"487\" \/><strong data-start=\"487\" data-end=\"506\">Kullan\u0131m Alan\u0131:<\/strong> Linde L16 forklift kumanda sistemleri<br data-start=\"544\" data-end=\"547\" \/><strong data-start=\"547\" data-end=\"559\">Avantaj:<\/strong> Ergonomik tasar\u0131m, dayan\u0131kl\u0131 yap\u0131, kolay kullan\u0131m<\/p>\n<p data-start=\"611\" data-end=\"832\">\n","protected":false},"featured_media":13991,"template":"","meta":[],"product_brand":[],"product_cat":[246,450,523],"product_tag":[],"class_list":{"0":"post-13990","1":"product","2":"type-product","3":"status-publish","4":"has-post-thumbnail","6":"product_cat-linde","7":"product_cat-direksiyon-sistemleri","8":"product_cat-yedek-parca-linde","10":"first","11":"instock","12":"taxable","13":"shipping-taxable","14":"purchasable","15":"product-type-simple"},"_links":{"self":[{"href":"https:\/\/ceoparts.com\/tr\/wp-json\/wp\/v2\/product\/13990","targetHints":{"allow":["GET"]}}],"collection":[{"href":"https:\/\/ceoparts.com\/tr\/wp-json\/wp\/v2\/product"}],"about":[{"href":"https:\/\/ceoparts.com\/tr\/wp-json\/wp\/v2\/types\/product"}],"wp:featuredmedia":[{"embeddable":true,"href":"https:\/\/ceoparts.com\/tr\/wp-json\/wp\/v2\/media\/13991"}],"wp:attachment":[{"href":"https:\/\/ceoparts.com\/tr\/wp-json\/wp\/v2\/media?parent=13990"}],"wp:term":[{"taxonomy":"product_brand","embeddable":true,"href":"https:\/\/ceoparts.com\/tr\/wp-json\/wp\/v2\/product_brand?post=13990"},{"taxonomy":"product_cat","embeddable":true,"href":"https:\/\/ceoparts.com\/tr\/wp-json\/wp\/v2\/product_cat?post=13990"},{"taxonomy":"product_tag","embeddable":true,"href":"https:\/\/ceoparts.com\/tr\/wp-json\/wp\/v2\/product_tag?post=13990"}],"curies":[{"name":"wp","href":"https:\/\/api.w.org\/{rel}","templated":true}]}}