{"id":14005,"date":"2025-02-06T16:26:25","date_gmt":"2025-02-06T13:26:25","guid":{"rendered":"https:\/\/ceoparts.com\/?post_type=product&#038;p=14005"},"modified":"2026-05-16T12:50:31","modified_gmt":"2026-05-16T09:50:31","slug":"linde-motor-komur-seti-0009718214","status":"publish","type":"product","link":"https:\/\/ceoparts.com\/tr\/urun\/linde-motor-komur-seti-0009718214\/","title":{"rendered":"Linde Motor K\u00f6m\u00fcr Seti &#8211; 0009718214"},"content":{"rendered":"<p>Linde Motor K\u00f6m\u00fcr Seti &#8211; 0009718214<\/p>","protected":false},"excerpt":{"rendered":"<p data-start=\"126\" data-end=\"374\"><br data-start=\"131\" data-end=\"134\" \/>Linde forklift motorlar\u0131 i\u00e7in \u00f6zel olarak tasarlanm\u0131\u015f motor k\u00f6m\u00fcr seti, elektrik motorunun verimli ve kesintisiz \u00e7al\u0131\u015fmas\u0131n\u0131 sa\u011flar. Y\u00fcksek kaliteli karbon malzemeden \u00fcretilmi\u015f olup, uzun \u00f6m\u00fcrl\u00fc performans sunar ve motor a\u015f\u0131nmas\u0131n\u0131 azalt\u0131r.<\/p>\n<p data-start=\"376\" data-end=\"624\"><strong data-start=\"376\" data-end=\"391\">\u00d6zellikler:<\/strong><br data-start=\"391\" data-end=\"394\" \/><strong data-start=\"394\" data-end=\"407\">\u00dcr\u00fcn Ad\u0131:<\/strong> Linde Motor K\u00f6m\u00fcr Seti<br data-start=\"430\" data-end=\"433\" \/><strong data-start=\"433\" data-end=\"448\">Par\u00e7a Kodu:<\/strong> 0009718214<br data-start=\"459\" data-end=\"462\" \/><strong data-start=\"462\" data-end=\"474\">Malzeme:<\/strong> Y\u00fcksek kaliteli karbon<br data-start=\"497\" data-end=\"500\" \/><strong data-start=\"500\" data-end=\"519\">Kullan\u0131m Alan\u0131:<\/strong> Linde forklift elektrik motorlar\u0131<br data-start=\"553\" data-end=\"556\" \/><strong data-start=\"556\" data-end=\"568\">Avantaj:<\/strong> Uzun \u00f6m\u00fcrl\u00fc kullan\u0131m, y\u00fcksek iletkenlik, motor korumas\u0131<\/p>\n<p data-start=\"626\" data-end=\"858\">\n","protected":false},"featured_media":14006,"template":"","meta":[],"product_brand":[],"product_cat":[523,246,441,470],"product_tag":[],"class_list":{"0":"post-14005","1":"product","2":"type-product","3":"status-publish","4":"has-post-thumbnail","6":"product_cat-yedek-parca-linde","7":"product_cat-linde","8":"product_cat-yedek-parca","9":"product_cat-diger-yedek-parcalar","11":"first","12":"instock","13":"taxable","14":"shipping-taxable","15":"purchasable","16":"product-type-simple"},"_links":{"self":[{"href":"https:\/\/ceoparts.com\/tr\/wp-json\/wp\/v2\/product\/14005","targetHints":{"allow":["GET"]}}],"collection":[{"href":"https:\/\/ceoparts.com\/tr\/wp-json\/wp\/v2\/product"}],"about":[{"href":"https:\/\/ceoparts.com\/tr\/wp-json\/wp\/v2\/types\/product"}],"wp:featuredmedia":[{"embeddable":true,"href":"https:\/\/ceoparts.com\/tr\/wp-json\/wp\/v2\/media\/14006"}],"wp:attachment":[{"href":"https:\/\/ceoparts.com\/tr\/wp-json\/wp\/v2\/media?parent=14005"}],"wp:term":[{"taxonomy":"product_brand","embeddable":true,"href":"https:\/\/ceoparts.com\/tr\/wp-json\/wp\/v2\/product_brand?post=14005"},{"taxonomy":"product_cat","embeddable":true,"href":"https:\/\/ceoparts.com\/tr\/wp-json\/wp\/v2\/product_cat?post=14005"},{"taxonomy":"product_tag","embeddable":true,"href":"https:\/\/ceoparts.com\/tr\/wp-json\/wp\/v2\/product_tag?post=14005"}],"curies":[{"name":"wp","href":"https:\/\/api.w.org\/{rel}","templated":true}]}}