{"id":14009,"date":"2025-02-06T16:37:57","date_gmt":"2025-02-06T13:37:57","guid":{"rendered":"https:\/\/ceoparts.com\/?post_type=product&#038;p=14009"},"modified":"2026-05-16T14:57:49","modified_gmt":"2026-05-16T11:57:49","slug":"kece","status":"publish","type":"product","link":"https:\/\/ceoparts.com\/tr\/urun\/kece\/","title":{"rendered":"Ke\u00e7e"},"content":{"rendered":"<p>Ke\u00e7e<\/p>","protected":false},"excerpt":{"rendered":"<p data-start=\"90\" data-end=\"322\"><br data-start=\"95\" data-end=\"98\" \/>Forklift ve i\u015f makinelerinde yayg\u0131n olarak kullan\u0131lan ke\u00e7e, makine par\u00e7alar\u0131n\u0131n ya\u011f s\u0131zd\u0131rmazl\u0131\u011f\u0131n\u0131 sa\u011flar ve toz ile kir giri\u015fini \u00f6nler. Esnek ve dayan\u0131kl\u0131 yap\u0131s\u0131yla makine performans\u0131n\u0131 art\u0131r\u0131r ve par\u00e7alar\u0131n \u00f6mr\u00fcn\u00fc uzat\u0131r.<\/p>\n<p data-start=\"324\" data-end=\"601\"><strong data-start=\"324\" data-end=\"339\">\u00d6zellikler:<\/strong><br data-start=\"339\" data-end=\"342\" \/><strong data-start=\"342\" data-end=\"355\">\u00dcr\u00fcn Ad\u0131:<\/strong> Ke\u00e7e<br data-start=\"360\" data-end=\"363\" \/><strong data-start=\"363\" data-end=\"378\">Par\u00e7a Kodu:<\/strong> \u2014<br data-start=\"380\" data-end=\"383\" \/><strong data-start=\"383\" data-end=\"395\">Malzeme:<\/strong> Y\u00fcksek kaliteli sentetik veya do\u011fal lifler<br data-start=\"438\" data-end=\"441\" \/><strong data-start=\"441\" data-end=\"460\">Kullan\u0131m Alan\u0131:<\/strong> Forklift, i\u015f makinesi ve mekanik sistemlerde s\u0131zd\u0131rmazl\u0131k ve koruma<br data-start=\"528\" data-end=\"531\" \/><strong data-start=\"531\" data-end=\"543\">Avantaj:<\/strong> Esnek yap\u0131, dayan\u0131kl\u0131l\u0131k, y\u00fcksek s\u0131zd\u0131rmazl\u0131k performans\u0131<\/p>\n<p data-start=\"603\" data-end=\"832\">\n","protected":false},"featured_media":14011,"template":"","meta":[],"product_brand":[],"product_cat":[441,470],"product_tag":[],"class_list":{"0":"post-14009","1":"product","2":"type-product","3":"status-publish","4":"has-post-thumbnail","6":"product_cat-yedek-parca","7":"product_cat-diger-yedek-parcalar","9":"first","10":"instock","11":"taxable","12":"shipping-taxable","13":"purchasable","14":"product-type-simple"},"_links":{"self":[{"href":"https:\/\/ceoparts.com\/tr\/wp-json\/wp\/v2\/product\/14009","targetHints":{"allow":["GET"]}}],"collection":[{"href":"https:\/\/ceoparts.com\/tr\/wp-json\/wp\/v2\/product"}],"about":[{"href":"https:\/\/ceoparts.com\/tr\/wp-json\/wp\/v2\/types\/product"}],"wp:featuredmedia":[{"embeddable":true,"href":"https:\/\/ceoparts.com\/tr\/wp-json\/wp\/v2\/media\/14011"}],"wp:attachment":[{"href":"https:\/\/ceoparts.com\/tr\/wp-json\/wp\/v2\/media?parent=14009"}],"wp:term":[{"taxonomy":"product_brand","embeddable":true,"href":"https:\/\/ceoparts.com\/tr\/wp-json\/wp\/v2\/product_brand?post=14009"},{"taxonomy":"product_cat","embeddable":true,"href":"https:\/\/ceoparts.com\/tr\/wp-json\/wp\/v2\/product_cat?post=14009"},{"taxonomy":"product_tag","embeddable":true,"href":"https:\/\/ceoparts.com\/tr\/wp-json\/wp\/v2\/product_tag?post=14009"}],"curies":[{"name":"wp","href":"https:\/\/api.w.org\/{rel}","templated":true}]}}