{"id":14012,"date":"2025-02-06T17:56:40","date_gmt":"2025-02-06T14:56:40","guid":{"rendered":"https:\/\/ceoparts.com\/?post_type=product&#038;p=14012"},"modified":"2026-05-16T11:44:10","modified_gmt":"2026-05-16T08:44:10","slug":"linde-tesisat-kablosu-l14-372-serisi-3093810393","status":"publish","type":"product","link":"https:\/\/ceoparts.com\/tr\/urun\/linde-tesisat-kablosu-l14-372-serisi-3093810393\/","title":{"rendered":"Linde Tesisat Kablosu L14 372 Serisi &#8211; 3093810393"},"content":{"rendered":"<p>Linde Tesisat Kablosu L14 372 Serisi &#8211; 3093810393<\/p>\n<p>E0048672 LINDE FORKL\u0130FT\u00a0 372 L14\/16\/L14AP\/L16AP\u00a03093810393&#8217;te<\/p>","protected":false},"excerpt":{"rendered":"<p data-start=\"156\" data-end=\"408\"><br data-start=\"161\" data-end=\"164\" \/>Linde forkliftlerin L14 372 serisi modelleri i\u00e7in \u00fcretilen tesisat kablosu, ara\u00e7 i\u00e7i elektrik ba\u011flant\u0131lar\u0131n\u0131n g\u00fcvenli ve sorunsuz \u00e7al\u0131\u015fmas\u0131n\u0131 sa\u011flar. Esnek ve dayan\u0131kl\u0131 yap\u0131s\u0131yla uzun \u00f6m\u00fcrl\u00fc kullan\u0131m sunar ve kablo hatlar\u0131nda kararl\u0131l\u0131k sa\u011flar.<\/p>\n<p data-start=\"410\" data-end=\"726\"><strong data-start=\"410\" data-end=\"425\">\u00d6zellikler:<\/strong><br data-start=\"425\" data-end=\"428\" \/><strong data-start=\"428\" data-end=\"441\">\u00dcr\u00fcn Ad\u0131:<\/strong> Linde Tesisat Kablosu L14 372 Serisi<br data-start=\"478\" data-end=\"481\" \/><strong data-start=\"481\" data-end=\"496\">Par\u00e7a Kodu:<\/strong> 3093810393<br data-start=\"507\" data-end=\"510\" \/><strong data-start=\"510\" data-end=\"522\">Malzeme:<\/strong> Y\u00fcksek kaliteli bak\u0131r iletken ve PVC d\u0131\u015f kaplama<br data-start=\"571\" data-end=\"574\" \/><strong data-start=\"574\" data-end=\"593\">Kullan\u0131m Alan\u0131:<\/strong> Linde L14 372 serisi forklift elektrik tesisat sistemleri<br data-start=\"651\" data-end=\"654\" \/><strong data-start=\"654\" data-end=\"666\">Avantaj:<\/strong> Dayan\u0131kl\u0131 yap\u0131, esnek kullan\u0131m, g\u00fc\u00e7l\u00fc iletkenlik, uzun \u00f6m\u00fcr<\/p>\n<p data-start=\"728\" data-end=\"972\">\n","protected":false},"featured_media":14014,"template":"","meta":[],"product_brand":[],"product_cat":[246,469,523],"product_tag":[],"class_list":{"0":"post-14012","1":"product","2":"type-product","3":"status-publish","4":"has-post-thumbnail","6":"product_cat-linde","7":"product_cat-elektrik-ve-sistem-parcalari","8":"product_cat-yedek-parca-linde","10":"first","11":"instock","12":"taxable","13":"shipping-taxable","14":"purchasable","15":"product-type-simple"},"_links":{"self":[{"href":"https:\/\/ceoparts.com\/tr\/wp-json\/wp\/v2\/product\/14012","targetHints":{"allow":["GET"]}}],"collection":[{"href":"https:\/\/ceoparts.com\/tr\/wp-json\/wp\/v2\/product"}],"about":[{"href":"https:\/\/ceoparts.com\/tr\/wp-json\/wp\/v2\/types\/product"}],"wp:featuredmedia":[{"embeddable":true,"href":"https:\/\/ceoparts.com\/tr\/wp-json\/wp\/v2\/media\/14014"}],"wp:attachment":[{"href":"https:\/\/ceoparts.com\/tr\/wp-json\/wp\/v2\/media?parent=14012"}],"wp:term":[{"taxonomy":"product_brand","embeddable":true,"href":"https:\/\/ceoparts.com\/tr\/wp-json\/wp\/v2\/product_brand?post=14012"},{"taxonomy":"product_cat","embeddable":true,"href":"https:\/\/ceoparts.com\/tr\/wp-json\/wp\/v2\/product_cat?post=14012"},{"taxonomy":"product_tag","embeddable":true,"href":"https:\/\/ceoparts.com\/tr\/wp-json\/wp\/v2\/product_tag?post=14012"}],"curies":[{"name":"wp","href":"https:\/\/api.w.org\/{rel}","templated":true}]}}