{"id":14026,"date":"2025-02-07T14:53:32","date_gmt":"2025-02-07T11:53:32","guid":{"rendered":"https:\/\/ceoparts.com\/?post_type=product&#038;p=14026"},"modified":"2026-05-16T17:34:19","modified_gmt":"2026-05-16T14:34:19","slug":"linde-axles-and-pim-h50d-02-1894461003","status":"publish","type":"product","link":"https:\/\/ceoparts.com\/tr\/urun\/linde-axles-and-pim-h50d-02-1894461003\/","title":{"rendered":"Linde Axles And Pim- H50D-02-1894461003"},"content":{"rendered":"<p>Linde Axles And Pim- H50D-02-1894461003<\/p>\n","protected":false},"excerpt":{"rendered":"<p data-start=\"128\" data-end=\"364\"><br data-start=\"133\" data-end=\"136\" \/>Linde H50D-02 forklift modeli i\u00e7in \u00f6zel olarak tasarlanan Axles And Pim seti, direksiyon ve hareket mekanizmas\u0131n\u0131n sa\u011flam ve g\u00fcvenli \u00e7al\u0131\u015fmas\u0131n\u0131 sa\u011flar. Y\u00fcksek kaliteli malzeme yap\u0131s\u0131yla uzun \u00f6m\u00fcrl\u00fc ve sorunsuz performans sunar.<\/p>\n<p data-start=\"366\" data-end=\"637\"><strong data-start=\"366\" data-end=\"381\">\u00d6zellikler:<\/strong><br data-start=\"381\" data-end=\"384\" \/><strong data-start=\"384\" data-end=\"397\">\u00dcr\u00fcn Ad\u0131:<\/strong> Linde Axles And Pim<br data-start=\"417\" data-end=\"420\" \/><strong data-start=\"420\" data-end=\"435\">Par\u00e7a Kodu:<\/strong> H50D-02-1894461003<br data-start=\"454\" data-end=\"457\" \/><strong data-start=\"457\" data-end=\"469\">Malzeme:<\/strong> Y\u00fcksek mukavemetli \u00e7elik<br data-start=\"494\" data-end=\"497\" \/><strong data-start=\"497\" data-end=\"516\">Kullan\u0131m Alan\u0131:<\/strong> Linde H50D-02 forklift aks ve pim sistemleri<br data-start=\"561\" data-end=\"564\" \/><strong data-start=\"564\" data-end=\"576\">Avantaj:<\/strong> Dayan\u0131kl\u0131 yap\u0131, uzun servis \u00f6mr\u00fc, y\u00fcksek hareket hassasiyeti<\/p>\n<p data-start=\"639\" data-end=\"884\">\n","protected":false},"featured_media":14030,"template":"","meta":[],"product_brand":[],"product_cat":[246,464,467,523],"product_tag":[],"class_list":{"0":"post-14026","1":"product","2":"type-product","3":"status-publish","4":"has-post-thumbnail","6":"product_cat-linde","7":"product_cat-burc-ve-mill-grubu","8":"product_cat-mil-grubu","9":"product_cat-yedek-parca-linde","11":"first","12":"instock","13":"taxable","14":"shipping-taxable","15":"purchasable","16":"product-type-simple"},"_links":{"self":[{"href":"https:\/\/ceoparts.com\/tr\/wp-json\/wp\/v2\/product\/14026","targetHints":{"allow":["GET"]}}],"collection":[{"href":"https:\/\/ceoparts.com\/tr\/wp-json\/wp\/v2\/product"}],"about":[{"href":"https:\/\/ceoparts.com\/tr\/wp-json\/wp\/v2\/types\/product"}],"wp:featuredmedia":[{"embeddable":true,"href":"https:\/\/ceoparts.com\/tr\/wp-json\/wp\/v2\/media\/14030"}],"wp:attachment":[{"href":"https:\/\/ceoparts.com\/tr\/wp-json\/wp\/v2\/media?parent=14026"}],"wp:term":[{"taxonomy":"product_brand","embeddable":true,"href":"https:\/\/ceoparts.com\/tr\/wp-json\/wp\/v2\/product_brand?post=14026"},{"taxonomy":"product_cat","embeddable":true,"href":"https:\/\/ceoparts.com\/tr\/wp-json\/wp\/v2\/product_cat?post=14026"},{"taxonomy":"product_tag","embeddable":true,"href":"https:\/\/ceoparts.com\/tr\/wp-json\/wp\/v2\/product_tag?post=14026"}],"curies":[{"name":"wp","href":"https:\/\/api.w.org\/{rel}","templated":true}]}}