{"id":14037,"date":"2025-02-07T15:21:54","date_gmt":"2025-02-07T12:21:54","guid":{"rendered":"https:\/\/ceoparts.com\/?post_type=product&#038;p=14037"},"modified":"2026-05-16T14:58:30","modified_gmt":"2026-05-16T11:58:30","slug":"linde-direksiyon-aksonu-sag-16024530310","status":"publish","type":"product","link":"https:\/\/ceoparts.com\/tr\/urun\/linde-direksiyon-aksonu-sag-16024530310\/","title":{"rendered":"Linde Direksiyon Aksonu Sa\u011f &#8211; 16024530310"},"content":{"rendered":"<p>Linde Direksiyon Aksonu Sa\u011f &#8211; 16024530310<\/p>\n<p>LINDE<br \/>\n388 E35,40,45,50,<br \/>\n392 H20,H25,<br \/>\n393 H25,H30,H35(RH) forklift<br \/>\n388\/392\/393<\/p>","protected":false},"excerpt":{"rendered":"<p data-start=\"144\" data-end=\"363\"><br data-start=\"149\" data-end=\"152\" \/>Linde forklift modelleri i\u00e7in tasarlanm\u0131\u015f sa\u011f direksiyon aksonu, direksiyon sisteminin dengeli ve g\u00fcvenli \u00e7al\u0131\u015fmas\u0131n\u0131 sa\u011flar. Y\u00fcksek mukavemetli \u00e7elikten \u00fcretilmi\u015f olup, uzun \u00f6m\u00fcrl\u00fc ve sorunsuz performans sunar.<\/p>\n<p data-start=\"365\" data-end=\"632\"><strong data-start=\"365\" data-end=\"380\">\u00d6zellikler:<\/strong><br data-start=\"380\" data-end=\"383\" \/><strong data-start=\"383\" data-end=\"396\">\u00dcr\u00fcn Ad\u0131:<\/strong> Linde Direksiyon Aksonu Sa\u011f<br data-start=\"424\" data-end=\"427\" \/><strong data-start=\"427\" data-end=\"442\">Par\u00e7a Kodu:<\/strong> 16024530310<br data-start=\"454\" data-end=\"457\" \/><strong data-start=\"457\" data-end=\"469\">Malzeme:<\/strong> Y\u00fcksek mukavemetli \u00e7elik<br data-start=\"494\" data-end=\"497\" \/><strong data-start=\"497\" data-end=\"516\">Kullan\u0131m Alan\u0131:<\/strong> Linde forklift direksiyon sistemleri<br data-start=\"553\" data-end=\"556\" \/><strong data-start=\"556\" data-end=\"568\">Avantaj:<\/strong> Dayan\u0131kl\u0131 yap\u0131, uzun servis \u00f6mr\u00fc, y\u00fcksek direksiyon hassasiyeti<\/p>\n<p data-start=\"634\" data-end=\"831\">\n","protected":false},"featured_media":14038,"template":"","meta":[],"product_brand":[],"product_cat":[246,450,523],"product_tag":[],"class_list":{"0":"post-14037","1":"product","2":"type-product","3":"status-publish","4":"has-post-thumbnail","6":"product_cat-linde","7":"product_cat-direksiyon-sistemleri","8":"product_cat-yedek-parca-linde","10":"first","11":"instock","12":"taxable","13":"shipping-taxable","14":"purchasable","15":"product-type-simple"},"_links":{"self":[{"href":"https:\/\/ceoparts.com\/tr\/wp-json\/wp\/v2\/product\/14037","targetHints":{"allow":["GET"]}}],"collection":[{"href":"https:\/\/ceoparts.com\/tr\/wp-json\/wp\/v2\/product"}],"about":[{"href":"https:\/\/ceoparts.com\/tr\/wp-json\/wp\/v2\/types\/product"}],"wp:featuredmedia":[{"embeddable":true,"href":"https:\/\/ceoparts.com\/tr\/wp-json\/wp\/v2\/media\/14038"}],"wp:attachment":[{"href":"https:\/\/ceoparts.com\/tr\/wp-json\/wp\/v2\/media?parent=14037"}],"wp:term":[{"taxonomy":"product_brand","embeddable":true,"href":"https:\/\/ceoparts.com\/tr\/wp-json\/wp\/v2\/product_brand?post=14037"},{"taxonomy":"product_cat","embeddable":true,"href":"https:\/\/ceoparts.com\/tr\/wp-json\/wp\/v2\/product_cat?post=14037"},{"taxonomy":"product_tag","embeddable":true,"href":"https:\/\/ceoparts.com\/tr\/wp-json\/wp\/v2\/product_tag?post=14037"}],"curies":[{"name":"wp","href":"https:\/\/api.w.org\/{rel}","templated":true}]}}