{"id":14041,"date":"2025-02-07T15:23:02","date_gmt":"2025-02-07T12:23:02","guid":{"rendered":"https:\/\/ceoparts.com\/?post_type=product&#038;p=14041"},"modified":"2026-05-16T21:10:58","modified_gmt":"2026-05-16T18:10:58","slug":"linde-direksiyon-aksonu-sol-16024530311","status":"publish","type":"product","link":"https:\/\/ceoparts.com\/tr\/urun\/linde-direksiyon-aksonu-sol-16024530311\/","title":{"rendered":"Linde Direksiyon Aksonu Sol &#8211; 16024530311"},"content":{"rendered":"<p>Linde Direksiyon Aksonu Sol &#8211; 16024530311<\/p>\n<p>LINDE<br \/>\n388 E35,40,45,50,<br \/>\n392 H20,H25,<br \/>\n393 H25,H30,H35(RH) forklift<br \/>\n388\/392\/393<\/p>","protected":false},"excerpt":{"rendered":"<p data-start=\"137\" data-end=\"360\"><br data-start=\"142\" data-end=\"145\" \/>Linde forklift modelleri i\u00e7in \u00f6zel olarak tasarlanm\u0131\u015f sol direksiyon aksonu, direksiyon sisteminin d\u00fczg\u00fcn ve g\u00fcvenli \u00e7al\u0131\u015fmas\u0131n\u0131 sa\u011flar. Sa\u011flam yap\u0131s\u0131 ve kaliteli i\u015f\u00e7ili\u011fi ile uzun \u00f6m\u00fcrl\u00fc ve sorunsuz kullan\u0131m sunar.<\/p>\n<p data-start=\"362\" data-end=\"626\"><strong data-start=\"362\" data-end=\"377\">\u00d6zellikler:<\/strong><br data-start=\"377\" data-end=\"380\" \/><strong data-start=\"380\" data-end=\"393\">\u00dcr\u00fcn Ad\u0131:<\/strong> Linde Direksiyon Aksonu Sol<br data-start=\"421\" data-end=\"424\" \/><strong data-start=\"424\" data-end=\"439\">Par\u00e7a Kodu:<\/strong> 16024530311<br data-start=\"451\" data-end=\"454\" \/><strong data-start=\"454\" data-end=\"466\">Malzeme:<\/strong> Y\u00fcksek mukavemetli \u00e7elik<br data-start=\"491\" data-end=\"494\" \/><strong data-start=\"494\" data-end=\"513\">Kullan\u0131m Alan\u0131:<\/strong> Linde forklift direksiyon sistemleri<br data-start=\"550\" data-end=\"553\" \/><strong data-start=\"553\" data-end=\"565\">Avantaj:<\/strong> Dayan\u0131kl\u0131 yap\u0131, uzun servis \u00f6mr\u00fc, hassas direksiyon kontrol\u00fc<\/p>\n<p data-start=\"628\" data-end=\"836\">\n","protected":false},"featured_media":14038,"template":"","meta":[],"product_brand":[],"product_cat":[246,450,523],"product_tag":[],"class_list":{"0":"post-14041","1":"product","2":"type-product","3":"status-publish","4":"has-post-thumbnail","6":"product_cat-linde","7":"product_cat-direksiyon-sistemleri","8":"product_cat-yedek-parca-linde","10":"first","11":"instock","12":"taxable","13":"shipping-taxable","14":"purchasable","15":"product-type-simple"},"_links":{"self":[{"href":"https:\/\/ceoparts.com\/tr\/wp-json\/wp\/v2\/product\/14041","targetHints":{"allow":["GET"]}}],"collection":[{"href":"https:\/\/ceoparts.com\/tr\/wp-json\/wp\/v2\/product"}],"about":[{"href":"https:\/\/ceoparts.com\/tr\/wp-json\/wp\/v2\/types\/product"}],"wp:featuredmedia":[{"embeddable":true,"href":"https:\/\/ceoparts.com\/tr\/wp-json\/wp\/v2\/media\/14038"}],"wp:attachment":[{"href":"https:\/\/ceoparts.com\/tr\/wp-json\/wp\/v2\/media?parent=14041"}],"wp:term":[{"taxonomy":"product_brand","embeddable":true,"href":"https:\/\/ceoparts.com\/tr\/wp-json\/wp\/v2\/product_brand?post=14041"},{"taxonomy":"product_cat","embeddable":true,"href":"https:\/\/ceoparts.com\/tr\/wp-json\/wp\/v2\/product_cat?post=14041"},{"taxonomy":"product_tag","embeddable":true,"href":"https:\/\/ceoparts.com\/tr\/wp-json\/wp\/v2\/product_tag?post=14041"}],"curies":[{"name":"wp","href":"https:\/\/api.w.org\/{rel}","templated":true}]}}