{"id":14042,"date":"2025-02-07T15:55:51","date_gmt":"2025-02-07T12:55:51","guid":{"rendered":"https:\/\/ceoparts.com\/?post_type=product&#038;p=14042"},"modified":"2026-05-16T13:16:11","modified_gmt":"2026-05-16T10:16:11","slug":"bt-toyota-cesab-lpe200-dayanma-kolu-31602464-7614527-7582100","status":"publish","type":"product","link":"https:\/\/ceoparts.com\/tr\/urun\/bt-toyota-cesab-lpe200-dayanma-kolu-31602464-7614527-7582100\/","title":{"rendered":"BT Toyota Cesab LPE200 Dayanma Kolu &#8211; 31602464 ,7614527, 7582100"},"content":{"rendered":"<p>BT Toyota Cesab LPE200 Dayanma Kolu &#8211; 31602464 ,7614527, 7582100<\/p>\n<p>BT Toyota Cesab Tube Bend Complete a\u015fa\u011f\u0131daki makineler i\u00e7in uygundur:-<\/p>\n<ul>\n<li>Cesab P320 (Seri numaralar\u0131 6500126&#8217;dan itibaren)<\/li>\n<li>Cesab P322 (Seri numaralar\u0131 6500126&#8217;dan itibaren)<\/li>\n<\/ul>\n<p><\/p>","protected":false},"excerpt":{"rendered":"<p data-start=\"168\" data-end=\"407\"><br data-start=\"173\" data-end=\"176\" \/>BT, Toyota ve Cesab LPE200 forklift modelleri i\u00e7in \u00fcretilmi\u015f dayanma kolu, operat\u00f6r\u00fcn g\u00fcvenli ve konforlu \u00e7al\u0131\u015fmas\u0131n\u0131 sa\u011flar. Dayan\u0131kl\u0131 malzeme yap\u0131s\u0131 sayesinde uzun \u00f6m\u00fcrl\u00fc kullan\u0131m sunar ve forkliftin kontrol ergonomisini art\u0131r\u0131r.<\/p>\n<p data-start=\"409\" data-end=\"735\"><strong data-start=\"409\" data-end=\"424\">\u00d6zellikler:<\/strong><br data-start=\"424\" data-end=\"427\" \/><strong data-start=\"427\" data-end=\"440\">\u00dcr\u00fcn Ad\u0131:<\/strong> BT Toyota Cesab LPE200 Dayanma Kolu<br data-start=\"476\" data-end=\"479\" \/><strong data-start=\"479\" data-end=\"494\">Par\u00e7a Kodu:<\/strong> 31602464, 7614527, 7582100<br data-start=\"521\" data-end=\"524\" \/><strong data-start=\"524\" data-end=\"536\">Malzeme:<\/strong> Sa\u011flam metal ve plastik kar\u0131\u015f\u0131m\u0131<br data-start=\"569\" data-end=\"572\" \/><strong data-start=\"572\" data-end=\"591\">Kullan\u0131m Alan\u0131:<\/strong> BT, Toyota ve Cesab LPE200 forklift dayanma kol sistemleri<br data-start=\"650\" data-end=\"653\" \/><strong data-start=\"653\" data-end=\"665\">Avantaj:<\/strong> Ergonomik yap\u0131, dayan\u0131kl\u0131 malzeme, uzun \u00f6m\u00fcrl\u00fc kullan\u0131m, kolay montaj<\/p>\n<p data-start=\"737\" data-end=\"953\">\n","protected":false},"featured_media":14044,"template":"","meta":[],"product_brand":[],"product_cat":[251,450,518,521,530],"product_tag":[],"class_list":{"0":"post-14042","1":"product","2":"type-product","3":"status-publish","4":"has-post-thumbnail","6":"product_cat-bt","7":"product_cat-direksiyon-sistemleri","8":"product_cat-yedek-parca-bt","9":"product_cat-toyota","10":"product_cat-yedek-parca-toyota","12":"first","13":"instock","14":"taxable","15":"shipping-taxable","16":"purchasable","17":"product-type-simple"},"_links":{"self":[{"href":"https:\/\/ceoparts.com\/tr\/wp-json\/wp\/v2\/product\/14042","targetHints":{"allow":["GET"]}}],"collection":[{"href":"https:\/\/ceoparts.com\/tr\/wp-json\/wp\/v2\/product"}],"about":[{"href":"https:\/\/ceoparts.com\/tr\/wp-json\/wp\/v2\/types\/product"}],"wp:featuredmedia":[{"embeddable":true,"href":"https:\/\/ceoparts.com\/tr\/wp-json\/wp\/v2\/media\/14044"}],"wp:attachment":[{"href":"https:\/\/ceoparts.com\/tr\/wp-json\/wp\/v2\/media?parent=14042"}],"wp:term":[{"taxonomy":"product_brand","embeddable":true,"href":"https:\/\/ceoparts.com\/tr\/wp-json\/wp\/v2\/product_brand?post=14042"},{"taxonomy":"product_cat","embeddable":true,"href":"https:\/\/ceoparts.com\/tr\/wp-json\/wp\/v2\/product_cat?post=14042"},{"taxonomy":"product_tag","embeddable":true,"href":"https:\/\/ceoparts.com\/tr\/wp-json\/wp\/v2\/product_tag?post=14042"}],"curies":[{"name":"wp","href":"https:\/\/api.w.org\/{rel}","templated":true}]}}