{"id":14056,"date":"2025-02-07T16:12:11","date_gmt":"2025-02-07T13:12:11","guid":{"rendered":"https:\/\/ceoparts.com\/?post_type=product&#038;p=14056"},"modified":"2026-05-16T21:36:21","modified_gmt":"2026-05-16T18:36:21","slug":"bt-toyota-cesab-lpe200-ped-yuvasi-7580131","status":"publish","type":"product","link":"https:\/\/ceoparts.com\/tr\/urun\/bt-toyota-cesab-lpe200-ped-yuvasi-7580131\/","title":{"rendered":"BT Toyota Cesab LPE200 Ped Yuvas\u0131 &#8211; 7580131"},"content":{"rendered":"<p>BT Toyota Cesab LPE200 Ped Yuvas\u0131 &#8211; 7580131 <\/p>","protected":false},"excerpt":{"rendered":"<p data-start=\"147\" data-end=\"348\"><br data-start=\"152\" data-end=\"155\" \/>BT, Toyota ve Cesab LPE200 forklift modelleri i\u00e7in \u00f6zel olarak tasarlanm\u0131\u015f ped yuvas\u0131, pedal sisteminin sa\u011flam ve g\u00fcvenli \u00e7al\u0131\u015fmas\u0131n\u0131 sa\u011flar. Dayan\u0131kl\u0131 malzemesi ile uzun s\u00fcreli kullan\u0131m sunar.<\/p>\n<p data-start=\"350\" data-end=\"617\"><strong data-start=\"350\" data-end=\"365\">\u00d6zellikler:<\/strong><br data-start=\"365\" data-end=\"368\" \/><strong data-start=\"368\" data-end=\"381\">\u00dcr\u00fcn Ad\u0131:<\/strong> BT Toyota Cesab LPE200 Ped Yuvas\u0131<br data-start=\"415\" data-end=\"418\" \/><strong data-start=\"418\" data-end=\"433\">Par\u00e7a Kodu:<\/strong> 7580131<br data-start=\"441\" data-end=\"444\" \/><strong data-start=\"444\" data-end=\"456\">Malzeme:<\/strong> Y\u00fcksek dayan\u0131ml\u0131 metal<br data-start=\"479\" data-end=\"482\" \/><strong data-start=\"482\" data-end=\"501\">Kullan\u0131m Alan\u0131:<\/strong> BT, Toyota ve Cesab LPE200 forklift pedal sistemleri<br data-start=\"554\" data-end=\"557\" \/><strong data-start=\"557\" data-end=\"569\">Avantaj:<\/strong> Sa\u011flam yap\u0131, uzun \u00f6m\u00fcrl\u00fc kullan\u0131m, kolay montaj<\/p>\n<p data-start=\"619\" data-end=\"807\">\n","protected":false},"featured_media":14059,"template":"","meta":[],"product_brand":[],"product_cat":[251,450,518,521,530],"product_tag":[],"class_list":{"0":"post-14056","1":"product","2":"type-product","3":"status-publish","4":"has-post-thumbnail","6":"product_cat-bt","7":"product_cat-direksiyon-sistemleri","8":"product_cat-yedek-parca-bt","9":"product_cat-toyota","10":"product_cat-yedek-parca-toyota","12":"first","13":"instock","14":"taxable","15":"shipping-taxable","16":"purchasable","17":"product-type-simple"},"_links":{"self":[{"href":"https:\/\/ceoparts.com\/tr\/wp-json\/wp\/v2\/product\/14056","targetHints":{"allow":["GET"]}}],"collection":[{"href":"https:\/\/ceoparts.com\/tr\/wp-json\/wp\/v2\/product"}],"about":[{"href":"https:\/\/ceoparts.com\/tr\/wp-json\/wp\/v2\/types\/product"}],"wp:featuredmedia":[{"embeddable":true,"href":"https:\/\/ceoparts.com\/tr\/wp-json\/wp\/v2\/media\/14059"}],"wp:attachment":[{"href":"https:\/\/ceoparts.com\/tr\/wp-json\/wp\/v2\/media?parent=14056"}],"wp:term":[{"taxonomy":"product_brand","embeddable":true,"href":"https:\/\/ceoparts.com\/tr\/wp-json\/wp\/v2\/product_brand?post=14056"},{"taxonomy":"product_cat","embeddable":true,"href":"https:\/\/ceoparts.com\/tr\/wp-json\/wp\/v2\/product_cat?post=14056"},{"taxonomy":"product_tag","embeddable":true,"href":"https:\/\/ceoparts.com\/tr\/wp-json\/wp\/v2\/product_tag?post=14056"}],"curies":[{"name":"wp","href":"https:\/\/api.w.org\/{rel}","templated":true}]}}