{"id":14063,"date":"2025-02-07T16:26:30","date_gmt":"2025-02-07T13:26:30","guid":{"rendered":"https:\/\/ceoparts.com\/?post_type=product&#038;p=14063"},"modified":"2026-05-06T14:02:43","modified_gmt":"2026-05-06T11:02:43","slug":"bt-toyota-cesab-lpe200-dayanma-kol-takimi-31602464-7614527-7582100","status":"publish","type":"product","link":"https:\/\/ceoparts.com\/tr\/urun\/bt-toyota-cesab-lpe200-dayanma-kol-takimi-31602464-7614527-7582100\/","title":{"rendered":"BT Toyota Cesab LPE200 Dayanma Kol Tak\u0131m\u0131 \u2013 31602464 ,7614527, 7582100"},"content":{"rendered":"<p>BT Toyota Cesab LPE200 Dayanma Kol Tak\u0131m\u0131 \u2013 31602464 ,7614527, 7582100<\/p>\n<p>BT Toyota Cesab Tube Bend Complete a\u015fa\u011f\u0131daki makineler i\u00e7in uygundur:-<\/p>\n<p>Cesab P320 (Seri numaralar\u0131 6500126&#8217;dan itibaren)<br \/>\nCesab P322 (Seri numaralar\u0131 6500126&#8217;dan itibaren)<\/p>","protected":false},"excerpt":{"rendered":"<p data-start=\"172\" data-end=\"362\"><br data-start=\"177\" data-end=\"180\" \/>BT, Toyota ve Cesab LPE200 modelleri i\u00e7in \u00f6zel olarak \u00fcretilmi\u015f dayanma kol tak\u0131m\u0131, operat\u00f6r konforu ve g\u00fcvenli\u011fi sa\u011flar. Dayan\u0131kl\u0131 malzeme kalitesi ile uzun \u00f6m\u00fcrl\u00fc performans sunar.<\/p>\n<p data-start=\"364\" data-end=\"662\"><strong data-start=\"364\" data-end=\"379\">\u00d6zellikler:<\/strong><br data-start=\"379\" data-end=\"382\" \/><strong data-start=\"382\" data-end=\"395\">\u00dcr\u00fcn Ad\u0131:<\/strong> BT Toyota Cesab LPE200 Dayanma Kol Tak\u0131m\u0131<br data-start=\"437\" data-end=\"440\" \/><strong data-start=\"440\" data-end=\"455\">Par\u00e7a Kodu:<\/strong> 31602464, 7614527, 7582100<br data-start=\"482\" data-end=\"485\" \/><strong data-start=\"485\" data-end=\"497\">Malzeme:<\/strong> Sa\u011flam metal ala\u015f\u0131m\u0131<br data-start=\"518\" data-end=\"521\" \/><strong data-start=\"521\" data-end=\"540\">Kullan\u0131m Alan\u0131:<\/strong> BT, Toyota ve Cesab LPE200 forklift dayanma kol sistemleri<br data-start=\"599\" data-end=\"602\" \/><strong data-start=\"602\" data-end=\"614\">Avantaj:<\/strong> Ergonomik tasar\u0131m, dayan\u0131kl\u0131 yap\u0131, kolay montaj<\/p>\n<p data-start=\"664\" data-end=\"847\">\n","protected":false},"featured_media":14065,"template":"","meta":[],"product_brand":[],"product_cat":[251,450,518,521,530],"product_tag":[],"class_list":{"0":"post-14063","1":"product","2":"type-product","3":"status-publish","4":"has-post-thumbnail","6":"product_cat-bt","7":"product_cat-direksiyon-sistemleri","8":"product_cat-yedek-parca-bt","9":"product_cat-toyota","10":"product_cat-yedek-parca-toyota","12":"first","13":"instock","14":"taxable","15":"shipping-taxable","16":"purchasable","17":"product-type-simple"},"_links":{"self":[{"href":"https:\/\/ceoparts.com\/tr\/wp-json\/wp\/v2\/product\/14063","targetHints":{"allow":["GET"]}}],"collection":[{"href":"https:\/\/ceoparts.com\/tr\/wp-json\/wp\/v2\/product"}],"about":[{"href":"https:\/\/ceoparts.com\/tr\/wp-json\/wp\/v2\/types\/product"}],"wp:featuredmedia":[{"embeddable":true,"href":"https:\/\/ceoparts.com\/tr\/wp-json\/wp\/v2\/media\/14065"}],"wp:attachment":[{"href":"https:\/\/ceoparts.com\/tr\/wp-json\/wp\/v2\/media?parent=14063"}],"wp:term":[{"taxonomy":"product_brand","embeddable":true,"href":"https:\/\/ceoparts.com\/tr\/wp-json\/wp\/v2\/product_brand?post=14063"},{"taxonomy":"product_cat","embeddable":true,"href":"https:\/\/ceoparts.com\/tr\/wp-json\/wp\/v2\/product_cat?post=14063"},{"taxonomy":"product_tag","embeddable":true,"href":"https:\/\/ceoparts.com\/tr\/wp-json\/wp\/v2\/product_tag?post=14063"}],"curies":[{"name":"wp","href":"https:\/\/api.w.org\/{rel}","templated":true}]}}