{"id":14070,"date":"2025-02-07T16:38:27","date_gmt":"2025-02-07T13:38:27","guid":{"rendered":"https:\/\/ceoparts.com\/?post_type=product&#038;p=14070"},"modified":"2026-05-16T16:07:59","modified_gmt":"2026-05-16T13:07:59","slug":"linde-karin-butonu-3005430303","status":"publish","type":"product","link":"https:\/\/ceoparts.com\/tr\/urun\/linde-karin-butonu-3005430303\/","title":{"rendered":"Linde Kar\u0131n Butonu &#8211; 3005430303"},"content":{"rendered":"<p>Linde Kar\u0131n Butonu &#8211; 3005430303<\/p>","protected":false},"excerpt":{"rendered":"<p data-start=\"110\" data-end=\"315\"><br data-start=\"115\" data-end=\"118\" \/>Linde forkliftler i\u00e7in \u00f6zel olarak tasarlanm\u0131\u015f kar\u0131n butonu, operat\u00f6r\u00fcn h\u0131zl\u0131 ve g\u00fcvenli \u015fekilde kontrol sa\u011flamas\u0131na yard\u0131mc\u0131 olur. Dayan\u0131kl\u0131 malzemelerle \u00fcretilmi\u015f olup uzun \u00f6m\u00fcrl\u00fc kullan\u0131m sunar.<\/p>\n<p data-start=\"317\" data-end=\"555\"><strong data-start=\"317\" data-end=\"332\">\u00d6zellikler:<\/strong><br data-start=\"332\" data-end=\"335\" \/><strong data-start=\"335\" data-end=\"348\">\u00dcr\u00fcn Ad\u0131:<\/strong> Linde Kar\u0131n Butonu<br data-start=\"367\" data-end=\"370\" \/><strong data-start=\"370\" data-end=\"385\">Par\u00e7a Kodu:<\/strong> 3005430303<br data-start=\"396\" data-end=\"399\" \/><strong data-start=\"399\" data-end=\"411\">Malzeme:<\/strong> Sa\u011flam plastik ve metal bile\u015fenler<br data-start=\"446\" data-end=\"449\" \/><strong data-start=\"449\" data-end=\"468\">Kullan\u0131m Alan\u0131:<\/strong> Forklift kontrol sistemleri<br data-start=\"496\" data-end=\"499\" \/><strong data-start=\"499\" data-end=\"511\">Avantaj:<\/strong> Kolay kullan\u0131m, dayan\u0131kl\u0131 yap\u0131, h\u0131zl\u0131 tepki<\/p>\n<p data-start=\"557\" data-end=\"739\">\n","protected":false},"featured_media":14071,"template":"","meta":[],"product_brand":[],"product_cat":[246,451,454,523],"product_tag":[],"class_list":{"0":"post-14070","1":"product","2":"type-product","3":"status-publish","4":"has-post-thumbnail","6":"product_cat-linde","7":"product_cat-aksesuar-grubu","8":"product_cat-switch-ve-buton","9":"product_cat-yedek-parca-linde","11":"first","12":"instock","13":"taxable","14":"shipping-taxable","15":"purchasable","16":"product-type-simple"},"_links":{"self":[{"href":"https:\/\/ceoparts.com\/tr\/wp-json\/wp\/v2\/product\/14070","targetHints":{"allow":["GET"]}}],"collection":[{"href":"https:\/\/ceoparts.com\/tr\/wp-json\/wp\/v2\/product"}],"about":[{"href":"https:\/\/ceoparts.com\/tr\/wp-json\/wp\/v2\/types\/product"}],"wp:featuredmedia":[{"embeddable":true,"href":"https:\/\/ceoparts.com\/tr\/wp-json\/wp\/v2\/media\/14071"}],"wp:attachment":[{"href":"https:\/\/ceoparts.com\/tr\/wp-json\/wp\/v2\/media?parent=14070"}],"wp:term":[{"taxonomy":"product_brand","embeddable":true,"href":"https:\/\/ceoparts.com\/tr\/wp-json\/wp\/v2\/product_brand?post=14070"},{"taxonomy":"product_cat","embeddable":true,"href":"https:\/\/ceoparts.com\/tr\/wp-json\/wp\/v2\/product_cat?post=14070"},{"taxonomy":"product_tag","embeddable":true,"href":"https:\/\/ceoparts.com\/tr\/wp-json\/wp\/v2\/product_tag?post=14070"}],"curies":[{"name":"wp","href":"https:\/\/api.w.org\/{rel}","templated":true}]}}