{"id":14075,"date":"2025-02-07T16:57:33","date_gmt":"2025-02-07T13:57:33","guid":{"rendered":"https:\/\/ceoparts.com\/?post_type=product&#038;p=14075"},"modified":"2026-05-16T10:51:03","modified_gmt":"2026-05-16T07:51:03","slug":"230x90-45-ceoparts-kaymaz-yuk-tekeri","status":"publish","type":"product","link":"https:\/\/ceoparts.com\/tr\/urun\/230x90-45-ceoparts-kaymaz-yuk-tekeri\/","title":{"rendered":"230&#215;90-45 Ceoparts Kayd\u0131rmaz Y\u00fcr\u00fcy\u00fc\u015f Tekeri &#8211; 0039933826, 0039933800"},"content":{"rendered":"<p>230&#215;90-45 Ceoparts Kayd\u0131rmaz Y\u00fcr\u00fcy\u00fc\u015f Tekeri &#8211; 0039933826, 0039933800<\/p>\n<p>230&#215;90-45 Ceoparts Kayd\u0131rmaz Y\u00fcr\u00fcy\u00fc\u015f Tekeri &#8211; 0039933826, 0039933800<\/p>\n<div class=\"font12\">Linde:<\/div>\n<div class=\"font12\"><\/div>\n<div class=\"font12\">Vulkollan 0039933800<\/div>\n<div class=\"font12\">OEM Stellana<\/div>\n<div class=\"font12\"><\/div>\n<div class=\"font12\">372\u00a0L14\/16<br \/>\n372\u00a0L14\/16\/L14AP\/16AP<\/div>\n<div class=\"font12\">1173 L14\/L16<\/div>\n<div class=\"font12\"><\/div>\n<div class=\"font12\">Still 0039933826<\/div>\n<div class=\"font12\"><\/div>\n<div class=\"font12\">EXH 25-30 EXH-SF 20-25 (2360-2363)<\/div>\n<p><\/p>","protected":false},"excerpt":{"rendered":"<div>\n<p data-start=\"166\" data-end=\"368\"><br data-start=\"171\" data-end=\"174\" \/>230\u00d790-45 \u00f6l\u00e7\u00fclerindeki Ceoparts kayd\u0131rmazy\u00fcr\u00fcy\u00fc\u015f tekeri, forklift ve i\u015f makinelerinde y\u00fcksek tutu\u015f ve dayan\u0131kl\u0131l\u0131k sa\u011flar. Kaymaz y\u00fczeyi sayesinde zorlu zemin ko\u015fullar\u0131nda g\u00fcvenli kullan\u0131m sunar.<\/p>\n<p data-start=\"370\" data-end=\"655\"><strong data-start=\"370\" data-end=\"385\">\u00d6zellikler:<\/strong><br data-start=\"385\" data-end=\"388\" \/><strong data-start=\"388\" data-end=\"401\">\u00dcr\u00fcn Ad\u0131:<\/strong> 230\u00d790-45 Ceoparts Kayd\u0131rmaz Y\u00fcr\u00fcy\u00fc\u015f Tekeri<br data-start=\"442\" data-end=\"445\" \/><strong data-start=\"445\" data-end=\"460\">Par\u00e7a Kodu:<\/strong> 0039933826, 0039933800<br data-start=\"483\" data-end=\"486\" \/><strong data-start=\"486\" data-end=\"498\">Malzeme:<\/strong> Dayan\u0131kl\u0131 kau\u00e7uk ve metal g\u00f6bek<br data-start=\"530\" data-end=\"533\" \/><strong data-start=\"533\" data-end=\"552\">Kullan\u0131m Alan\u0131:<\/strong> Forklift ve i\u015f makineleri y\u00fcr\u00fcy\u00fc\u015f tekeri<br data-start=\"593\" data-end=\"596\" \/><strong data-start=\"596\" data-end=\"608\">Avantaj:<\/strong> Kaymaz y\u00fczey, y\u00fcksek dayan\u0131kl\u0131l\u0131k, uzun \u00f6m\u00fcrl\u00fc<\/p>\n<p data-start=\"657\" data-end=\"850\">\n<\/div>\n","protected":false},"featured_media":14076,"template":"","meta":[],"product_brand":[],"product_cat":[241,244,246,249,395,397,193],"product_tag":[],"class_list":{"0":"post-14075","1":"product","2":"type-product","3":"status-publish","4":"has-post-thumbnail","6":"product_cat-still","7":"product_cat-yuruyus-tekeri-still","8":"product_cat-linde","9":"product_cat-yuruyus-tekeri-linde","10":"product_cat-ceoparts","11":"product_cat-yuruyus-tekeri-ceo","12":"product_cat-yuruyus-tekeri","14":"first","15":"instock","16":"taxable","17":"shipping-taxable","18":"purchasable","19":"product-type-simple"},"_links":{"self":[{"href":"https:\/\/ceoparts.com\/tr\/wp-json\/wp\/v2\/product\/14075","targetHints":{"allow":["GET"]}}],"collection":[{"href":"https:\/\/ceoparts.com\/tr\/wp-json\/wp\/v2\/product"}],"about":[{"href":"https:\/\/ceoparts.com\/tr\/wp-json\/wp\/v2\/types\/product"}],"wp:featuredmedia":[{"embeddable":true,"href":"https:\/\/ceoparts.com\/tr\/wp-json\/wp\/v2\/media\/14076"}],"wp:attachment":[{"href":"https:\/\/ceoparts.com\/tr\/wp-json\/wp\/v2\/media?parent=14075"}],"wp:term":[{"taxonomy":"product_brand","embeddable":true,"href":"https:\/\/ceoparts.com\/tr\/wp-json\/wp\/v2\/product_brand?post=14075"},{"taxonomy":"product_cat","embeddable":true,"href":"https:\/\/ceoparts.com\/tr\/wp-json\/wp\/v2\/product_cat?post=14075"},{"taxonomy":"product_tag","embeddable":true,"href":"https:\/\/ceoparts.com\/tr\/wp-json\/wp\/v2\/product_tag?post=14075"}],"curies":[{"name":"wp","href":"https:\/\/api.w.org\/{rel}","templated":true}]}}