{"id":14084,"date":"2025-02-07T17:41:48","date_gmt":"2025-02-07T14:41:48","guid":{"rendered":"https:\/\/ceoparts.com\/?post_type=product&#038;p=14084"},"modified":"2026-05-16T18:40:36","modified_gmt":"2026-05-16T15:40:36","slug":"kontak-anahtari-baoli-heli-tcn-genis-baslik","status":"publish","type":"product","link":"https:\/\/ceoparts.com\/tr\/urun\/kontak-anahtari-baoli-heli-tcn-genis-baslik\/","title":{"rendered":"Kontak Anahtar\u0131 Baoli Heli Tcm Geni\u015f Ba\u015fl\u0131k 4 Soket"},"content":{"rendered":"<p>Kontak Anahtar\u0131 Baoli Heli Tcm Geni\u015f Ba\u015fl\u0131k 4 Soket<\/p>","protected":false},"excerpt":{"rendered":"<p data-start=\"163\" data-end=\"369\"><br data-start=\"168\" data-end=\"171\" \/>Baoli, Heli ve TCM forkliftler i\u00e7in tasarlanm\u0131\u015f geni\u015f ba\u015fl\u0131kl\u0131 4 soket kontak anahtar\u0131, ara\u00e7lar\u0131n g\u00fcvenli ve sorunsuz \u00e7al\u0131\u015fmas\u0131n\u0131 sa\u011flar. Dayan\u0131kl\u0131 malzeme kalitesi ile uzun \u00f6m\u00fcrl\u00fc performans sunar.<\/p>\n<p data-start=\"371\" data-end=\"652\"><strong data-start=\"371\" data-end=\"386\">\u00d6zellikler:<\/strong><br data-start=\"386\" data-end=\"389\" \/><strong data-start=\"389\" data-end=\"402\">\u00dcr\u00fcn Ad\u0131:<\/strong> Kontak Anahtar\u0131 Baoli Heli TCM Geni\u015f Ba\u015fl\u0131k 4 Soket<br data-start=\"454\" data-end=\"457\" \/><strong data-start=\"457\" data-end=\"472\">Par\u00e7a Kodu:<\/strong> \u2013<br data-start=\"474\" data-end=\"477\" \/><strong data-start=\"477\" data-end=\"489\">Malzeme:<\/strong> Sa\u011flam metal ve plastik bile\u015fenler<br data-start=\"524\" data-end=\"527\" \/><strong data-start=\"527\" data-end=\"546\">Kullan\u0131m Alan\u0131:<\/strong> Baoli, Heli ve TCM forklift kontak sistemleri<br data-start=\"592\" data-end=\"595\" \/><strong data-start=\"595\" data-end=\"607\">Avantaj:<\/strong> Geni\u015f ba\u015fl\u0131k, kolay montaj ve dayan\u0131kl\u0131 yap\u0131<\/p>\n<p data-start=\"654\" data-end=\"850\">\n","protected":false},"featured_media":14086,"template":"","meta":[],"product_brand":[],"product_cat":[469],"product_tag":[],"class_list":{"0":"post-14084","1":"product","2":"type-product","3":"status-publish","4":"has-post-thumbnail","6":"product_cat-elektrik-ve-sistem-parcalari","8":"first","9":"instock","10":"taxable","11":"shipping-taxable","12":"purchasable","13":"product-type-simple"},"_links":{"self":[{"href":"https:\/\/ceoparts.com\/tr\/wp-json\/wp\/v2\/product\/14084","targetHints":{"allow":["GET"]}}],"collection":[{"href":"https:\/\/ceoparts.com\/tr\/wp-json\/wp\/v2\/product"}],"about":[{"href":"https:\/\/ceoparts.com\/tr\/wp-json\/wp\/v2\/types\/product"}],"wp:featuredmedia":[{"embeddable":true,"href":"https:\/\/ceoparts.com\/tr\/wp-json\/wp\/v2\/media\/14086"}],"wp:attachment":[{"href":"https:\/\/ceoparts.com\/tr\/wp-json\/wp\/v2\/media?parent=14084"}],"wp:term":[{"taxonomy":"product_brand","embeddable":true,"href":"https:\/\/ceoparts.com\/tr\/wp-json\/wp\/v2\/product_brand?post=14084"},{"taxonomy":"product_cat","embeddable":true,"href":"https:\/\/ceoparts.com\/tr\/wp-json\/wp\/v2\/product_cat?post=14084"},{"taxonomy":"product_tag","embeddable":true,"href":"https:\/\/ceoparts.com\/tr\/wp-json\/wp\/v2\/product_tag?post=14084"}],"curies":[{"name":"wp","href":"https:\/\/api.w.org\/{rel}","templated":true}]}}