{"id":14089,"date":"2025-02-08T09:06:06","date_gmt":"2025-02-08T06:06:06","guid":{"rendered":"https:\/\/ceoparts.com\/?post_type=product&#038;p=14089"},"modified":"2026-05-16T14:33:34","modified_gmt":"2026-05-16T11:33:34","slug":"silecek-motoru-12v-50032308","status":"publish","type":"product","link":"https:\/\/ceoparts.com\/tr\/urun\/silecek-motoru-12v-50032308\/","title":{"rendered":"Silecek Motoru 12V &#8211; 50032308"},"content":{"rendered":"<p>Silecek Motoru 12V &#8211; 50032308<\/p>","protected":false},"excerpt":{"rendered":"<p data-start=\"108\" data-end=\"263\"><br data-start=\"113\" data-end=\"116\" \/>12V \u00e7al\u0131\u015fma gerilimine sahip silecek motoru, ara\u00e7larda etkili ve sessiz silecek performans\u0131 sa\u011flar. Dayan\u0131kl\u0131 yap\u0131s\u0131yla uzun \u00f6m\u00fcrl\u00fc kullan\u0131m sunar.<\/p>\n<p data-start=\"265\" data-end=\"524\"><strong data-start=\"265\" data-end=\"280\">\u00d6zellikler:<\/strong><br data-start=\"280\" data-end=\"283\" \/><strong data-start=\"283\" data-end=\"296\">\u00dcr\u00fcn Ad\u0131:<\/strong> Silecek Motoru 12V<br data-start=\"315\" data-end=\"318\" \/><strong data-start=\"318\" data-end=\"333\">Par\u00e7a Kodu:<\/strong> 50032308<br data-start=\"342\" data-end=\"345\" \/><strong data-start=\"345\" data-end=\"357\">Malzeme:<\/strong> Sa\u011flam metal ve plastik bile\u015fenler<br data-start=\"392\" data-end=\"395\" \/><strong data-start=\"395\" data-end=\"414\">Kullan\u0131m Alan\u0131:<\/strong> Forklift ve i\u015f makineleri silecek sistemleri<br data-start=\"459\" data-end=\"462\" \/><strong data-start=\"462\" data-end=\"474\">Avantaj:<\/strong> Sessiz \u00e7al\u0131\u015fma, y\u00fcksek performans, dayan\u0131kl\u0131 yap\u0131<\/p>\n<p data-start=\"526\" data-end=\"661\">\n","protected":false},"featured_media":14090,"template":"","meta":[],"product_brand":[],"product_cat":[469],"product_tag":[],"class_list":{"0":"post-14089","1":"product","2":"type-product","3":"status-publish","4":"has-post-thumbnail","6":"product_cat-elektrik-ve-sistem-parcalari","8":"first","9":"instock","10":"taxable","11":"shipping-taxable","12":"purchasable","13":"product-type-simple"},"_links":{"self":[{"href":"https:\/\/ceoparts.com\/tr\/wp-json\/wp\/v2\/product\/14089","targetHints":{"allow":["GET"]}}],"collection":[{"href":"https:\/\/ceoparts.com\/tr\/wp-json\/wp\/v2\/product"}],"about":[{"href":"https:\/\/ceoparts.com\/tr\/wp-json\/wp\/v2\/types\/product"}],"wp:featuredmedia":[{"embeddable":true,"href":"https:\/\/ceoparts.com\/tr\/wp-json\/wp\/v2\/media\/14090"}],"wp:attachment":[{"href":"https:\/\/ceoparts.com\/tr\/wp-json\/wp\/v2\/media?parent=14089"}],"wp:term":[{"taxonomy":"product_brand","embeddable":true,"href":"https:\/\/ceoparts.com\/tr\/wp-json\/wp\/v2\/product_brand?post=14089"},{"taxonomy":"product_cat","embeddable":true,"href":"https:\/\/ceoparts.com\/tr\/wp-json\/wp\/v2\/product_cat?post=14089"},{"taxonomy":"product_tag","embeddable":true,"href":"https:\/\/ceoparts.com\/tr\/wp-json\/wp\/v2\/product_tag?post=14089"}],"curies":[{"name":"wp","href":"https:\/\/api.w.org\/{rel}","templated":true}]}}