{"id":14094,"date":"2025-02-08T09:27:17","date_gmt":"2025-02-08T06:27:17","guid":{"rendered":"https:\/\/ceoparts.com\/?post_type=product&#038;p=14094"},"modified":"2026-05-17T17:42:21","modified_gmt":"2026-05-17T14:42:21","slug":"stil-acil-stop-butonu-h5528-zjk300a","status":"publish","type":"product","link":"https:\/\/ceoparts.com\/tr\/urun\/stil-acil-stop-butonu-h5528-zjk300a\/","title":{"rendered":"Acil Stop Butonu Stil H5528 &#8211; ZJK300A"},"content":{"rendered":"<p>Acil Stop Butonu Stil H5528 &#8211; ZJK300A<\/p>","protected":false},"excerpt":{"rendered":"<p data-start=\"125\" data-end=\"315\"><br data-start=\"130\" data-end=\"133\" \/>Stil H5528 model acil stop butonu, forklift ve i\u015f makinelerinde g\u00fcvenli ve h\u0131zl\u0131 durdurma sa\u011flar. Dayan\u0131kl\u0131 malzeme yap\u0131s\u0131 ile uzun \u00f6m\u00fcrl\u00fc kullan\u0131m sunar. ZJK300A kodu ile uyumludur.<\/p>\n<p data-start=\"317\" data-end=\"596\"><strong data-start=\"317\" data-end=\"332\">\u00d6zellikler:<\/strong><br data-start=\"332\" data-end=\"335\" \/><strong data-start=\"335\" data-end=\"348\">\u00dcr\u00fcn Ad\u0131:<\/strong> Acil Stop Butonu Stil H5528<br data-start=\"376\" data-end=\"379\" \/><strong data-start=\"379\" data-end=\"394\">Par\u00e7a Kodu:<\/strong> ZJK300A<br data-start=\"402\" data-end=\"405\" \/><strong data-start=\"405\" data-end=\"417\">Malzeme:<\/strong> Sa\u011flam plastik ve metal bile\u015fenler<br data-start=\"452\" data-end=\"455\" \/><strong data-start=\"455\" data-end=\"474\">Kullan\u0131m Alan\u0131:<\/strong> Forklift ve i\u015f makineleri acil durdurma sistemi<br data-start=\"522\" data-end=\"525\" \/><strong data-start=\"525\" data-end=\"537\">Avantaj:<\/strong> H\u0131zl\u0131 tepki, g\u00fcvenli durdurma, dayan\u0131kl\u0131 ve uyumlu tasar\u0131m<\/p>\n<p data-start=\"598\" data-end=\"787\">\n","protected":false},"featured_media":14100,"template":"","meta":[],"product_brand":[],"product_cat":[469],"product_tag":[],"class_list":{"0":"post-14094","1":"product","2":"type-product","3":"status-publish","4":"has-post-thumbnail","6":"product_cat-elektrik-ve-sistem-parcalari","8":"first","9":"instock","10":"taxable","11":"shipping-taxable","12":"purchasable","13":"product-type-simple"},"_links":{"self":[{"href":"https:\/\/ceoparts.com\/tr\/wp-json\/wp\/v2\/product\/14094","targetHints":{"allow":["GET"]}}],"collection":[{"href":"https:\/\/ceoparts.com\/tr\/wp-json\/wp\/v2\/product"}],"about":[{"href":"https:\/\/ceoparts.com\/tr\/wp-json\/wp\/v2\/types\/product"}],"wp:featuredmedia":[{"embeddable":true,"href":"https:\/\/ceoparts.com\/tr\/wp-json\/wp\/v2\/media\/14100"}],"wp:attachment":[{"href":"https:\/\/ceoparts.com\/tr\/wp-json\/wp\/v2\/media?parent=14094"}],"wp:term":[{"taxonomy":"product_brand","embeddable":true,"href":"https:\/\/ceoparts.com\/tr\/wp-json\/wp\/v2\/product_brand?post=14094"},{"taxonomy":"product_cat","embeddable":true,"href":"https:\/\/ceoparts.com\/tr\/wp-json\/wp\/v2\/product_cat?post=14094"},{"taxonomy":"product_tag","embeddable":true,"href":"https:\/\/ceoparts.com\/tr\/wp-json\/wp\/v2\/product_tag?post=14094"}],"curies":[{"name":"wp","href":"https:\/\/api.w.org\/{rel}","templated":true}]}}