{"id":14103,"date":"2025-02-08T09:45:24","date_gmt":"2025-02-08T06:45:24","guid":{"rendered":"https:\/\/ceoparts.com\/?post_type=product&#038;p=14103"},"modified":"2026-05-16T12:10:31","modified_gmt":"2026-05-16T09:10:31","slug":"kontak-anahtari-linde-monitou-9-fisli-701-80184-701-45500-70145500-85804674","status":"publish","type":"product","link":"https:\/\/ceoparts.com\/tr\/urun\/kontak-anahtari-linde-monitou-9-fisli-701-80184-701-45500-70145500-85804674\/","title":{"rendered":"Kontak Anahtar\u0131 Linde Monitou 9 Fi\u015fli &#8211; 701\/80184 701\/45500 70145500 85804674"},"content":{"rendered":"<p>Kontak Anahtar\u0131 Linde Monitou 9 Fi\u015fli &#8211; 701\/80184 701\/45500 70145500 85804674<\/p>\n<p>JCB Beko Y\u00fckleyici I CX, 2018 i\u00e7in; JCB beko y\u00fckleyici 2CX, 210, 212,MIDI CX;<br \/>\nBeko Loder 3CX, 4CX, 5CX, 214, 215, 217<\/p>\n<p>Deutz-Fahr D 6006D 6007D 6206D 6207D 6507D 6806D 6807D 6907D 7006D 7007D 7206D 7207D 7807<\/p>\n<p>Manitou 01171659 01176269 04350834<\/p>\n<p>Case IH 1055 (55 Serisi)1055XL1056 (56 Serisi)1056XL1255 (55 Serisi)1455 (55 Serisi)485 (85 Serisi)<br \/>\n485XL585 (85 Utility Serisi)585XL685 (85 Serisi)685XL743 (43 Serisi)743 (Uluslararas\u0131)745<br \/>\n(45 Serisi)745 (Uluslararas\u0131)785 (85 Serisi)785 (Uluslararas\u0131)785XL844 (44 Serisi)845 (45 Serisi)<br \/>\n856 (56 Serisi)885 (85 Serisi)885XL955 (55 Serisi)955XL956 (56 Serisi<\/p>","protected":false},"excerpt":{"rendered":"<p data-start=\"178\" data-end=\"370\"><br data-start=\"183\" data-end=\"186\" \/>Linde ve Monitou forkliftler i\u00e7in tasarlanm\u0131\u015f 9 fi\u015fli kontak anahtar\u0131, ara\u00e7lar\u0131n g\u00fcvenli ve sorunsuz \u00e7al\u0131\u015fmas\u0131n\u0131 sa\u011flar. Dayan\u0131kl\u0131 malzemeler kullan\u0131larak uzun \u00f6m\u00fcrl\u00fc performans sunar.<\/p>\n<p data-start=\"372\" data-end=\"680\"><strong data-start=\"372\" data-end=\"387\">\u00d6zellikler:<\/strong><br data-start=\"387\" data-end=\"390\" \/><strong data-start=\"390\" data-end=\"403\">\u00dcr\u00fcn Ad\u0131:<\/strong> Kontak Anahtar\u0131 Linde Monitou 9 Fi\u015fli<br data-start=\"441\" data-end=\"444\" \/><strong data-start=\"444\" data-end=\"459\">Par\u00e7a Kodu:<\/strong> 701\/80184, 701\/45500, 70145500, 85804674<br data-start=\"500\" data-end=\"503\" \/><strong data-start=\"503\" data-end=\"515\">Malzeme:<\/strong> Dayan\u0131kl\u0131 metal ve plastik bile\u015fenler<br data-start=\"553\" data-end=\"556\" \/><strong data-start=\"556\" data-end=\"575\">Kullan\u0131m Alan\u0131:<\/strong> Linde ve Monitou forklift kontak sistemleri<br data-start=\"619\" data-end=\"622\" \/><strong data-start=\"622\" data-end=\"634\">Avantaj:<\/strong> G\u00fcvenli kullan\u0131m, sa\u011flam yap\u0131 ve kolay montaj<\/p>\n<p data-start=\"682\" data-end=\"862\">\n","protected":false},"featured_media":14108,"template":"","meta":[],"product_brand":[],"product_cat":[246,469,523],"product_tag":[],"class_list":{"0":"post-14103","1":"product","2":"type-product","3":"status-publish","4":"has-post-thumbnail","6":"product_cat-linde","7":"product_cat-elektrik-ve-sistem-parcalari","8":"product_cat-yedek-parca-linde","10":"first","11":"instock","12":"taxable","13":"shipping-taxable","14":"purchasable","15":"product-type-simple"},"_links":{"self":[{"href":"https:\/\/ceoparts.com\/tr\/wp-json\/wp\/v2\/product\/14103","targetHints":{"allow":["GET"]}}],"collection":[{"href":"https:\/\/ceoparts.com\/tr\/wp-json\/wp\/v2\/product"}],"about":[{"href":"https:\/\/ceoparts.com\/tr\/wp-json\/wp\/v2\/types\/product"}],"wp:featuredmedia":[{"embeddable":true,"href":"https:\/\/ceoparts.com\/tr\/wp-json\/wp\/v2\/media\/14108"}],"wp:attachment":[{"href":"https:\/\/ceoparts.com\/tr\/wp-json\/wp\/v2\/media?parent=14103"}],"wp:term":[{"taxonomy":"product_brand","embeddable":true,"href":"https:\/\/ceoparts.com\/tr\/wp-json\/wp\/v2\/product_brand?post=14103"},{"taxonomy":"product_cat","embeddable":true,"href":"https:\/\/ceoparts.com\/tr\/wp-json\/wp\/v2\/product_cat?post=14103"},{"taxonomy":"product_tag","embeddable":true,"href":"https:\/\/ceoparts.com\/tr\/wp-json\/wp\/v2\/product_tag?post=14103"}],"curies":[{"name":"wp","href":"https:\/\/api.w.org\/{rel}","templated":true}]}}