{"id":14110,"date":"2025-02-08T12:07:22","date_gmt":"2025-02-08T09:07:22","guid":{"rendered":"https:\/\/ceoparts.com\/?post_type=product&#038;p=14110"},"modified":"2026-05-16T13:15:40","modified_gmt":"2026-05-16T10:15:40","slug":"acil-stop-butonu-400a","status":"publish","type":"product","link":"https:\/\/ceoparts.com\/tr\/urun\/acil-stop-butonu-400a\/","title":{"rendered":"Acil Stop Butonu 400A"},"content":{"rendered":"<p>Acil Stop Butonu 400A<\/p>","protected":false},"excerpt":{"rendered":"<p data-start=\"103\" data-end=\"289\"><br data-start=\"108\" data-end=\"111\" \/>400A kapasiteye sahip acil stop butonu, forklift ve i\u015f makinelerinde h\u0131zl\u0131 ve g\u00fcvenli durdurma sa\u011flar. Dayan\u0131kl\u0131 malzeme yap\u0131s\u0131 sayesinde uzun \u00f6m\u00fcrl\u00fc ve g\u00fcvenilir kullan\u0131m sunar.<\/p>\n<p data-start=\"291\" data-end=\"545\"><strong data-start=\"291\" data-end=\"306\">\u00d6zellikler:<\/strong><br data-start=\"306\" data-end=\"309\" \/><strong data-start=\"309\" data-end=\"322\">\u00dcr\u00fcn Ad\u0131:<\/strong> Acil Stop Butonu 400A<br data-start=\"344\" data-end=\"347\" \/><strong data-start=\"347\" data-end=\"362\">Par\u00e7a Kodu:<\/strong> \u2013<br data-start=\"364\" data-end=\"367\" \/><strong data-start=\"367\" data-end=\"379\">Malzeme:<\/strong> Sa\u011flam plastik ve metal bile\u015fenler<br data-start=\"414\" data-end=\"417\" \/><strong data-start=\"417\" data-end=\"436\">Kullan\u0131m Alan\u0131:<\/strong> Forklift ve i\u015f makineleri acil durdurma sistemi<br data-start=\"484\" data-end=\"487\" \/><strong data-start=\"487\" data-end=\"499\">Avantaj:<\/strong> H\u0131zl\u0131 tepki, g\u00fcvenli durdurma, dayan\u0131kl\u0131 yap\u0131<\/p>\n<p data-start=\"547\" data-end=\"713\">\n","protected":false},"featured_media":14111,"template":"","meta":[],"product_brand":[],"product_cat":[469],"product_tag":[],"class_list":{"0":"post-14110","1":"product","2":"type-product","3":"status-publish","4":"has-post-thumbnail","6":"product_cat-elektrik-ve-sistem-parcalari","8":"first","9":"instock","10":"taxable","11":"shipping-taxable","12":"purchasable","13":"product-type-simple"},"_links":{"self":[{"href":"https:\/\/ceoparts.com\/tr\/wp-json\/wp\/v2\/product\/14110","targetHints":{"allow":["GET"]}}],"collection":[{"href":"https:\/\/ceoparts.com\/tr\/wp-json\/wp\/v2\/product"}],"about":[{"href":"https:\/\/ceoparts.com\/tr\/wp-json\/wp\/v2\/types\/product"}],"wp:featuredmedia":[{"embeddable":true,"href":"https:\/\/ceoparts.com\/tr\/wp-json\/wp\/v2\/media\/14111"}],"wp:attachment":[{"href":"https:\/\/ceoparts.com\/tr\/wp-json\/wp\/v2\/media?parent=14110"}],"wp:term":[{"taxonomy":"product_brand","embeddable":true,"href":"https:\/\/ceoparts.com\/tr\/wp-json\/wp\/v2\/product_brand?post=14110"},{"taxonomy":"product_cat","embeddable":true,"href":"https:\/\/ceoparts.com\/tr\/wp-json\/wp\/v2\/product_cat?post=14110"},{"taxonomy":"product_tag","embeddable":true,"href":"https:\/\/ceoparts.com\/tr\/wp-json\/wp\/v2\/product_tag?post=14110"}],"curies":[{"name":"wp","href":"https:\/\/api.w.org\/{rel}","templated":true}]}}