{"id":14115,"date":"2025-02-08T12:15:10","date_gmt":"2025-02-08T09:15:10","guid":{"rendered":"https:\/\/ceoparts.com\/?post_type=product&#038;p=14115"},"modified":"2026-05-16T15:04:07","modified_gmt":"2026-05-16T12:04:07","slug":"kontak-anahtari-baoli-heli-cin-3-soket","status":"publish","type":"product","link":"https:\/\/ceoparts.com\/tr\/urun\/kontak-anahtari-baoli-heli-cin-3-soket\/","title":{"rendered":"Kontak Anahtar\u0131 Baoli Heli \u00c7in 3 Soket"},"content":{"rendered":"<p>Kontak Anahtar\u0131 Baoli Heli \u00c7in 3 Soket<\/p>","protected":false},"excerpt":{"rendered":"<p data-start=\"137\" data-end=\"330\"><br data-start=\"142\" data-end=\"145\" \/>Baoli ve Heli marka \u00c7in \u00fcretimi forkliftler i\u00e7in tasarlanm\u0131\u015f 3 soketli kontak anahtar\u0131, arac\u0131n g\u00fcvenli ve sorunsuz \u00e7al\u0131\u015fmas\u0131n\u0131 sa\u011flar. Dayan\u0131kl\u0131 malzemelerle uzun \u00f6m\u00fcrl\u00fc kullan\u0131m sunar.<\/p>\n<p data-start=\"332\" data-end=\"604\"><strong data-start=\"332\" data-end=\"347\">\u00d6zellikler:<\/strong><br data-start=\"347\" data-end=\"350\" \/><strong data-start=\"350\" data-end=\"363\">\u00dcr\u00fcn Ad\u0131:<\/strong> Kontak Anahtar\u0131 Baoli Heli \u00c7in 3 Soket<br data-start=\"402\" data-end=\"405\" \/><strong data-start=\"405\" data-end=\"420\">Par\u00e7a Kodu:<\/strong> \u2013<br data-start=\"422\" data-end=\"425\" \/><strong data-start=\"425\" data-end=\"437\">Malzeme:<\/strong> Sa\u011flam metal ve plastik bile\u015fenler<br data-start=\"472\" data-end=\"475\" \/><strong data-start=\"475\" data-end=\"494\">Kullan\u0131m Alan\u0131:<\/strong> Baoli ve Heli forklift kontak sistemleri<br data-start=\"535\" data-end=\"538\" \/><strong data-start=\"538\" data-end=\"550\">Avantaj:<\/strong> 3 soketli kolay montaj, dayan\u0131kl\u0131 ve g\u00fcvenli kullan\u0131m<\/p>\n<p data-start=\"606\" data-end=\"778\">\n","protected":false},"featured_media":14117,"template":"","meta":[],"product_brand":[],"product_cat":[469],"product_tag":[],"class_list":{"0":"post-14115","1":"product","2":"type-product","3":"status-publish","4":"has-post-thumbnail","6":"product_cat-elektrik-ve-sistem-parcalari","8":"first","9":"instock","10":"taxable","11":"shipping-taxable","12":"purchasable","13":"product-type-simple"},"_links":{"self":[{"href":"https:\/\/ceoparts.com\/tr\/wp-json\/wp\/v2\/product\/14115","targetHints":{"allow":["GET"]}}],"collection":[{"href":"https:\/\/ceoparts.com\/tr\/wp-json\/wp\/v2\/product"}],"about":[{"href":"https:\/\/ceoparts.com\/tr\/wp-json\/wp\/v2\/types\/product"}],"wp:featuredmedia":[{"embeddable":true,"href":"https:\/\/ceoparts.com\/tr\/wp-json\/wp\/v2\/media\/14117"}],"wp:attachment":[{"href":"https:\/\/ceoparts.com\/tr\/wp-json\/wp\/v2\/media?parent=14115"}],"wp:term":[{"taxonomy":"product_brand","embeddable":true,"href":"https:\/\/ceoparts.com\/tr\/wp-json\/wp\/v2\/product_brand?post=14115"},{"taxonomy":"product_cat","embeddable":true,"href":"https:\/\/ceoparts.com\/tr\/wp-json\/wp\/v2\/product_cat?post=14115"},{"taxonomy":"product_tag","embeddable":true,"href":"https:\/\/ceoparts.com\/tr\/wp-json\/wp\/v2\/product_tag?post=14115"}],"curies":[{"name":"wp","href":"https:\/\/api.w.org\/{rel}","templated":true}]}}