{"id":14120,"date":"2025-02-08T12:34:02","date_gmt":"2025-02-08T09:34:02","guid":{"rendered":"https:\/\/ceoparts.com\/?post_type=product&#038;p=14120"},"modified":"2026-05-16T15:09:26","modified_gmt":"2026-05-16T12:09:26","slug":"kontak-anahtari-toyota-komatsu-7fd10-45-57590-23333-71","status":"publish","type":"product","link":"https:\/\/ceoparts.com\/tr\/urun\/kontak-anahtari-toyota-komatsu-7fd10-45-57590-23333-71\/","title":{"rendered":"Kontak Anahtar\u0131 Toyota Komatsu 7FD10-45  &#8211; 57590-23333-71"},"content":{"rendered":"<p>Kontak Anahtar\u0131 Toyota Komatsu 7FD10-45  &#8211; 57590-23333-71<\/p>\n<p><strong>Referans OEM\u00a0Numaralar\u0131:<\/strong><br \/>\nTY57590-23330-71 \/\u00a0575902333071 \/\u00a057590-23330-71<br \/>\nTY57590-23340-71 \/\u00a0575902334071 \/\u00a057590-23340-71<br \/>\nTY57590-23342-71 \/\u00a0575902334271 \/\u00a057590-23342-71<br \/>\nTY57590-30562-71 \/\u00a0575903056271 \/\u00a057590-30562-71<br \/>\n57590-23343-71<br \/>\n57590-23341-71<br \/>\n57510-23000-71<\/p>","protected":false},"excerpt":{"rendered":"<p data-start=\"156\" data-end=\"355\"><br data-start=\"161\" data-end=\"164\" \/>Toyota Komatsu 7FD10-45 forklift modeli i\u00e7in \u00f6zel olarak tasarlanm\u0131\u015f kontak anahtar\u0131, arac\u0131n g\u00fcvenli ve sorunsuz \u00e7al\u0131\u015fmas\u0131n\u0131 sa\u011flar. Dayan\u0131kl\u0131 malzeme kalitesi ile uzun \u00f6m\u00fcrl\u00fc kullan\u0131m sunar.<\/p>\n<p data-start=\"357\" data-end=\"645\"><strong data-start=\"357\" data-end=\"372\">\u00d6zellikler:<\/strong><br data-start=\"372\" data-end=\"375\" \/><strong data-start=\"375\" data-end=\"388\">\u00dcr\u00fcn Ad\u0131:<\/strong> Kontak Anahtar\u0131 Toyota Komatsu 7FD10-45<br data-start=\"428\" data-end=\"431\" \/><strong data-start=\"431\" data-end=\"446\">Par\u00e7a Kodu:<\/strong> 57590-23333-71<br data-start=\"461\" data-end=\"464\" \/><strong data-start=\"464\" data-end=\"476\">Malzeme:<\/strong> Dayan\u0131kl\u0131 metal ve plastik bile\u015fenler<br data-start=\"514\" data-end=\"517\" \/><strong data-start=\"517\" data-end=\"536\">Kullan\u0131m Alan\u0131:<\/strong> Toyota Komatsu 7FD10-45 forklift kontak sistemi<br data-start=\"584\" data-end=\"587\" \/><strong data-start=\"587\" data-end=\"599\">Avantaj:<\/strong> G\u00fcvenli kullan\u0131m, sa\u011flam yap\u0131 ve kolay montaj<\/p>\n<p data-start=\"647\" data-end=\"841\">\n","protected":false},"featured_media":14121,"template":"","meta":[],"product_brand":[],"product_cat":[469,521,530],"product_tag":[],"class_list":{"0":"post-14120","1":"product","2":"type-product","3":"status-publish","4":"has-post-thumbnail","6":"product_cat-elektrik-ve-sistem-parcalari","7":"product_cat-toyota","8":"product_cat-yedek-parca-toyota","10":"first","11":"instock","12":"taxable","13":"shipping-taxable","14":"purchasable","15":"product-type-simple"},"_links":{"self":[{"href":"https:\/\/ceoparts.com\/tr\/wp-json\/wp\/v2\/product\/14120","targetHints":{"allow":["GET"]}}],"collection":[{"href":"https:\/\/ceoparts.com\/tr\/wp-json\/wp\/v2\/product"}],"about":[{"href":"https:\/\/ceoparts.com\/tr\/wp-json\/wp\/v2\/types\/product"}],"wp:featuredmedia":[{"embeddable":true,"href":"https:\/\/ceoparts.com\/tr\/wp-json\/wp\/v2\/media\/14121"}],"wp:attachment":[{"href":"https:\/\/ceoparts.com\/tr\/wp-json\/wp\/v2\/media?parent=14120"}],"wp:term":[{"taxonomy":"product_brand","embeddable":true,"href":"https:\/\/ceoparts.com\/tr\/wp-json\/wp\/v2\/product_brand?post=14120"},{"taxonomy":"product_cat","embeddable":true,"href":"https:\/\/ceoparts.com\/tr\/wp-json\/wp\/v2\/product_cat?post=14120"},{"taxonomy":"product_tag","embeddable":true,"href":"https:\/\/ceoparts.com\/tr\/wp-json\/wp\/v2\/product_tag?post=14120"}],"curies":[{"name":"wp","href":"https:\/\/api.w.org\/{rel}","templated":true}]}}