{"id":14125,"date":"2025-02-08T12:38:31","date_gmt":"2025-02-08T09:38:31","guid":{"rendered":"https:\/\/ceoparts.com\/?post_type=product&#038;p=14125"},"modified":"2026-05-16T17:29:29","modified_gmt":"2026-05-16T14:29:29","slug":"kontak-anahtari-seti503-4493184","status":"publish","type":"product","link":"https:\/\/ceoparts.com\/tr\/urun\/kontak-anahtari-seti503-4493184\/","title":{"rendered":"Kontak Anahtar\u0131 Seti 503 &#8211; 4493184"},"content":{"rendered":"<p>Kontak Anahtar\u0131 Seti 503 &#8211; 4493184<\/p>","protected":false},"excerpt":{"rendered":"<p data-start=\"119\" data-end=\"330\"><br data-start=\"124\" data-end=\"127\" \/>Linde 503 model forkliftler i\u00e7in uygun olan kontak anahtar\u0131 seti, arac\u0131n g\u00fcvenli ve sorunsuz \u00e7al\u0131\u015fmas\u0131n\u0131 sa\u011flar. Set i\u00e7erisinde anahtar ve kontak anahtar\u0131 yer al\u0131r. Dayan\u0131kl\u0131 malzemelerle uzun \u00f6m\u00fcrl\u00fcd\u00fcr.<\/p>\n<p data-start=\"332\" data-end=\"592\"><strong data-start=\"332\" data-end=\"347\">\u00d6zellikler:<\/strong><br data-start=\"347\" data-end=\"350\" \/><strong data-start=\"350\" data-end=\"363\">\u00dcr\u00fcn Ad\u0131:<\/strong> Kontak Anahtar\u0131 Seti 503<br data-start=\"388\" data-end=\"391\" \/><strong data-start=\"391\" data-end=\"406\">Par\u00e7a Kodu:<\/strong> 4493184<br data-start=\"414\" data-end=\"417\" \/><strong data-start=\"417\" data-end=\"429\">Malzeme:<\/strong> Dayan\u0131kl\u0131 metal ve plastik bile\u015fenler<br data-start=\"467\" data-end=\"470\" \/><strong data-start=\"470\" data-end=\"489\">Kullan\u0131m Alan\u0131:<\/strong> Linde 503 forklift kontak sistemi<br data-start=\"523\" data-end=\"526\" \/><strong data-start=\"526\" data-end=\"538\">Avantaj:<\/strong> Set halinde kolay kullan\u0131m, g\u00fcvenli ve dayan\u0131kl\u0131 yap\u0131<\/p>\n<p data-start=\"594\" data-end=\"800\">\n","protected":false},"featured_media":13547,"template":"","meta":[],"product_brand":[],"product_cat":[469],"product_tag":[],"class_list":{"0":"post-14125","1":"product","2":"type-product","3":"status-publish","4":"has-post-thumbnail","6":"product_cat-elektrik-ve-sistem-parcalari","8":"first","9":"instock","10":"taxable","11":"shipping-taxable","12":"purchasable","13":"product-type-simple"},"_links":{"self":[{"href":"https:\/\/ceoparts.com\/tr\/wp-json\/wp\/v2\/product\/14125","targetHints":{"allow":["GET"]}}],"collection":[{"href":"https:\/\/ceoparts.com\/tr\/wp-json\/wp\/v2\/product"}],"about":[{"href":"https:\/\/ceoparts.com\/tr\/wp-json\/wp\/v2\/types\/product"}],"wp:featuredmedia":[{"embeddable":true,"href":"https:\/\/ceoparts.com\/tr\/wp-json\/wp\/v2\/media\/13547"}],"wp:attachment":[{"href":"https:\/\/ceoparts.com\/tr\/wp-json\/wp\/v2\/media?parent=14125"}],"wp:term":[{"taxonomy":"product_brand","embeddable":true,"href":"https:\/\/ceoparts.com\/tr\/wp-json\/wp\/v2\/product_brand?post=14125"},{"taxonomy":"product_cat","embeddable":true,"href":"https:\/\/ceoparts.com\/tr\/wp-json\/wp\/v2\/product_cat?post=14125"},{"taxonomy":"product_tag","embeddable":true,"href":"https:\/\/ceoparts.com\/tr\/wp-json\/wp\/v2\/product_tag?post=14125"}],"curies":[{"name":"wp","href":"https:\/\/api.w.org\/{rel}","templated":true}]}}