{"id":14133,"date":"2025-02-10T11:21:53","date_gmt":"2025-02-10T08:21:53","guid":{"rendered":"https:\/\/ceoparts.com\/?post_type=product&#038;p=14133"},"modified":"2026-05-16T16:34:16","modified_gmt":"2026-05-16T13:34:16","slug":"kontak-anahtari-linde-7915492632","status":"publish","type":"product","link":"https:\/\/ceoparts.com\/tr\/urun\/kontak-anahtari-linde-7915492632\/","title":{"rendered":"Kontak Anahtar\u0131 Linde &#8211; 7915492632"},"content":{"rendered":"<p>Kontak Anahtar\u0131 Linde &#8211; 7915492632<\/p>\n<p>Linde 7915492632<\/p>\n<p>1218 HT25\/30<br \/>\n1283 HT25\/30<br \/>\n1313-01 H25\/27\/30\/32<br \/>\n1401 H100\/H120\/H140\/H150\/H160\/H180 &#8211; T4<br \/>\n1402 H180,H200,H220,H250,H280,H300,H320<br \/>\n318 C90\/5, C90\/6, C90\/7, C90\/8<br \/>\n351-05 H25\/30-05<br \/>\n351-05 H25\/30-05<br \/>\n352-05 H35\/40\/45\/50D-05<br \/>\n359 H100\/H120\/H140\/H150\/H160\/H180 &#8211; T2<br \/>\n359 H100\/H120\/H140\/H150\/H160\/H180 &#8211; T3<br \/>\n391-01 H14\/16\/18\/20<br \/>\n392-02 H20\/25 &#8211; 02<br \/>\n392-01 H20\/25<br \/>\n393-02 H25\/30\/35 &#8211; 02<br \/>\n393-01 H25\/30\/35<br \/>\n394-02 H40\/45\/50 &#8211; 02<br \/>\n394-01 H40\/45\/50<br \/>\n396-02 H50\/60\/70\/80 &#8211; 02<br \/>\n396-01 H50\/60\/70\/80<\/p>","protected":false},"excerpt":{"rendered":"<p data-start=\"129\" data-end=\"320\"><br data-start=\"134\" data-end=\"137\" \/>Linde marka forkliftler i\u00e7in tasarlanm\u0131\u015f kontak anahtar\u0131, arac\u0131n g\u00fcvenli ve sorunsuz \u00e7al\u0131\u015fmas\u0131n\u0131 sa\u011flar. Dayan\u0131kl\u0131 malzemeler kullan\u0131larak \u00fcretilmi\u015f olup uzun \u00f6m\u00fcrl\u00fc performans sunar.<\/p>\n<p data-start=\"322\" data-end=\"570\"><strong data-start=\"322\" data-end=\"337\">\u00d6zellikler:<\/strong><br data-start=\"337\" data-end=\"340\" \/><strong data-start=\"340\" data-end=\"353\">\u00dcr\u00fcn Ad\u0131:<\/strong> Kontak Anahtar\u0131 Linde<br data-start=\"375\" data-end=\"378\" \/><strong data-start=\"378\" data-end=\"393\">Par\u00e7a Kodu:<\/strong> 7915492632<br data-start=\"404\" data-end=\"407\" \/><strong data-start=\"407\" data-end=\"419\">Malzeme:<\/strong> Dayan\u0131kl\u0131 metal ve plastik bile\u015fenler<br data-start=\"457\" data-end=\"460\" \/><strong data-start=\"460\" data-end=\"479\">Kullan\u0131m Alan\u0131:<\/strong> Linde forklift kontak sistemi<br data-start=\"509\" data-end=\"512\" \/><strong data-start=\"512\" data-end=\"524\">Avantaj:<\/strong> G\u00fcvenli kullan\u0131m, sa\u011flam yap\u0131 ve kolay montaj<\/p>\n<p data-start=\"572\" data-end=\"744\">\n","protected":false},"featured_media":14134,"template":"","meta":[],"product_brand":[],"product_cat":[246,469,523],"product_tag":[],"class_list":{"0":"post-14133","1":"product","2":"type-product","3":"status-publish","4":"has-post-thumbnail","6":"product_cat-linde","7":"product_cat-elektrik-ve-sistem-parcalari","8":"product_cat-yedek-parca-linde","10":"first","11":"instock","12":"taxable","13":"shipping-taxable","14":"purchasable","15":"product-type-simple"},"_links":{"self":[{"href":"https:\/\/ceoparts.com\/tr\/wp-json\/wp\/v2\/product\/14133","targetHints":{"allow":["GET"]}}],"collection":[{"href":"https:\/\/ceoparts.com\/tr\/wp-json\/wp\/v2\/product"}],"about":[{"href":"https:\/\/ceoparts.com\/tr\/wp-json\/wp\/v2\/types\/product"}],"wp:featuredmedia":[{"embeddable":true,"href":"https:\/\/ceoparts.com\/tr\/wp-json\/wp\/v2\/media\/14134"}],"wp:attachment":[{"href":"https:\/\/ceoparts.com\/tr\/wp-json\/wp\/v2\/media?parent=14133"}],"wp:term":[{"taxonomy":"product_brand","embeddable":true,"href":"https:\/\/ceoparts.com\/tr\/wp-json\/wp\/v2\/product_brand?post=14133"},{"taxonomy":"product_cat","embeddable":true,"href":"https:\/\/ceoparts.com\/tr\/wp-json\/wp\/v2\/product_cat?post=14133"},{"taxonomy":"product_tag","embeddable":true,"href":"https:\/\/ceoparts.com\/tr\/wp-json\/wp\/v2\/product_tag?post=14133"}],"curies":[{"name":"wp","href":"https:\/\/api.w.org\/{rel}","templated":true}]}}