{"id":14142,"date":"2025-02-10T14:32:43","date_gmt":"2025-02-10T11:32:43","guid":{"rendered":"https:\/\/ceoparts.com\/?post_type=product&#038;p=14142"},"modified":"2026-05-16T21:15:26","modified_gmt":"2026-05-16T18:15:26","slug":"kontak-anahtari-linde-503-2-kademeli","status":"publish","type":"product","link":"https:\/\/ceoparts.com\/tr\/urun\/kontak-anahtari-linde-503-2-kademeli\/","title":{"rendered":"Kontak Anahtar\u0131 Linde 503 2 Kademeli"},"content":{"rendered":"<p>Kontak Anahtar\u0131 Linde 503 2 Kademeli<\/p>","protected":false},"excerpt":{"rendered":"<p data-start=\"133\" data-end=\"350\"><br data-start=\"138\" data-end=\"141\" \/>Linde 503 model forkliftler i\u00e7in \u00f6zel olarak tasarlanm\u0131\u015f 2 kademeli kontak anahtar\u0131, arac\u0131n g\u00fcvenli ve kontroll\u00fc \u00e7al\u0131\u015fmas\u0131n\u0131 sa\u011flar. Dayan\u0131kl\u0131 yap\u0131s\u0131 ve kaliteli malzemesi sayesinde uzun \u00f6m\u00fcrl\u00fc kullan\u0131m sunar.<\/p>\n<p data-start=\"352\" data-end=\"618\"><strong data-start=\"352\" data-end=\"367\">\u00d6zellikler:<\/strong><br data-start=\"367\" data-end=\"370\" \/><strong data-start=\"370\" data-end=\"383\">\u00dcr\u00fcn Ad\u0131:<\/strong> Kontak Anahtar\u0131 Linde 503 2 Kademeli<br data-start=\"420\" data-end=\"423\" \/><strong data-start=\"423\" data-end=\"438\">Par\u00e7a Kodu:<\/strong> \u2013<br data-start=\"440\" data-end=\"443\" \/><strong data-start=\"443\" data-end=\"455\">Malzeme:<\/strong> Sa\u011flam metal ve plastik bile\u015fenler<br data-start=\"490\" data-end=\"493\" \/><strong data-start=\"493\" data-end=\"512\">Kullan\u0131m Alan\u0131:<\/strong> Linde 503 forklift kontak sistemi<br data-start=\"546\" data-end=\"549\" \/><strong data-start=\"549\" data-end=\"561\">Avantaj:<\/strong> \u0130ki kademeli kontrol, g\u00fcvenli kullan\u0131m ve dayan\u0131kl\u0131 yap\u0131<\/p>\n<p data-start=\"620\" data-end=\"836\">\n","protected":false},"featured_media":14143,"template":"","meta":[],"product_brand":[],"product_cat":[246,469,523],"product_tag":[],"class_list":{"0":"post-14142","1":"product","2":"type-product","3":"status-publish","4":"has-post-thumbnail","6":"product_cat-linde","7":"product_cat-elektrik-ve-sistem-parcalari","8":"product_cat-yedek-parca-linde","10":"first","11":"instock","12":"taxable","13":"shipping-taxable","14":"purchasable","15":"product-type-simple"},"_links":{"self":[{"href":"https:\/\/ceoparts.com\/tr\/wp-json\/wp\/v2\/product\/14142","targetHints":{"allow":["GET"]}}],"collection":[{"href":"https:\/\/ceoparts.com\/tr\/wp-json\/wp\/v2\/product"}],"about":[{"href":"https:\/\/ceoparts.com\/tr\/wp-json\/wp\/v2\/types\/product"}],"wp:featuredmedia":[{"embeddable":true,"href":"https:\/\/ceoparts.com\/tr\/wp-json\/wp\/v2\/media\/14143"}],"wp:attachment":[{"href":"https:\/\/ceoparts.com\/tr\/wp-json\/wp\/v2\/media?parent=14142"}],"wp:term":[{"taxonomy":"product_brand","embeddable":true,"href":"https:\/\/ceoparts.com\/tr\/wp-json\/wp\/v2\/product_brand?post=14142"},{"taxonomy":"product_cat","embeddable":true,"href":"https:\/\/ceoparts.com\/tr\/wp-json\/wp\/v2\/product_cat?post=14142"},{"taxonomy":"product_tag","embeddable":true,"href":"https:\/\/ceoparts.com\/tr\/wp-json\/wp\/v2\/product_tag?post=14142"}],"curies":[{"name":"wp","href":"https:\/\/api.w.org\/{rel}","templated":true}]}}