{"id":14146,"date":"2025-02-10T14:43:18","date_gmt":"2025-02-10T11:43:18","guid":{"rendered":"https:\/\/ceoparts.com\/?post_type=product&#038;p=14146"},"modified":"2026-05-16T15:34:24","modified_gmt":"2026-05-16T12:34:24","slug":"kontak-anahtari-daewoo-7-soket","status":"publish","type":"product","link":"https:\/\/ceoparts.com\/tr\/urun\/kontak-anahtari-daewoo-7-soket\/","title":{"rendered":"Kontak Anahtar\u0131 Daewoo 7 Soket"},"content":{"rendered":"<p>Kontak Anahtar\u0131 Daewoo 7 Soket<\/p>","protected":false},"excerpt":{"rendered":"<p data-start=\"121\" data-end=\"301\"><br data-start=\"126\" data-end=\"129\" \/>Daewoo forkliftler i\u00e7in tasarlanm\u0131\u015f 7 soketli kontak anahtar\u0131, arac\u0131n g\u00fcvenli ve kesintisiz \u00e7al\u0131\u015fmas\u0131n\u0131 sa\u011flar. Sa\u011flam malzeme yap\u0131s\u0131 sayesinde uzun \u00f6m\u00fcrl\u00fc ve dayan\u0131kl\u0131d\u0131r.<\/p>\n<p data-start=\"303\" data-end=\"552\"><strong data-start=\"303\" data-end=\"318\">\u00d6zellikler:<\/strong><br data-start=\"318\" data-end=\"321\" \/><strong data-start=\"321\" data-end=\"334\">\u00dcr\u00fcn Ad\u0131:<\/strong> Kontak Anahtar\u0131 Daewoo 7 Soket<br data-start=\"365\" data-end=\"368\" \/><strong data-start=\"368\" data-end=\"383\">Par\u00e7a Kodu:<\/strong> \u2013<br data-start=\"385\" data-end=\"388\" \/><strong data-start=\"388\" data-end=\"400\">Malzeme:<\/strong> Dayan\u0131kl\u0131 metal ve plastik bile\u015fenler<br data-start=\"438\" data-end=\"441\" \/><strong data-start=\"441\" data-end=\"460\">Kullan\u0131m Alan\u0131:<\/strong> Daewoo forklift kontak sistemi<br data-start=\"491\" data-end=\"494\" \/><strong data-start=\"494\" data-end=\"506\">Avantaj:<\/strong> G\u00fcvenli kullan\u0131m, sa\u011flam yap\u0131 ve kolay montaj<\/p>\n<p data-start=\"554\" data-end=\"740\">\n","protected":false},"featured_media":14147,"template":"","meta":[],"product_brand":[],"product_cat":[469],"product_tag":[],"class_list":{"0":"post-14146","1":"product","2":"type-product","3":"status-publish","4":"has-post-thumbnail","6":"product_cat-elektrik-ve-sistem-parcalari","8":"first","9":"instock","10":"taxable","11":"shipping-taxable","12":"purchasable","13":"product-type-simple"},"_links":{"self":[{"href":"https:\/\/ceoparts.com\/tr\/wp-json\/wp\/v2\/product\/14146","targetHints":{"allow":["GET"]}}],"collection":[{"href":"https:\/\/ceoparts.com\/tr\/wp-json\/wp\/v2\/product"}],"about":[{"href":"https:\/\/ceoparts.com\/tr\/wp-json\/wp\/v2\/types\/product"}],"wp:featuredmedia":[{"embeddable":true,"href":"https:\/\/ceoparts.com\/tr\/wp-json\/wp\/v2\/media\/14147"}],"wp:attachment":[{"href":"https:\/\/ceoparts.com\/tr\/wp-json\/wp\/v2\/media?parent=14146"}],"wp:term":[{"taxonomy":"product_brand","embeddable":true,"href":"https:\/\/ceoparts.com\/tr\/wp-json\/wp\/v2\/product_brand?post=14146"},{"taxonomy":"product_cat","embeddable":true,"href":"https:\/\/ceoparts.com\/tr\/wp-json\/wp\/v2\/product_cat?post=14146"},{"taxonomy":"product_tag","embeddable":true,"href":"https:\/\/ceoparts.com\/tr\/wp-json\/wp\/v2\/product_tag?post=14146"}],"curies":[{"name":"wp","href":"https:\/\/api.w.org\/{rel}","templated":true}]}}