{"id":14150,"date":"2025-02-10T15:01:31","date_gmt":"2025-02-10T12:01:31","guid":{"rendered":"https:\/\/ceoparts.com\/?post_type=product&#038;p=14150"},"modified":"2026-05-16T15:28:37","modified_gmt":"2026-05-16T12:28:37","slug":"kontak-anahtari-komatsu-t-16-6-soket-3eb-55-51120","status":"publish","type":"product","link":"https:\/\/ceoparts.com\/tr\/urun\/kontak-anahtari-komatsu-t-16-6-soket-3eb-55-51120\/","title":{"rendered":"Kontak Anahtar\u0131 KOMATSU T-16 6 Soket &#8211; 3EB-55-51120"},"content":{"rendered":"<p>Kontak Anahtar\u0131 KOMATSU T-16 6 Soket &#8211; 3EB-55-51120<\/p>\n<p><\/p>\n<ul>\n<li>KOMATSU FD20<\/li>\n<li>KOMATSU30-16<\/li>\n<li>KOMATSU 17\/20<\/li>\n<\/ul>\n<p><\/p>","protected":false},"excerpt":{"rendered":"<p data-start=\"148\" data-end=\"353\"><br data-start=\"153\" data-end=\"156\" \/>Komatsu T-16 forklift modelleri i\u00e7in \u00f6zel olarak tasarlanm\u0131\u015f 6 soketli kontak anahtar\u0131, arac\u0131n g\u00fcvenli ve sorunsuz \u00e7al\u0131\u015fmas\u0131n\u0131 sa\u011flar. Dayan\u0131kl\u0131 malzeme yap\u0131s\u0131 sayesinde uzun \u00f6m\u00fcrl\u00fc kullan\u0131m sunar.<\/p>\n<p data-start=\"355\" data-end=\"627\"><strong data-start=\"355\" data-end=\"370\">\u00d6zellikler:<\/strong><br data-start=\"370\" data-end=\"373\" \/><strong data-start=\"373\" data-end=\"386\">\u00dcr\u00fcn Ad\u0131:<\/strong> Kontak Anahtar\u0131 KOMATSU T-16 6 Soket<br data-start=\"423\" data-end=\"426\" \/><strong data-start=\"426\" data-end=\"441\">Par\u00e7a Kodu:<\/strong> 3EB-55-51120<br data-start=\"454\" data-end=\"457\" \/><strong data-start=\"457\" data-end=\"469\">Malzeme:<\/strong> Dayan\u0131kl\u0131 metal ve plastik bile\u015fenler<br data-start=\"507\" data-end=\"510\" \/><strong data-start=\"510\" data-end=\"529\">Kullan\u0131m Alan\u0131:<\/strong> Komatsu T-16 forklift kontak sistemi<br data-start=\"566\" data-end=\"569\" \/><strong data-start=\"569\" data-end=\"581\">Avantaj:<\/strong> G\u00fcvenli kullan\u0131m, sa\u011flam yap\u0131 ve kolay montaj<\/p>\n<p data-start=\"629\" data-end=\"822\">\n","protected":false},"featured_media":14151,"template":"","meta":[],"product_brand":[],"product_cat":[469],"product_tag":[],"class_list":{"0":"post-14150","1":"product","2":"type-product","3":"status-publish","4":"has-post-thumbnail","6":"product_cat-elektrik-ve-sistem-parcalari","8":"first","9":"instock","10":"taxable","11":"shipping-taxable","12":"purchasable","13":"product-type-simple"},"_links":{"self":[{"href":"https:\/\/ceoparts.com\/tr\/wp-json\/wp\/v2\/product\/14150","targetHints":{"allow":["GET"]}}],"collection":[{"href":"https:\/\/ceoparts.com\/tr\/wp-json\/wp\/v2\/product"}],"about":[{"href":"https:\/\/ceoparts.com\/tr\/wp-json\/wp\/v2\/types\/product"}],"wp:featuredmedia":[{"embeddable":true,"href":"https:\/\/ceoparts.com\/tr\/wp-json\/wp\/v2\/media\/14151"}],"wp:attachment":[{"href":"https:\/\/ceoparts.com\/tr\/wp-json\/wp\/v2\/media?parent=14150"}],"wp:term":[{"taxonomy":"product_brand","embeddable":true,"href":"https:\/\/ceoparts.com\/tr\/wp-json\/wp\/v2\/product_brand?post=14150"},{"taxonomy":"product_cat","embeddable":true,"href":"https:\/\/ceoparts.com\/tr\/wp-json\/wp\/v2\/product_cat?post=14150"},{"taxonomy":"product_tag","embeddable":true,"href":"https:\/\/ceoparts.com\/tr\/wp-json\/wp\/v2\/product_tag?post=14150"}],"curies":[{"name":"wp","href":"https:\/\/api.w.org\/{rel}","templated":true}]}}