{"id":14154,"date":"2025-02-10T15:33:14","date_gmt":"2025-02-10T12:33:14","guid":{"rendered":"https:\/\/ceoparts.com\/?post_type=product&#038;p=14154"},"modified":"2026-05-16T16:07:53","modified_gmt":"2026-05-16T13:07:53","slug":"kontak-anahtari-hangcha-fd20-30-mitsubishi-federal-jk406c","status":"publish","type":"product","link":"https:\/\/ceoparts.com\/tr\/urun\/kontak-anahtari-hangcha-fd20-30-mitsubishi-federal-jk406c\/","title":{"rendered":"Kontak Anahtar\u0131 Hangcha FD20-30 Mitsubishi \/ Federal &#8211; JK406C"},"content":{"rendered":"<p>Kontak Anahtar\u0131 Hangcha FD20-30 Mitsubishi \/ Federal &#8211; JK406C<\/p>","protected":false},"excerpt":{"rendered":"<p data-start=\"183\" data-end=\"415\"><br data-start=\"188\" data-end=\"191\" \/>Hangcha FD20-30 Mitsubishi ve Federal forklift modelleri i\u00e7in \u00f6zel olarak tasarlanm\u0131\u015f JK406C kontak anahtar\u0131, arac\u0131n g\u00fcvenli ve sorunsuz \u00e7al\u0131\u015fmas\u0131n\u0131 sa\u011flar. Dayan\u0131kl\u0131 malzeme ve kaliteli i\u015f\u00e7ilikle uzun \u00f6m\u00fcrl\u00fc kullan\u0131m sunar.<\/p>\n<p data-start=\"417\" data-end=\"727\"><strong data-start=\"417\" data-end=\"432\">\u00d6zellikler:<\/strong><br data-start=\"432\" data-end=\"435\" \/><strong data-start=\"435\" data-end=\"448\">\u00dcr\u00fcn Ad\u0131:<\/strong> Kontak Anahtar\u0131 Hangcha FD20-30 Mitsubishi \/ Federal<br data-start=\"501\" data-end=\"504\" \/><strong data-start=\"504\" data-end=\"519\">Par\u00e7a Kodu:<\/strong> JK406C<br data-start=\"526\" data-end=\"529\" \/><strong data-start=\"529\" data-end=\"541\">Malzeme:<\/strong> Dayan\u0131kl\u0131 metal ve plastik bile\u015fenler<br data-start=\"579\" data-end=\"582\" \/><strong data-start=\"582\" data-end=\"601\">Kullan\u0131m Alan\u0131:<\/strong> Hangcha FD20-30 Mitsubishi ve Federal forklift kontak sistemi<br data-start=\"663\" data-end=\"666\" \/><strong data-start=\"666\" data-end=\"678\">Avantaj:<\/strong> G\u00fcvenli kullan\u0131m, dayan\u0131kl\u0131 yap\u0131 ve kolay montaj<\/p>\n<p data-start=\"729\" data-end=\"972\">\n","protected":false},"featured_media":14155,"template":"","meta":[],"product_brand":[],"product_cat":[469],"product_tag":[],"class_list":{"0":"post-14154","1":"product","2":"type-product","3":"status-publish","4":"has-post-thumbnail","6":"product_cat-elektrik-ve-sistem-parcalari","8":"first","9":"instock","10":"taxable","11":"shipping-taxable","12":"purchasable","13":"product-type-simple"},"_links":{"self":[{"href":"https:\/\/ceoparts.com\/tr\/wp-json\/wp\/v2\/product\/14154","targetHints":{"allow":["GET"]}}],"collection":[{"href":"https:\/\/ceoparts.com\/tr\/wp-json\/wp\/v2\/product"}],"about":[{"href":"https:\/\/ceoparts.com\/tr\/wp-json\/wp\/v2\/types\/product"}],"wp:featuredmedia":[{"embeddable":true,"href":"https:\/\/ceoparts.com\/tr\/wp-json\/wp\/v2\/media\/14155"}],"wp:attachment":[{"href":"https:\/\/ceoparts.com\/tr\/wp-json\/wp\/v2\/media?parent=14154"}],"wp:term":[{"taxonomy":"product_brand","embeddable":true,"href":"https:\/\/ceoparts.com\/tr\/wp-json\/wp\/v2\/product_brand?post=14154"},{"taxonomy":"product_cat","embeddable":true,"href":"https:\/\/ceoparts.com\/tr\/wp-json\/wp\/v2\/product_cat?post=14154"},{"taxonomy":"product_tag","embeddable":true,"href":"https:\/\/ceoparts.com\/tr\/wp-json\/wp\/v2\/product_tag?post=14154"}],"curies":[{"name":"wp","href":"https:\/\/api.w.org\/{rel}","templated":true}]}}