{"id":14159,"date":"2025-02-10T15:46:10","date_gmt":"2025-02-10T12:46:10","guid":{"rendered":"https:\/\/ceoparts.com\/?post_type=product&#038;p=14159"},"modified":"2026-05-16T15:54:46","modified_gmt":"2026-05-16T12:54:46","slug":"kontak-anahtari-linde-h12-80-7-soket-0009730212-0009730215-0009730204","status":"publish","type":"product","link":"https:\/\/ceoparts.com\/tr\/urun\/kontak-anahtari-linde-h12-80-7-soket-0009730212-0009730215-0009730204\/","title":{"rendered":"Kontak Anahtar\u0131 Linde H12-80 7 Soket &#8211; 0009730212, 0009730215, 0009730204"},"content":{"rendered":"<p>Kontak Anahtar\u0131 Linde H12-80 7 Soket &#8211; 0009730212, 0009730215, 0009730204<\/p>\n<p>350-01\/02\u00a0 \u00a0Model: H12\/16\/18<br \/>\n350-03 \u00a0\u00a0\u00a0\u00a0\u00a0\u00a0\u00a0\u00a0Model: H12\/16\/18\/20 \u2013 03<br \/>\n351-02\u00a0\u00a0\u00a0\u00a0\u00a0\u00a0 \u00a0\u00a0Model: H20\/25\/30 \u2013 02<br \/>\n351-03\u00a0\u00a0\u00a0\u00a0\u00a0\u00a0 \u00a0\u00a0Model: H20\/25\/30\/35 \u2013 03<br \/>\n351-04\u00a0\u00a0\u00a0\u00a0\u00a0 \u00a0\u00a0\u00a0Model: H25\/30-04<br \/>\n352-03\/04\u00a0 \u00a0Model: H35\/40\/45 \u2013 03\/04<br \/>\n352-04\u00a0\u00a0\u00a0\u00a0\u00a0\u00a0 \u00a0\u00a0Model: H35\/40\/45 \u2013 04<br \/>\n353-01\u00a0\u00a0\u00a0\u00a0\u00a0\u00a0\u00a0 \u00a0Model: H50\/60\/70\/80<\/p>","protected":false},"excerpt":{"rendered":"<p data-start=\"170\" data-end=\"370\"><br data-start=\"175\" data-end=\"178\" \/>Linde H12-80 model forkliftler i\u00e7in \u00f6zel olarak tasarlanm\u0131\u015f 7 soketli kontak anahtar\u0131, arac\u0131n g\u00fcvenli \u00e7al\u0131\u015fmas\u0131n\u0131 sa\u011flar. Y\u00fcksek kalite malzemelerden \u00fcretilmi\u015f olup uzun \u00f6m\u00fcrl\u00fc kullan\u0131m sunar.<\/p>\n<p data-start=\"372\" data-end=\"669\"><strong data-start=\"372\" data-end=\"387\">\u00d6zellikler:<\/strong><br data-start=\"387\" data-end=\"390\" \/><strong data-start=\"390\" data-end=\"403\">\u00dcr\u00fcn Ad\u0131:<\/strong> Kontak Anahtar\u0131 Linde H12-80 7 Soket<br data-start=\"440\" data-end=\"443\" \/><strong data-start=\"443\" data-end=\"458\">Par\u00e7a Kodu:<\/strong> 0009730212, 0009730215, 0009730204<br data-start=\"493\" data-end=\"496\" \/><strong data-start=\"496\" data-end=\"508\">Malzeme:<\/strong> Dayan\u0131kl\u0131 metal ve plastik bile\u015fenler<br data-start=\"546\" data-end=\"549\" \/><strong data-start=\"549\" data-end=\"568\">Kullan\u0131m Alan\u0131:<\/strong> Linde H12-80 forklift kontak sistemi<br data-start=\"605\" data-end=\"608\" \/><strong data-start=\"608\" data-end=\"620\">Avantaj:<\/strong> G\u00fcvenli kullan\u0131m, dayan\u0131kl\u0131 yap\u0131 ve kolay montaj<\/p>\n<p data-start=\"671\" data-end=\"867\">\n","protected":false},"featured_media":14161,"template":"","meta":[],"product_brand":[],"product_cat":[246,469,523],"product_tag":[],"class_list":{"0":"post-14159","1":"product","2":"type-product","3":"status-publish","4":"has-post-thumbnail","6":"product_cat-linde","7":"product_cat-elektrik-ve-sistem-parcalari","8":"product_cat-yedek-parca-linde","10":"first","11":"instock","12":"taxable","13":"shipping-taxable","14":"purchasable","15":"product-type-simple"},"_links":{"self":[{"href":"https:\/\/ceoparts.com\/tr\/wp-json\/wp\/v2\/product\/14159","targetHints":{"allow":["GET"]}}],"collection":[{"href":"https:\/\/ceoparts.com\/tr\/wp-json\/wp\/v2\/product"}],"about":[{"href":"https:\/\/ceoparts.com\/tr\/wp-json\/wp\/v2\/types\/product"}],"wp:featuredmedia":[{"embeddable":true,"href":"https:\/\/ceoparts.com\/tr\/wp-json\/wp\/v2\/media\/14161"}],"wp:attachment":[{"href":"https:\/\/ceoparts.com\/tr\/wp-json\/wp\/v2\/media?parent=14159"}],"wp:term":[{"taxonomy":"product_brand","embeddable":true,"href":"https:\/\/ceoparts.com\/tr\/wp-json\/wp\/v2\/product_brand?post=14159"},{"taxonomy":"product_cat","embeddable":true,"href":"https:\/\/ceoparts.com\/tr\/wp-json\/wp\/v2\/product_cat?post=14159"},{"taxonomy":"product_tag","embeddable":true,"href":"https:\/\/ceoparts.com\/tr\/wp-json\/wp\/v2\/product_tag?post=14159"}],"curies":[{"name":"wp","href":"https:\/\/api.w.org\/{rel}","templated":true}]}}