{"id":14163,"date":"2025-02-10T16:12:58","date_gmt":"2025-02-10T13:12:58","guid":{"rendered":"https:\/\/ceoparts.com\/?post_type=product&#038;p=14163"},"modified":"2026-05-16T15:01:12","modified_gmt":"2026-05-16T12:01:12","slug":"gosterge-paneli-tcm-22n2-40301a-22n52-40801","status":"publish","type":"product","link":"https:\/\/ceoparts.com\/tr\/urun\/gosterge-paneli-tcm-22n2-40301a-22n52-40801\/","title":{"rendered":"G\u00f6sterge Paneli TCM &#8211; 22N2-40301A , 22N52-40801"},"content":{"rendered":"<p>G\u00f6sterge Paneli TCM &#8211; 22N2-40301A , 22N52-40801<\/p>","protected":false},"excerpt":{"rendered":"<p data-start=\"126\" data-end=\"350\"><br data-start=\"131\" data-end=\"134\" \/>TCM G\u00f6sterge Paneli, forklift ve i\u015f makinelerinde operat\u00f6r\u00fcn ara\u00e7 performans\u0131n\u0131 ve durumunu kolayca takip etmesini sa\u011flar. 22N2-40301A ve 22N52-40801 par\u00e7a kodlar\u0131 ile uyumlu, dayan\u0131kl\u0131 ve hassas bir yap\u0131ya sahiptir.<\/p>\n<p data-start=\"352\" data-end=\"648\"><strong data-start=\"352\" data-end=\"367\">\u00d6zellikler:<\/strong><br data-start=\"367\" data-end=\"370\" \/><strong data-start=\"370\" data-end=\"383\">\u00dcr\u00fcn Ad\u0131:<\/strong> G\u00f6sterge Paneli TCM<br data-start=\"403\" data-end=\"406\" \/><strong data-start=\"406\" data-end=\"421\">Par\u00e7a Kodu:<\/strong> 22N2-40301A, 22N52-40801<br data-start=\"446\" data-end=\"449\" \/><strong data-start=\"449\" data-end=\"461\">Malzeme:<\/strong> Sa\u011flam plastik kasa ve elektronik bile\u015fenler<br data-start=\"506\" data-end=\"509\" \/><strong data-start=\"509\" data-end=\"528\">Kullan\u0131m Alan\u0131:<\/strong> Forklift ve i\u015f makineleri performans ve durum takibi<br data-start=\"581\" data-end=\"584\" \/><strong data-start=\"584\" data-end=\"596\">Avantaj:<\/strong> Y\u00fcksek hassasiyet, dayan\u0131kl\u0131 yap\u0131 ve kolay kullan\u0131m<\/p>\n<p data-start=\"650\" data-end=\"881\">\n","protected":false},"featured_media":14165,"template":"","meta":[],"product_brand":[],"product_cat":[431],"product_tag":[],"class_list":{"0":"post-14163","1":"product","2":"type-product","3":"status-publish","4":"has-post-thumbnail","6":"product_cat-ekranlar-ve-kartlar","8":"first","9":"instock","10":"taxable","11":"shipping-taxable","12":"purchasable","13":"product-type-simple"},"_links":{"self":[{"href":"https:\/\/ceoparts.com\/tr\/wp-json\/wp\/v2\/product\/14163","targetHints":{"allow":["GET"]}}],"collection":[{"href":"https:\/\/ceoparts.com\/tr\/wp-json\/wp\/v2\/product"}],"about":[{"href":"https:\/\/ceoparts.com\/tr\/wp-json\/wp\/v2\/types\/product"}],"wp:featuredmedia":[{"embeddable":true,"href":"https:\/\/ceoparts.com\/tr\/wp-json\/wp\/v2\/media\/14165"}],"wp:attachment":[{"href":"https:\/\/ceoparts.com\/tr\/wp-json\/wp\/v2\/media?parent=14163"}],"wp:term":[{"taxonomy":"product_brand","embeddable":true,"href":"https:\/\/ceoparts.com\/tr\/wp-json\/wp\/v2\/product_brand?post=14163"},{"taxonomy":"product_cat","embeddable":true,"href":"https:\/\/ceoparts.com\/tr\/wp-json\/wp\/v2\/product_cat?post=14163"},{"taxonomy":"product_tag","embeddable":true,"href":"https:\/\/ceoparts.com\/tr\/wp-json\/wp\/v2\/product_tag?post=14163"}],"curies":[{"name":"wp","href":"https:\/\/api.w.org\/{rel}","templated":true}]}}