{"id":14170,"date":"2025-02-10T16:17:59","date_gmt":"2025-02-10T13:17:59","guid":{"rendered":"https:\/\/ceoparts.com\/?post_type=product&#038;p=14170"},"modified":"2026-05-16T16:00:21","modified_gmt":"2026-05-16T13:00:21","slug":"gosterge-saati-906-24v-dlb-908l24bz1","status":"publish","type":"product","link":"https:\/\/ceoparts.com\/tr\/urun\/gosterge-saati-906-24v-dlb-908l24bz1\/","title":{"rendered":"G\u00f6sterge Saati 906 24V &#8211; DLB-908L24BZ1"},"content":{"rendered":"<p>G\u00f6sterge Saati 906 24V &#8211; DLB-908L24BZ1<\/p>","protected":false},"excerpt":{"rendered":"<p data-start=\"137\" data-end=\"401\"><br data-start=\"142\" data-end=\"145\" \/>G\u00f6sterge Saati 906 24V \u2013 DLB-908L24BZ1, forklift ve i\u015f makinelerinde \u00e7al\u0131\u015fma s\u00fcresi ve motor performans\u0131n\u0131n takibi i\u00e7in kullan\u0131lan dayan\u0131kl\u0131 ve hassas bir saat g\u00f6stergesidir. 24V \u00e7al\u0131\u015fma voltaj\u0131na uygun olarak tasarlanm\u0131\u015ft\u0131r ve uzun \u00f6m\u00fcrl\u00fc kullan\u0131m sa\u011flar.<\/p>\n<p data-start=\"403\" data-end=\"696\"><strong data-start=\"403\" data-end=\"418\">\u00d6zellikler:<\/strong><br data-start=\"418\" data-end=\"421\" \/><strong data-start=\"421\" data-end=\"434\">\u00dcr\u00fcn Ad\u0131:<\/strong> G\u00f6sterge Saati 906 24V<br data-start=\"457\" data-end=\"460\" \/><strong data-start=\"460\" data-end=\"475\">Par\u00e7a Kodu:<\/strong> DLB-908L24BZ1<br data-start=\"489\" data-end=\"492\" \/><strong data-start=\"492\" data-end=\"504\">Malzeme:<\/strong> Dayan\u0131kl\u0131 plastik kasa ve hassas mekanizma<br data-start=\"547\" data-end=\"550\" \/><strong data-start=\"550\" data-end=\"569\">Kullan\u0131m Alan\u0131:<\/strong> Forklift ve i\u015f makineleri \u00e7al\u0131\u015fma s\u00fcresi ve performans takibi<br data-start=\"631\" data-end=\"634\" \/><strong data-start=\"634\" data-end=\"646\">Avantaj:<\/strong> Y\u00fcksek hassasiyet, dayan\u0131kl\u0131 yap\u0131 ve kolay montaj<\/p>\n<p data-start=\"698\" data-end=\"933\">\n","protected":false},"featured_media":14171,"template":"","meta":[],"product_brand":[],"product_cat":[431],"product_tag":[],"class_list":{"0":"post-14170","1":"product","2":"type-product","3":"status-publish","4":"has-post-thumbnail","6":"product_cat-ekranlar-ve-kartlar","8":"first","9":"instock","10":"taxable","11":"shipping-taxable","12":"purchasable","13":"product-type-simple"},"_links":{"self":[{"href":"https:\/\/ceoparts.com\/tr\/wp-json\/wp\/v2\/product\/14170","targetHints":{"allow":["GET"]}}],"collection":[{"href":"https:\/\/ceoparts.com\/tr\/wp-json\/wp\/v2\/product"}],"about":[{"href":"https:\/\/ceoparts.com\/tr\/wp-json\/wp\/v2\/types\/product"}],"wp:featuredmedia":[{"embeddable":true,"href":"https:\/\/ceoparts.com\/tr\/wp-json\/wp\/v2\/media\/14171"}],"wp:attachment":[{"href":"https:\/\/ceoparts.com\/tr\/wp-json\/wp\/v2\/media?parent=14170"}],"wp:term":[{"taxonomy":"product_brand","embeddable":true,"href":"https:\/\/ceoparts.com\/tr\/wp-json\/wp\/v2\/product_brand?post=14170"},{"taxonomy":"product_cat","embeddable":true,"href":"https:\/\/ceoparts.com\/tr\/wp-json\/wp\/v2\/product_cat?post=14170"},{"taxonomy":"product_tag","embeddable":true,"href":"https:\/\/ceoparts.com\/tr\/wp-json\/wp\/v2\/product_tag?post=14170"}],"curies":[{"name":"wp","href":"https:\/\/api.w.org\/{rel}","templated":true}]}}