{"id":14208,"date":"2025-02-11T11:14:45","date_gmt":"2025-02-11T08:14:45","guid":{"rendered":"https:\/\/ceoparts.com\/?post_type=product&#038;p=14208"},"modified":"2026-05-16T23:13:22","modified_gmt":"2026-05-16T20:13:22","slug":"albright-sw82-371-kontaktor","status":"publish","type":"product","link":"https:\/\/ceoparts.com\/tr\/urun\/albright-sw82-371-kontaktor\/","title":{"rendered":"Albright SW82-371 Kontakt\u00f6r"},"content":{"rendered":"<p>Albright SW82-371 Kontakt\u00f6r<\/p>","protected":false},"excerpt":{"rendered":"<p data-start=\"115\" data-end=\"378\"><br data-start=\"120\" data-end=\"123\" \/>Albright SW82-371 Kontakt\u00f6r, forklift ve end\u00fcstriyel ara\u00e7larda d\u00fc\u015f\u00fck ve orta voltajl\u0131 elektrik devrelerinin g\u00fcvenli ve h\u0131zl\u0131 kontrol\u00fc i\u00e7in tasarlanm\u0131\u015ft\u0131r. Dayan\u0131kl\u0131 yap\u0131s\u0131 ve y\u00fcksek iletken bak\u0131r terminalleri ile uzun \u00f6m\u00fcrl\u00fc ve g\u00fcvenilir performans sunar.<\/p>\n<p data-start=\"380\" data-end=\"701\"><strong data-start=\"380\" data-end=\"395\">\u00d6zellikler:<\/strong><br data-start=\"395\" data-end=\"398\" \/><strong data-start=\"398\" data-end=\"411\">\u00dcr\u00fcn Ad\u0131:<\/strong> Albright SW82-371 Kontakt\u00f6r<br data-start=\"439\" data-end=\"442\" \/><strong data-start=\"442\" data-end=\"457\">Par\u00e7a Kodu:<\/strong> SW82-371<br data-start=\"466\" data-end=\"469\" \/><strong data-start=\"469\" data-end=\"481\">Malzeme:<\/strong> Y\u00fcksek iletken bak\u0131r terminaller ve darbeye dayan\u0131kl\u0131 plastik g\u00f6vde<br data-start=\"549\" data-end=\"552\" \/><strong data-start=\"552\" data-end=\"571\">Kullan\u0131m Alan\u0131:<\/strong> Forklift ve i\u015f makineleri elektrik devre sistemleri<br data-start=\"623\" data-end=\"626\" \/><strong data-start=\"626\" data-end=\"638\">Avantaj:<\/strong> G\u00fcvenli devre kontrol\u00fc, h\u0131zl\u0131 tepki s\u00fcresi ve uzun servis \u00f6mr\u00fc<\/p>\n<p data-start=\"703\" data-end=\"969\">\n","protected":false},"featured_media":14209,"template":"","meta":[],"product_brand":[],"product_cat":[462],"product_tag":[],"class_list":{"0":"post-14208","1":"product","2":"type-product","3":"status-publish","4":"has-post-thumbnail","6":"product_cat-kontaktorler","8":"first","9":"instock","10":"taxable","11":"shipping-taxable","12":"purchasable","13":"product-type-simple"},"_links":{"self":[{"href":"https:\/\/ceoparts.com\/tr\/wp-json\/wp\/v2\/product\/14208","targetHints":{"allow":["GET"]}}],"collection":[{"href":"https:\/\/ceoparts.com\/tr\/wp-json\/wp\/v2\/product"}],"about":[{"href":"https:\/\/ceoparts.com\/tr\/wp-json\/wp\/v2\/types\/product"}],"wp:featuredmedia":[{"embeddable":true,"href":"https:\/\/ceoparts.com\/tr\/wp-json\/wp\/v2\/media\/14209"}],"wp:attachment":[{"href":"https:\/\/ceoparts.com\/tr\/wp-json\/wp\/v2\/media?parent=14208"}],"wp:term":[{"taxonomy":"product_brand","embeddable":true,"href":"https:\/\/ceoparts.com\/tr\/wp-json\/wp\/v2\/product_brand?post=14208"},{"taxonomy":"product_cat","embeddable":true,"href":"https:\/\/ceoparts.com\/tr\/wp-json\/wp\/v2\/product_cat?post=14208"},{"taxonomy":"product_tag","embeddable":true,"href":"https:\/\/ceoparts.com\/tr\/wp-json\/wp\/v2\/product_tag?post=14208"}],"curies":[{"name":"wp","href":"https:\/\/api.w.org\/{rel}","templated":true}]}}