{"id":14251,"date":"2025-02-11T14:07:25","date_gmt":"2025-02-11T11:07:25","guid":{"rendered":"https:\/\/ceoparts.com\/?post_type=product&#038;p=14251"},"modified":"2026-05-17T02:45:03","modified_gmt":"2026-05-16T23:45:03","slug":"albright-sw80-1-24v-kontaktor","status":"publish","type":"product","link":"https:\/\/ceoparts.com\/tr\/urun\/albright-sw80-1-24v-kontaktor\/","title":{"rendered":"Albright SW80-1 24V Kontakt\u00f6r"},"content":{"rendered":"<p>Albright SW80-1 24V Kontakt\u00f6r<\/p>","protected":false},"excerpt":{"rendered":"<p data-start=\"129\" data-end=\"411\"><br data-start=\"134\" data-end=\"137\" \/>Albright SW80-1 24V Kontakt\u00f6r, forklift ve end\u00fcstriyel ara\u00e7larda orta ve y\u00fcksek ak\u0131ml\u0131 elektrik devrelerinin g\u00fcvenli kontrol\u00fc i\u00e7in kullan\u0131l\u0131r. Sa\u011flam g\u00f6vde yap\u0131s\u0131 ve y\u00fcksek iletken terminalleri sayesinde zorlu \u00e7al\u0131\u015fma ko\u015fullar\u0131nda uzun \u00f6m\u00fcrl\u00fc ve g\u00fcvenilir performans sa\u011flar.<\/p>\n<p data-start=\"413\" data-end=\"737\"><strong data-start=\"413\" data-end=\"428\">\u00d6zellikler:<\/strong><br data-start=\"428\" data-end=\"431\" \/><strong data-start=\"431\" data-end=\"444\">\u00dcr\u00fcn Ad\u0131:<\/strong> Albright SW80-1 24V Kontakt\u00f6r<br data-start=\"474\" data-end=\"477\" \/><strong data-start=\"477\" data-end=\"492\">Par\u00e7a Kodu:<\/strong> SW80-1 24V<br data-start=\"503\" data-end=\"506\" \/><strong data-start=\"506\" data-end=\"518\">Malzeme:<\/strong> Y\u00fcksek iletken bak\u0131r terminaller ve darbelere dayan\u0131kl\u0131 plastik g\u00f6vde<br data-start=\"588\" data-end=\"591\" \/><strong data-start=\"591\" data-end=\"610\">Kullan\u0131m Alan\u0131:<\/strong> Forklift ve i\u015f makineleri ana devre sistemleri<br data-start=\"657\" data-end=\"660\" \/><strong data-start=\"660\" data-end=\"672\">Avantaj:<\/strong> Y\u00fcksek ak\u0131m dayan\u0131m\u0131, g\u00fcvenli devre kontrol\u00fc ve uzun servis \u00f6mr\u00fc<\/p>\n<p data-start=\"739\" data-end=\"1023\">\n","protected":false},"featured_media":14256,"template":"","meta":[],"product_brand":[],"product_cat":[462],"product_tag":[],"class_list":{"0":"post-14251","1":"product","2":"type-product","3":"status-publish","4":"has-post-thumbnail","6":"product_cat-kontaktorler","8":"first","9":"instock","10":"taxable","11":"shipping-taxable","12":"purchasable","13":"product-type-simple"},"_links":{"self":[{"href":"https:\/\/ceoparts.com\/tr\/wp-json\/wp\/v2\/product\/14251","targetHints":{"allow":["GET"]}}],"collection":[{"href":"https:\/\/ceoparts.com\/tr\/wp-json\/wp\/v2\/product"}],"about":[{"href":"https:\/\/ceoparts.com\/tr\/wp-json\/wp\/v2\/types\/product"}],"wp:featuredmedia":[{"embeddable":true,"href":"https:\/\/ceoparts.com\/tr\/wp-json\/wp\/v2\/media\/14256"}],"wp:attachment":[{"href":"https:\/\/ceoparts.com\/tr\/wp-json\/wp\/v2\/media?parent=14251"}],"wp:term":[{"taxonomy":"product_brand","embeddable":true,"href":"https:\/\/ceoparts.com\/tr\/wp-json\/wp\/v2\/product_brand?post=14251"},{"taxonomy":"product_cat","embeddable":true,"href":"https:\/\/ceoparts.com\/tr\/wp-json\/wp\/v2\/product_cat?post=14251"},{"taxonomy":"product_tag","embeddable":true,"href":"https:\/\/ceoparts.com\/tr\/wp-json\/wp\/v2\/product_tag?post=14251"}],"curies":[{"name":"wp","href":"https:\/\/api.w.org\/{rel}","templated":true}]}}