{"id":14288,"date":"2025-02-11T16:08:16","date_gmt":"2025-02-11T13:08:16","guid":{"rendered":"https:\/\/ceoparts.com\/?post_type=product&#038;p=14288"},"modified":"2026-05-17T05:01:08","modified_gmt":"2026-05-17T02:01:08","slug":"still-rx-ana-kontaktor-0356162","status":"publish","type":"product","link":"https:\/\/ceoparts.com\/tr\/urun\/still-rx-ana-kontaktor-0356162\/","title":{"rendered":"Still Rx Ana Kontakt\u00f6r &#8211; 0356162"},"content":{"rendered":"<p>Still Rx Ana Kontakt\u00f6r &#8211; 0356162<\/p>","protected":false},"excerpt":{"rendered":"<p data-start=\"134\" data-end=\"393\"><br data-start=\"139\" data-end=\"142\" \/>Still Rx Ana Kontakt\u00f6r, forklift ve i\u015f makinelerinde elektrik devresinin g\u00fcvenli ve kesintisiz \u00e7al\u0131\u015fmas\u0131n\u0131 sa\u011flamak amac\u0131yla kullan\u0131l\u0131r. Y\u00fcksek ak\u0131m ta\u015f\u0131ma kapasitesi ve sa\u011flam g\u00f6vdesi sayesinde zorlu \u00e7al\u0131\u015fma ko\u015fullar\u0131nda uzun \u00f6m\u00fcrl\u00fc performans sunar.<\/p>\n<p data-start=\"395\" data-end=\"692\"><strong data-start=\"395\" data-end=\"410\">\u00d6zellikler:<\/strong><br data-start=\"410\" data-end=\"413\" \/><strong data-start=\"413\" data-end=\"426\">\u00dcr\u00fcn Ad\u0131:<\/strong> Still Rx Ana Kontakt\u00f6r<br data-start=\"449\" data-end=\"452\" \/><strong data-start=\"452\" data-end=\"467\">Par\u00e7a Kodu:<\/strong> 0356162<br data-start=\"475\" data-end=\"478\" \/><strong data-start=\"478\" data-end=\"490\">Malzeme:<\/strong> Y\u00fcksek iletken bak\u0131r terminaller ve darbelere dayan\u0131kl\u0131 plastik g\u00f6vde<br data-start=\"560\" data-end=\"563\" \/><strong data-start=\"563\" data-end=\"582\">Kullan\u0131m Alan\u0131:<\/strong> Forklift ana devre sistemleri<br data-start=\"612\" data-end=\"615\" \/><strong data-start=\"615\" data-end=\"627\">Avantaj:<\/strong> Y\u00fcksek ak\u0131m dayan\u0131m\u0131, g\u00fcvenli devre kontrol\u00fc ve uzun servis \u00f6mr\u00fc<\/p>\n<p data-start=\"694\" data-end=\"969\">\n","protected":false},"featured_media":14290,"template":"","meta":[],"product_brand":[],"product_cat":[241,462,524],"product_tag":[],"class_list":{"0":"post-14288","1":"product","2":"type-product","3":"status-publish","4":"has-post-thumbnail","6":"product_cat-still","7":"product_cat-kontaktorler","8":"product_cat-yedek-parca-still","10":"first","11":"instock","12":"taxable","13":"shipping-taxable","14":"purchasable","15":"product-type-simple"},"_links":{"self":[{"href":"https:\/\/ceoparts.com\/tr\/wp-json\/wp\/v2\/product\/14288","targetHints":{"allow":["GET"]}}],"collection":[{"href":"https:\/\/ceoparts.com\/tr\/wp-json\/wp\/v2\/product"}],"about":[{"href":"https:\/\/ceoparts.com\/tr\/wp-json\/wp\/v2\/types\/product"}],"wp:featuredmedia":[{"embeddable":true,"href":"https:\/\/ceoparts.com\/tr\/wp-json\/wp\/v2\/media\/14290"}],"wp:attachment":[{"href":"https:\/\/ceoparts.com\/tr\/wp-json\/wp\/v2\/media?parent=14288"}],"wp:term":[{"taxonomy":"product_brand","embeddable":true,"href":"https:\/\/ceoparts.com\/tr\/wp-json\/wp\/v2\/product_brand?post=14288"},{"taxonomy":"product_cat","embeddable":true,"href":"https:\/\/ceoparts.com\/tr\/wp-json\/wp\/v2\/product_cat?post=14288"},{"taxonomy":"product_tag","embeddable":true,"href":"https:\/\/ceoparts.com\/tr\/wp-json\/wp\/v2\/product_tag?post=14288"}],"curies":[{"name":"wp","href":"https:\/\/api.w.org\/{rel}","templated":true}]}}