{"id":14304,"date":"2025-02-11T17:03:17","date_gmt":"2025-02-11T14:03:17","guid":{"rendered":"https:\/\/ceoparts.com\/?post_type=product&#038;p=14304"},"modified":"2026-05-17T03:49:17","modified_gmt":"2026-05-17T00:49:17","slug":"kontaktor-200a-48v","status":"publish","type":"product","link":"https:\/\/ceoparts.com\/tr\/urun\/kontaktor-200a-48v\/","title":{"rendered":"Kontakt\u00f6r 200A-48V"},"content":{"rendered":"<p>Kontakt\u00f6r 200A-48V<\/p>","protected":false},"excerpt":{"rendered":"<p data-start=\"112\" data-end=\"357\"><br data-start=\"117\" data-end=\"120\" \/>Kontakt\u00f6r 200A-48V, forklift ve end\u00fcstriyel ara\u00e7larda elektrik devrelerinin g\u00fcvenli ve h\u0131zl\u0131 \u015fekilde kontrol edilmesi amac\u0131yla \u00fcretilmi\u015ftir. Y\u00fcksek ak\u0131m ta\u015f\u0131ma kapasitesi ve sa\u011flam g\u00f6vde yap\u0131s\u0131yla uzun \u00f6m\u00fcrl\u00fc ve g\u00fcvenilir kullan\u0131m sunar.<\/p>\n<p data-start=\"359\" data-end=\"667\"><strong data-start=\"359\" data-end=\"374\">\u00d6zellikler:<\/strong><br data-start=\"374\" data-end=\"377\" \/><strong data-start=\"377\" data-end=\"390\">\u00dcr\u00fcn Ad\u0131:<\/strong> Kontakt\u00f6r 200A-48V<br data-start=\"409\" data-end=\"412\" \/><strong data-start=\"412\" data-end=\"427\">Par\u00e7a Kodu:<\/strong> 200A-48V<br data-start=\"436\" data-end=\"439\" \/><strong data-start=\"439\" data-end=\"451\">Malzeme:<\/strong> Y\u00fcksek iletken bak\u0131r terminaller ve darbeye dayan\u0131kl\u0131 plastik g\u00f6vde<br data-start=\"519\" data-end=\"522\" \/><strong data-start=\"522\" data-end=\"541\">Kullan\u0131m Alan\u0131:<\/strong> Forklift ve end\u00fcstriyel ara\u00e7 elektrik devreleri<br data-start=\"589\" data-end=\"592\" \/><strong data-start=\"592\" data-end=\"604\">Avantaj:<\/strong> Y\u00fcksek ak\u0131m dayan\u0131m\u0131, h\u0131zl\u0131 devre kontrol\u00fc ve uzun servis \u00f6mr\u00fc<\/p>\n<p data-start=\"669\" data-end=\"907\">\n","protected":false},"featured_media":14305,"template":"","meta":[],"product_brand":[],"product_cat":[462],"product_tag":[],"class_list":{"0":"post-14304","1":"product","2":"type-product","3":"status-publish","4":"has-post-thumbnail","6":"product_cat-kontaktorler","8":"first","9":"instock","10":"taxable","11":"shipping-taxable","12":"purchasable","13":"product-type-simple"},"_links":{"self":[{"href":"https:\/\/ceoparts.com\/tr\/wp-json\/wp\/v2\/product\/14304","targetHints":{"allow":["GET"]}}],"collection":[{"href":"https:\/\/ceoparts.com\/tr\/wp-json\/wp\/v2\/product"}],"about":[{"href":"https:\/\/ceoparts.com\/tr\/wp-json\/wp\/v2\/types\/product"}],"wp:featuredmedia":[{"embeddable":true,"href":"https:\/\/ceoparts.com\/tr\/wp-json\/wp\/v2\/media\/14305"}],"wp:attachment":[{"href":"https:\/\/ceoparts.com\/tr\/wp-json\/wp\/v2\/media?parent=14304"}],"wp:term":[{"taxonomy":"product_brand","embeddable":true,"href":"https:\/\/ceoparts.com\/tr\/wp-json\/wp\/v2\/product_brand?post=14304"},{"taxonomy":"product_cat","embeddable":true,"href":"https:\/\/ceoparts.com\/tr\/wp-json\/wp\/v2\/product_cat?post=14304"},{"taxonomy":"product_tag","embeddable":true,"href":"https:\/\/ceoparts.com\/tr\/wp-json\/wp\/v2\/product_tag?post=14304"}],"curies":[{"name":"wp","href":"https:\/\/api.w.org\/{rel}","templated":true}]}}