{"id":14312,"date":"2025-02-11T17:08:37","date_gmt":"2025-02-11T14:08:37","guid":{"rendered":"https:\/\/ceoparts.com\/?post_type=product&#038;p=14312"},"modified":"2026-05-03T16:59:46","modified_gmt":"2026-05-03T13:59:46","slug":"albright-kontaktor-dc182-651-24v","status":"publish","type":"product","link":"https:\/\/ceoparts.com\/tr\/urun\/albright-kontaktor-dc182-651-24v\/","title":{"rendered":"Albright Kontakt\u00f6r \u2013 DC182-651 24V"},"content":{"rendered":"<p>Albright Kontakt\u00f6r \u2013 DC182-651 24V<\/p>","protected":false},"excerpt":{"rendered":"<p data-start=\"119\" data-end=\"397\"><br data-start=\"124\" data-end=\"127\" \/>Albright Kontakt\u00f6r DC182-651 24V, forklift ve end\u00fcstriyel ara\u00e7lar\u0131n elektrik devrelerinde g\u00fcvenli ve y\u00fcksek ak\u0131ml\u0131 devre kontrol\u00fc i\u00e7in tasarlanm\u0131\u015ft\u0131r. G\u00fc\u00e7l\u00fc yap\u0131s\u0131 ve y\u00fcksek ak\u0131m ta\u015f\u0131ma kapasitesiyle zorlu \u00e7al\u0131\u015fma ortamlar\u0131nda uzun \u00f6m\u00fcrl\u00fc ve g\u00fcvenilir performans sa\u011flar.<\/p>\n<p data-start=\"399\" data-end=\"725\"><strong data-start=\"399\" data-end=\"414\">\u00d6zellikler:<\/strong><br data-start=\"414\" data-end=\"417\" \/><strong data-start=\"417\" data-end=\"430\">\u00dcr\u00fcn Ad\u0131:<\/strong> Albright Kontakt\u00f6r<br data-start=\"449\" data-end=\"452\" \/><strong data-start=\"452\" data-end=\"467\">Par\u00e7a Kodu:<\/strong> DC182-651 24V<br data-start=\"481\" data-end=\"484\" \/><strong data-start=\"484\" data-end=\"496\">Malzeme:<\/strong> Y\u00fcksek iletken bak\u0131r terminaller ve darbeye dayan\u0131kl\u0131 plastik g\u00f6vde<br data-start=\"564\" data-end=\"567\" \/><strong data-start=\"567\" data-end=\"586\">Kullan\u0131m Alan\u0131:<\/strong> Forklift ve end\u00fcstriyel ara\u00e7 elektrik devreleri<br data-start=\"634\" data-end=\"637\" \/><strong data-start=\"637\" data-end=\"649\">Avantaj:<\/strong> Y\u00fcksek ak\u0131m ve voltaj dayan\u0131m\u0131, h\u0131zl\u0131 devre a\u00e7ma-kapama ve uzun servis \u00f6mr\u00fc<\/p>\n<p data-start=\"727\" data-end=\"1016\">\n","protected":false},"featured_media":14314,"template":"","meta":[],"product_brand":[],"product_cat":[462],"product_tag":[],"class_list":{"0":"post-14312","1":"product","2":"type-product","3":"status-publish","4":"has-post-thumbnail","6":"product_cat-kontaktorler","8":"first","9":"instock","10":"taxable","11":"shipping-taxable","12":"purchasable","13":"product-type-simple"},"_links":{"self":[{"href":"https:\/\/ceoparts.com\/tr\/wp-json\/wp\/v2\/product\/14312","targetHints":{"allow":["GET"]}}],"collection":[{"href":"https:\/\/ceoparts.com\/tr\/wp-json\/wp\/v2\/product"}],"about":[{"href":"https:\/\/ceoparts.com\/tr\/wp-json\/wp\/v2\/types\/product"}],"wp:featuredmedia":[{"embeddable":true,"href":"https:\/\/ceoparts.com\/tr\/wp-json\/wp\/v2\/media\/14314"}],"wp:attachment":[{"href":"https:\/\/ceoparts.com\/tr\/wp-json\/wp\/v2\/media?parent=14312"}],"wp:term":[{"taxonomy":"product_brand","embeddable":true,"href":"https:\/\/ceoparts.com\/tr\/wp-json\/wp\/v2\/product_brand?post=14312"},{"taxonomy":"product_cat","embeddable":true,"href":"https:\/\/ceoparts.com\/tr\/wp-json\/wp\/v2\/product_cat?post=14312"},{"taxonomy":"product_tag","embeddable":true,"href":"https:\/\/ceoparts.com\/tr\/wp-json\/wp\/v2\/product_tag?post=14312"}],"curies":[{"name":"wp","href":"https:\/\/api.w.org\/{rel}","templated":true}]}}