{"id":14320,"date":"2025-02-11T17:13:46","date_gmt":"2025-02-11T14:13:46","guid":{"rendered":"https:\/\/ceoparts.com\/?post_type=product&#038;p=14320"},"modified":"2026-05-03T17:18:14","modified_gmt":"2026-05-03T14:18:14","slug":"albright-kontaktor-dc88-1-24v","status":"publish","type":"product","link":"https:\/\/ceoparts.com\/tr\/urun\/albright-kontaktor-dc88-1-24v\/","title":{"rendered":"Albright Kontakt\u00f6r \u2013 DC88-1 24V"},"content":{"rendered":"<p>Albright Kontakt\u00f6r \u2013 DC88-1 24V<\/p>","protected":false},"excerpt":{"rendered":"<p data-start=\"116\" data-end=\"426\"><br data-start=\"121\" data-end=\"124\" \/>Albright Kontakt\u00f6r DC88-1 24V, forklift ve end\u00fcstriyel ara\u00e7larda elektrik devrelerinin g\u00fcvenli, h\u0131zl\u0131 ve kararl\u0131 \u015fekilde kontrol edilmesini sa\u011flar. Y\u00fcksek ak\u0131m ta\u015f\u0131ma kapasitesi ve sa\u011flam yap\u0131s\u0131yla uzun \u00f6m\u00fcrl\u00fc ve kesintisiz performans sunar. \u00c7e\u015fitli i\u015f makineleri ve enerji sistemlerinde tercih edilir.<\/p>\n<p data-start=\"428\" data-end=\"732\"><strong data-start=\"428\" data-end=\"443\">\u00d6zellikler:<\/strong><br data-start=\"443\" data-end=\"446\" \/><strong data-start=\"446\" data-end=\"459\">\u00dcr\u00fcn Ad\u0131:<\/strong> Albright Kontakt\u00f6r<br data-start=\"478\" data-end=\"481\" \/><strong data-start=\"481\" data-end=\"496\">Par\u00e7a Kodu:<\/strong> DC88-1 24V<br data-start=\"507\" data-end=\"510\" \/><strong data-start=\"510\" data-end=\"522\">Malzeme:<\/strong> Y\u00fcksek iletken bak\u0131r terminaller ve dayan\u0131kl\u0131 plastik g\u00f6vde<br data-start=\"582\" data-end=\"585\" \/><strong data-start=\"585\" data-end=\"604\">Kullan\u0131m Alan\u0131:<\/strong> Forklift ve end\u00fcstriyel ara\u00e7 elektrik devreleri<br data-start=\"652\" data-end=\"655\" \/><strong data-start=\"655\" data-end=\"667\">Avantaj:<\/strong> Y\u00fcksek ak\u0131m dayan\u0131m\u0131, g\u00fcvenli devre kontrol\u00fc ve uzun servis \u00f6mr\u00fc<\/p>\n<p data-start=\"734\" data-end=\"1036\">\n","protected":false},"featured_media":14322,"template":"","meta":[],"product_brand":[],"product_cat":[462],"product_tag":[],"class_list":{"0":"post-14320","1":"product","2":"type-product","3":"status-publish","4":"has-post-thumbnail","6":"product_cat-kontaktorler","8":"first","9":"instock","10":"taxable","11":"shipping-taxable","12":"purchasable","13":"product-type-simple"},"_links":{"self":[{"href":"https:\/\/ceoparts.com\/tr\/wp-json\/wp\/v2\/product\/14320","targetHints":{"allow":["GET"]}}],"collection":[{"href":"https:\/\/ceoparts.com\/tr\/wp-json\/wp\/v2\/product"}],"about":[{"href":"https:\/\/ceoparts.com\/tr\/wp-json\/wp\/v2\/types\/product"}],"wp:featuredmedia":[{"embeddable":true,"href":"https:\/\/ceoparts.com\/tr\/wp-json\/wp\/v2\/media\/14322"}],"wp:attachment":[{"href":"https:\/\/ceoparts.com\/tr\/wp-json\/wp\/v2\/media?parent=14320"}],"wp:term":[{"taxonomy":"product_brand","embeddable":true,"href":"https:\/\/ceoparts.com\/tr\/wp-json\/wp\/v2\/product_brand?post=14320"},{"taxonomy":"product_cat","embeddable":true,"href":"https:\/\/ceoparts.com\/tr\/wp-json\/wp\/v2\/product_cat?post=14320"},{"taxonomy":"product_tag","embeddable":true,"href":"https:\/\/ceoparts.com\/tr\/wp-json\/wp\/v2\/product_tag?post=14320"}],"curies":[{"name":"wp","href":"https:\/\/api.w.org\/{rel}","templated":true}]}}