{"id":14329,"date":"2025-02-11T17:31:36","date_gmt":"2025-02-11T14:31:36","guid":{"rendered":"https:\/\/ceoparts.com\/?post_type=product&#038;p=14329"},"modified":"2026-05-16T23:41:56","modified_gmt":"2026-05-16T20:41:56","slug":"jungheinrich-acil-stop-kontaktoru-butonu-4315146-4963037","status":"publish","type":"product","link":"https:\/\/ceoparts.com\/tr\/urun\/jungheinrich-acil-stop-kontaktoru-butonu-4315146-4963037\/","title":{"rendered":"Jungheinrich Acil Stop Kontakt\u00f6r\u00fc \/ Butonu &#8211; 4315146, 4963037"},"content":{"rendered":"<p>Jungheinrich Acil Stop Kontakt\u00f6r\u00fc \/ Butonu &#8211; 4315146, 4963037<\/p>","protected":false},"excerpt":{"rendered":"<p data-start=\"177\" data-end=\"462\"><br data-start=\"182\" data-end=\"185\" \/>Jungheinrich Acil Stop Kontakt\u00f6r\u00fc \/ Butonu, forklift ve i\u015f makinelerinde acil durumlarda sistemi h\u0131zl\u0131 ve g\u00fcvenli \u015fekilde durdurmak i\u00e7in geli\u015ftirilmi\u015ftir. Dayan\u0131kl\u0131 yap\u0131s\u0131 ve ergonomik tasar\u0131m\u0131yla operat\u00f6r\u00fcn acil m\u00fcdahalelerini kolayla\u015ft\u0131r\u0131r, i\u015f g\u00fcvenli\u011fini \u00fcst seviyeye ta\u015f\u0131r.<\/p>\n<p data-start=\"464\" data-end=\"801\"><strong data-start=\"464\" data-end=\"479\">\u00d6zellikler:<\/strong><br data-start=\"479\" data-end=\"482\" \/><strong data-start=\"482\" data-end=\"495\">\u00dcr\u00fcn Ad\u0131:<\/strong> Jungheinrich Acil Stop Kontakt\u00f6r\u00fc \/ Butonu<br data-start=\"538\" data-end=\"541\" \/><strong data-start=\"541\" data-end=\"556\">Par\u00e7a Kodu:<\/strong> 4315146, 4963037<br data-start=\"573\" data-end=\"576\" \/><strong data-start=\"576\" data-end=\"588\">Malzeme:<\/strong> Darbeye dayan\u0131kl\u0131 plastik ve y\u00fcksek iletken kontak sistemi<br data-start=\"647\" data-end=\"650\" \/><strong data-start=\"650\" data-end=\"669\">Kullan\u0131m Alan\u0131:<\/strong> Forklift ve i\u015f makineleri acil stop sistemleri<br data-start=\"716\" data-end=\"719\" \/><strong data-start=\"719\" data-end=\"731\">Avantaj:<\/strong> H\u0131zl\u0131 tepki s\u00fcresi, sa\u011flam yap\u0131 ve kolay eri\u015fim ile maksimum g\u00fcvenlik<\/p>\n<p data-start=\"803\" data-end=\"1091\">\n","protected":false},"featured_media":14333,"template":"","meta":[],"product_brand":[],"product_cat":[236,462,522],"product_tag":[],"class_list":{"0":"post-14329","1":"product","2":"type-product","3":"status-publish","4":"has-post-thumbnail","6":"product_cat-jungheinrich","7":"product_cat-kontaktorler","8":"product_cat-yedek-parca-jungheinrich","10":"first","11":"instock","12":"taxable","13":"shipping-taxable","14":"purchasable","15":"product-type-simple"},"_links":{"self":[{"href":"https:\/\/ceoparts.com\/tr\/wp-json\/wp\/v2\/product\/14329","targetHints":{"allow":["GET"]}}],"collection":[{"href":"https:\/\/ceoparts.com\/tr\/wp-json\/wp\/v2\/product"}],"about":[{"href":"https:\/\/ceoparts.com\/tr\/wp-json\/wp\/v2\/types\/product"}],"wp:featuredmedia":[{"embeddable":true,"href":"https:\/\/ceoparts.com\/tr\/wp-json\/wp\/v2\/media\/14333"}],"wp:attachment":[{"href":"https:\/\/ceoparts.com\/tr\/wp-json\/wp\/v2\/media?parent=14329"}],"wp:term":[{"taxonomy":"product_brand","embeddable":true,"href":"https:\/\/ceoparts.com\/tr\/wp-json\/wp\/v2\/product_brand?post=14329"},{"taxonomy":"product_cat","embeddable":true,"href":"https:\/\/ceoparts.com\/tr\/wp-json\/wp\/v2\/product_cat?post=14329"},{"taxonomy":"product_tag","embeddable":true,"href":"https:\/\/ceoparts.com\/tr\/wp-json\/wp\/v2\/product_tag?post=14329"}],"curies":[{"name":"wp","href":"https:\/\/api.w.org\/{rel}","templated":true}]}}