{"id":14347,"date":"2025-02-12T09:24:36","date_gmt":"2025-02-12T06:24:36","guid":{"rendered":"https:\/\/ceoparts.com\/?post_type=product&#038;p=14347"},"modified":"2026-05-16T22:09:35","modified_gmt":"2026-05-16T19:09:35","slug":"jungheinrich-acil-stop-kontaktoru-80v-51212791","status":"publish","type":"product","link":"https:\/\/ceoparts.com\/tr\/urun\/jungheinrich-acil-stop-kontaktoru-80v-51212791\/","title":{"rendered":"Jungheinrich Acil Stop Kontakt\u00f6r\u00fc 80V &#8211; 51212791"},"content":{"rendered":"<p>Jungheinrich Acil Stop Kontakt\u00f6r\u00fc 80V &#8211; 51212791<\/p>","protected":false},"excerpt":{"rendered":"<p data-start=\"153\" data-end=\"402\"><br data-start=\"158\" data-end=\"161\" \/>Jungheinrich Acil Stop Kontakt\u00f6r\u00fc 80V, forklift ve i\u015f makinelerinde acil durumlarda elektrik devresini h\u0131zl\u0131 ve g\u00fcvenli \u015fekilde kesmek i\u00e7in kullan\u0131l\u0131r. Y\u00fcksek voltaj dayan\u0131m\u0131 ve sa\u011flam yap\u0131s\u0131 sayesinde uzun \u00f6m\u00fcrl\u00fc ve g\u00fcvenli kullan\u0131m sa\u011flar.<\/p>\n<p data-start=\"404\" data-end=\"736\"><strong data-start=\"404\" data-end=\"419\">\u00d6zellikler:<\/strong><br data-start=\"419\" data-end=\"422\" \/><strong data-start=\"422\" data-end=\"435\">\u00dcr\u00fcn Ad\u0131:<\/strong> Jungheinrich Acil Stop Kontakt\u00f6r\u00fc 80V<br data-start=\"473\" data-end=\"476\" \/><strong data-start=\"476\" data-end=\"491\">Par\u00e7a Kodu:<\/strong> 51212791<br data-start=\"500\" data-end=\"503\" \/><strong data-start=\"503\" data-end=\"515\">Malzeme:<\/strong> Y\u00fcksek iletken bak\u0131r terminaller ve darbelere dayan\u0131kl\u0131 g\u00f6vde<br data-start=\"577\" data-end=\"580\" \/><strong data-start=\"580\" data-end=\"599\">Kullan\u0131m Alan\u0131:<\/strong> Forklift ve i\u015f makineleri acil stop sistemleri<br data-start=\"646\" data-end=\"649\" \/><strong data-start=\"649\" data-end=\"661\">Avantaj:<\/strong> H\u0131zl\u0131 devre kesme, y\u00fcksek voltaj dayan\u0131m\u0131 ve g\u00fcvenli \u00e7al\u0131\u015fma ortam\u0131 sa\u011flar<\/p>\n<p data-start=\"738\" data-end=\"1013\">\n","protected":false},"featured_media":14348,"template":"","meta":[],"product_brand":[],"product_cat":[236,462,522],"product_tag":[],"class_list":{"0":"post-14347","1":"product","2":"type-product","3":"status-publish","4":"has-post-thumbnail","6":"product_cat-jungheinrich","7":"product_cat-kontaktorler","8":"product_cat-yedek-parca-jungheinrich","10":"first","11":"instock","12":"taxable","13":"shipping-taxable","14":"purchasable","15":"product-type-simple"},"_links":{"self":[{"href":"https:\/\/ceoparts.com\/tr\/wp-json\/wp\/v2\/product\/14347","targetHints":{"allow":["GET"]}}],"collection":[{"href":"https:\/\/ceoparts.com\/tr\/wp-json\/wp\/v2\/product"}],"about":[{"href":"https:\/\/ceoparts.com\/tr\/wp-json\/wp\/v2\/types\/product"}],"wp:featuredmedia":[{"embeddable":true,"href":"https:\/\/ceoparts.com\/tr\/wp-json\/wp\/v2\/media\/14348"}],"wp:attachment":[{"href":"https:\/\/ceoparts.com\/tr\/wp-json\/wp\/v2\/media?parent=14347"}],"wp:term":[{"taxonomy":"product_brand","embeddable":true,"href":"https:\/\/ceoparts.com\/tr\/wp-json\/wp\/v2\/product_brand?post=14347"},{"taxonomy":"product_cat","embeddable":true,"href":"https:\/\/ceoparts.com\/tr\/wp-json\/wp\/v2\/product_cat?post=14347"},{"taxonomy":"product_tag","embeddable":true,"href":"https:\/\/ceoparts.com\/tr\/wp-json\/wp\/v2\/product_tag?post=14347"}],"curies":[{"name":"wp","href":"https:\/\/api.w.org\/{rel}","templated":true}]}}