{"id":14356,"date":"2025-02-12T09:40:49","date_gmt":"2025-02-12T06:40:49","guid":{"rendered":"https:\/\/ceoparts.com\/?post_type=product&#038;p=14356"},"modified":"2026-05-16T21:10:15","modified_gmt":"2026-05-16T18:10:15","slug":"jungheinrich-acil-stop-switch-50020312-5554064","status":"publish","type":"product","link":"https:\/\/ceoparts.com\/tr\/urun\/jungheinrich-acil-stop-switch-50020312-5554064\/","title":{"rendered":"Jungheinrich Acil Stop Switch &#8211; 50020312 , 5554064"},"content":{"rendered":"<p>Jungheinrich Acil Stop Switch &#8211; 50020312 , 5554064<\/p>","protected":false},"excerpt":{"rendered":"<p data-start=\"148\" data-end=\"410\"><br data-start=\"153\" data-end=\"156\" \/>Jungheinrich Acil Stop Switch, forklift ve i\u015f makinelerinde acil durumlarda g\u00fcvenli ve h\u0131zl\u0131 \u015fekilde sistemi durdurmak i\u00e7in kullan\u0131l\u0131r. Dayan\u0131kl\u0131 yap\u0131s\u0131 ve kolay eri\u015filebilir tasar\u0131m\u0131 sayesinde operat\u00f6r g\u00fcvenli\u011fini art\u0131r\u0131r ve olas\u0131 kazalar\u0131n \u00f6n\u00fcne ge\u00e7er.<\/p>\n<p data-start=\"412\" data-end=\"731\"><strong data-start=\"412\" data-end=\"427\">\u00d6zellikler:<\/strong><br data-start=\"427\" data-end=\"430\" \/><strong data-start=\"430\" data-end=\"443\">\u00dcr\u00fcn Ad\u0131:<\/strong> Jungheinrich Acil Stop Switch<br data-start=\"473\" data-end=\"476\" \/><strong data-start=\"476\" data-end=\"491\">Par\u00e7a Kodu:<\/strong> 50020312, 5554064<br data-start=\"509\" data-end=\"512\" \/><strong data-start=\"512\" data-end=\"524\">Malzeme:<\/strong> Darbelere dayan\u0131kl\u0131 plastik ve metal kontak sistemi<br data-start=\"576\" data-end=\"579\" \/><strong data-start=\"579\" data-end=\"598\">Kullan\u0131m Alan\u0131:<\/strong> Forklift ve i\u015f makineleri acil stop sistemleri<br data-start=\"645\" data-end=\"648\" \/><strong data-start=\"648\" data-end=\"660\">Avantaj:<\/strong> H\u0131zl\u0131 tepki veren, sa\u011flam yap\u0131s\u0131yla maksimum operat\u00f6r g\u00fcvenli\u011fi sa\u011flar<\/p>\n<p data-start=\"733\" data-end=\"995\">\n","protected":false},"featured_media":14358,"template":"","meta":[],"product_brand":[],"product_cat":[236,462,522],"product_tag":[],"class_list":{"0":"post-14356","1":"product","2":"type-product","3":"status-publish","4":"has-post-thumbnail","6":"product_cat-jungheinrich","7":"product_cat-kontaktorler","8":"product_cat-yedek-parca-jungheinrich","10":"first","11":"instock","12":"taxable","13":"shipping-taxable","14":"purchasable","15":"product-type-simple"},"_links":{"self":[{"href":"https:\/\/ceoparts.com\/tr\/wp-json\/wp\/v2\/product\/14356","targetHints":{"allow":["GET"]}}],"collection":[{"href":"https:\/\/ceoparts.com\/tr\/wp-json\/wp\/v2\/product"}],"about":[{"href":"https:\/\/ceoparts.com\/tr\/wp-json\/wp\/v2\/types\/product"}],"wp:featuredmedia":[{"embeddable":true,"href":"https:\/\/ceoparts.com\/tr\/wp-json\/wp\/v2\/media\/14358"}],"wp:attachment":[{"href":"https:\/\/ceoparts.com\/tr\/wp-json\/wp\/v2\/media?parent=14356"}],"wp:term":[{"taxonomy":"product_brand","embeddable":true,"href":"https:\/\/ceoparts.com\/tr\/wp-json\/wp\/v2\/product_brand?post=14356"},{"taxonomy":"product_cat","embeddable":true,"href":"https:\/\/ceoparts.com\/tr\/wp-json\/wp\/v2\/product_cat?post=14356"},{"taxonomy":"product_tag","embeddable":true,"href":"https:\/\/ceoparts.com\/tr\/wp-json\/wp\/v2\/product_tag?post=14356"}],"curies":[{"name":"wp","href":"https:\/\/api.w.org\/{rel}","templated":true}]}}