{"id":14371,"date":"2025-02-12T10:26:53","date_gmt":"2025-02-12T07:26:53","guid":{"rendered":"https:\/\/ceoparts.com\/?post_type=product&#038;p=14371"},"modified":"2026-05-16T21:02:24","modified_gmt":"2026-05-16T18:02:24","slug":"linde-t16-fren-manyetigi-11525047001","status":"publish","type":"product","link":"https:\/\/ceoparts.com\/tr\/urun\/linde-t16-fren-manyetigi-11525047001\/","title":{"rendered":"Linde T16 Fren Manyeti\u011fi &#8211; 11525047001"},"content":{"rendered":"<p>Linde T16 Fren Manyeti\u011fi &#8211; 11525047001<\/p>","protected":false},"excerpt":{"rendered":"<p data-start=\"131\" data-end=\"398\"><br data-start=\"136\" data-end=\"139\" \/>Linde T16 Fren Manyeti\u011fi, forklift fren sistemlerinde g\u00fcvenli ve y\u00fcksek performansl\u0131 frenleme sa\u011flamak amac\u0131yla geli\u015ftirilmi\u015ftir. G\u00fc\u00e7l\u00fc elektrom\u0131knat\u0131s sistemi ve dayan\u0131kl\u0131 yap\u0131s\u0131 sayesinde zorlu kullan\u0131m ko\u015fullar\u0131nda uzun s\u00fcreli ve sorunsuz performans sunar.<\/p>\n<p data-start=\"400\" data-end=\"706\"><strong data-start=\"400\" data-end=\"415\">\u00d6zellikler:<\/strong><br data-start=\"415\" data-end=\"418\" \/><strong data-start=\"418\" data-end=\"431\">\u00dcr\u00fcn Ad\u0131:<\/strong> Linde T16 Fren Manyeti\u011fi<br data-start=\"456\" data-end=\"459\" \/><strong data-start=\"459\" data-end=\"474\">Par\u00e7a Kodu:<\/strong> 11525047001<br data-start=\"486\" data-end=\"489\" \/><strong data-start=\"489\" data-end=\"501\">Malzeme:<\/strong> Y\u00fcksek dayan\u0131ml\u0131 metal g\u00f6vde ve elektrom\u0131knat\u0131s sistemi<br data-start=\"557\" data-end=\"560\" \/><strong data-start=\"560\" data-end=\"579\">Kullan\u0131m Alan\u0131:<\/strong> Forklift fren sistemleri<br data-start=\"604\" data-end=\"607\" \/><strong data-start=\"607\" data-end=\"619\">Avantaj:<\/strong> G\u00fc\u00e7l\u00fc manyetik \u00e7ekim g\u00fcc\u00fcyle frenleme g\u00fcvenli\u011fini art\u0131r\u0131r ve bak\u0131m ihtiyac\u0131n\u0131 azalt\u0131r.<\/p>\n<p data-start=\"708\" data-end=\"966\">\n","protected":false},"featured_media":14387,"template":"","meta":[],"product_brand":[],"product_cat":[246,449,523],"product_tag":[],"class_list":{"0":"post-14371","1":"product","2":"type-product","3":"status-publish","4":"has-post-thumbnail","6":"product_cat-linde","7":"product_cat-fren-sistem-parcalari","8":"product_cat-yedek-parca-linde","10":"first","11":"instock","12":"taxable","13":"shipping-taxable","14":"purchasable","15":"product-type-simple"},"_links":{"self":[{"href":"https:\/\/ceoparts.com\/tr\/wp-json\/wp\/v2\/product\/14371","targetHints":{"allow":["GET"]}}],"collection":[{"href":"https:\/\/ceoparts.com\/tr\/wp-json\/wp\/v2\/product"}],"about":[{"href":"https:\/\/ceoparts.com\/tr\/wp-json\/wp\/v2\/types\/product"}],"wp:featuredmedia":[{"embeddable":true,"href":"https:\/\/ceoparts.com\/tr\/wp-json\/wp\/v2\/media\/14387"}],"wp:attachment":[{"href":"https:\/\/ceoparts.com\/tr\/wp-json\/wp\/v2\/media?parent=14371"}],"wp:term":[{"taxonomy":"product_brand","embeddable":true,"href":"https:\/\/ceoparts.com\/tr\/wp-json\/wp\/v2\/product_brand?post=14371"},{"taxonomy":"product_cat","embeddable":true,"href":"https:\/\/ceoparts.com\/tr\/wp-json\/wp\/v2\/product_cat?post=14371"},{"taxonomy":"product_tag","embeddable":true,"href":"https:\/\/ceoparts.com\/tr\/wp-json\/wp\/v2\/product_tag?post=14371"}],"curies":[{"name":"wp","href":"https:\/\/api.w.org\/{rel}","templated":true}]}}