{"id":14377,"date":"2025-02-12T10:51:43","date_gmt":"2025-02-12T07:51:43","guid":{"rendered":"https:\/\/ceoparts.com\/?post_type=product&#038;p=14377"},"modified":"2026-05-16T17:29:53","modified_gmt":"2026-05-16T14:29:53","slug":"jungheinrich-eje-116-fren-manyetigi-51510812","status":"publish","type":"product","link":"https:\/\/ceoparts.com\/tr\/urun\/jungheinrich-eje-116-fren-manyetigi-51510812\/","title":{"rendered":"Jungheinrich EJE 116 Fren Manyeti\u011fi &#8211; 51510812"},"content":{"rendered":"<p>Jungheinrich EJE 116 Fren Manyeti\u011fi &#8211; 51510812<\/p>","protected":false},"excerpt":{"rendered":"<p data-start=\"148\" data-end=\"446\"><br data-start=\"153\" data-end=\"156\" \/>Jungheinrich EJE 116 Fren Manyeti\u011fi, forklift fren sistemlerinde g\u00fcvenli ve etkili frenleme sa\u011flamak i\u00e7in tasarlanm\u0131\u015ft\u0131r. Sa\u011flam g\u00f6vde yap\u0131s\u0131 ve g\u00fc\u00e7l\u00fc manyetik \u00e7ekim g\u00fcc\u00fcyle uzun \u00f6m\u00fcrl\u00fc ve sorunsuz kullan\u0131m sunar. \u00d6zellikle yo\u011fun depo ve lojistik uygulamalar\u0131nda y\u00fcksek performans g\u00f6sterir.<\/p>\n<p data-start=\"448\" data-end=\"755\"><strong data-start=\"448\" data-end=\"463\">\u00d6zellikler:<\/strong><br data-start=\"463\" data-end=\"466\" \/><strong data-start=\"466\" data-end=\"479\">\u00dcr\u00fcn Ad\u0131:<\/strong> Jungheinrich EJE 116 Fren Manyeti\u011fi<br data-start=\"515\" data-end=\"518\" \/><strong data-start=\"518\" data-end=\"533\">Par\u00e7a Kodu:<\/strong> 51510812<br data-start=\"542\" data-end=\"545\" \/><strong data-start=\"545\" data-end=\"557\">Malzeme:<\/strong> Dayan\u0131kl\u0131 metal g\u00f6vde ve elektrom\u0131knat\u0131s sistemi<br data-start=\"606\" data-end=\"609\" \/><strong data-start=\"609\" data-end=\"628\">Kullan\u0131m Alan\u0131:<\/strong> Forklift fren sistemleri<br data-start=\"653\" data-end=\"656\" \/><strong data-start=\"656\" data-end=\"668\">Avantaj:<\/strong> G\u00fc\u00e7l\u00fc manyetik yap\u0131s\u0131 ile frenleme g\u00fcvenli\u011fini art\u0131r\u0131r ve uzun s\u00fcreli kullan\u0131m sa\u011flar.<\/p>\n<p data-start=\"757\" data-end=\"1053\">\n","protected":false},"featured_media":14386,"template":"","meta":[],"product_brand":[],"product_cat":[236,449,522],"product_tag":[],"class_list":{"0":"post-14377","1":"product","2":"type-product","3":"status-publish","4":"has-post-thumbnail","6":"product_cat-jungheinrich","7":"product_cat-fren-sistem-parcalari","8":"product_cat-yedek-parca-jungheinrich","10":"first","11":"instock","12":"taxable","13":"shipping-taxable","14":"purchasable","15":"product-type-simple"},"_links":{"self":[{"href":"https:\/\/ceoparts.com\/tr\/wp-json\/wp\/v2\/product\/14377","targetHints":{"allow":["GET"]}}],"collection":[{"href":"https:\/\/ceoparts.com\/tr\/wp-json\/wp\/v2\/product"}],"about":[{"href":"https:\/\/ceoparts.com\/tr\/wp-json\/wp\/v2\/types\/product"}],"wp:featuredmedia":[{"embeddable":true,"href":"https:\/\/ceoparts.com\/tr\/wp-json\/wp\/v2\/media\/14386"}],"wp:attachment":[{"href":"https:\/\/ceoparts.com\/tr\/wp-json\/wp\/v2\/media?parent=14377"}],"wp:term":[{"taxonomy":"product_brand","embeddable":true,"href":"https:\/\/ceoparts.com\/tr\/wp-json\/wp\/v2\/product_brand?post=14377"},{"taxonomy":"product_cat","embeddable":true,"href":"https:\/\/ceoparts.com\/tr\/wp-json\/wp\/v2\/product_cat?post=14377"},{"taxonomy":"product_tag","embeddable":true,"href":"https:\/\/ceoparts.com\/tr\/wp-json\/wp\/v2\/product_tag?post=14377"}],"curies":[{"name":"wp","href":"https:\/\/api.w.org\/{rel}","templated":true}]}}