{"id":14388,"date":"2025-02-12T12:57:21","date_gmt":"2025-02-12T09:57:21","guid":{"rendered":"https:\/\/ceoparts.com\/?post_type=product&#038;p=14388"},"modified":"2026-05-16T17:33:14","modified_gmt":"2026-05-16T14:33:14","slug":"still-exv16-fren-manyetigi-30353043","status":"publish","type":"product","link":"https:\/\/ceoparts.com\/tr\/urun\/still-exv16-fren-manyetigi-30353043\/","title":{"rendered":"Still EXV16 Fren Manyeti\u011fi &#8211; 30353043"},"content":{"rendered":"<p>Still EXV16 Fren Manyeti\u011fi &#8211; 30353043<\/p>","protected":false},"excerpt":{"rendered":"<p data-start=\"148\" data-end=\"386\"><br data-start=\"153\" data-end=\"156\" \/>Still EXV16 Fren Manyeti\u011fi, forklift fren sistemlerinde y\u00fcksek performansl\u0131 ve g\u00fcvenilir frenleme sa\u011flamak amac\u0131yla \u00fcretilmi\u015ftir. Sa\u011flam yap\u0131s\u0131 ve g\u00fc\u00e7l\u00fc manyetik \u00e7ekim g\u00fcc\u00fcyle zorlu \u00e7al\u0131\u015fma ko\u015fullar\u0131nda uzun \u00f6m\u00fcrl\u00fc kullan\u0131m sunar.<\/p>\n<p data-start=\"388\" data-end=\"700\"><strong data-start=\"388\" data-end=\"403\">\u00d6zellikler:<\/strong><br data-start=\"403\" data-end=\"406\" \/><strong data-start=\"406\" data-end=\"419\">\u00dcr\u00fcn Ad\u0131:<\/strong> Still EXV16 Fren Manyeti\u011fi<br data-start=\"446\" data-end=\"449\" \/><strong data-start=\"449\" data-end=\"464\">Par\u00e7a Kodu:<\/strong> 30353043<br data-start=\"473\" data-end=\"476\" \/><strong data-start=\"476\" data-end=\"488\">Malzeme:<\/strong> Y\u00fcksek mukavemetli metal g\u00f6vde ve elektrom\u0131knat\u0131s sistemi<br data-start=\"546\" data-end=\"549\" \/><strong data-start=\"549\" data-end=\"568\">Kullan\u0131m Alan\u0131:<\/strong> Forklift fren sistemleri<br data-start=\"593\" data-end=\"596\" \/><strong data-start=\"596\" data-end=\"608\">Avantaj:<\/strong> Dayan\u0131kl\u0131 ve g\u00fc\u00e7l\u00fc manyetik yap\u0131s\u0131yla fren performans\u0131n\u0131 art\u0131r\u0131r, bak\u0131m ihtiyac\u0131n\u0131 azalt\u0131r.<\/p>\n<p data-start=\"702\" data-end=\"937\">\n","protected":false},"featured_media":14396,"template":"","meta":[],"product_brand":[],"product_cat":[241,449,524],"product_tag":[],"class_list":{"0":"post-14388","1":"product","2":"type-product","3":"status-publish","4":"has-post-thumbnail","6":"product_cat-still","7":"product_cat-fren-sistem-parcalari","8":"product_cat-yedek-parca-still","10":"first","11":"instock","12":"taxable","13":"shipping-taxable","14":"purchasable","15":"product-type-simple"},"_links":{"self":[{"href":"https:\/\/ceoparts.com\/tr\/wp-json\/wp\/v2\/product\/14388","targetHints":{"allow":["GET"]}}],"collection":[{"href":"https:\/\/ceoparts.com\/tr\/wp-json\/wp\/v2\/product"}],"about":[{"href":"https:\/\/ceoparts.com\/tr\/wp-json\/wp\/v2\/types\/product"}],"wp:featuredmedia":[{"embeddable":true,"href":"https:\/\/ceoparts.com\/tr\/wp-json\/wp\/v2\/media\/14396"}],"wp:attachment":[{"href":"https:\/\/ceoparts.com\/tr\/wp-json\/wp\/v2\/media?parent=14388"}],"wp:term":[{"taxonomy":"product_brand","embeddable":true,"href":"https:\/\/ceoparts.com\/tr\/wp-json\/wp\/v2\/product_brand?post=14388"},{"taxonomy":"product_cat","embeddable":true,"href":"https:\/\/ceoparts.com\/tr\/wp-json\/wp\/v2\/product_cat?post=14388"},{"taxonomy":"product_tag","embeddable":true,"href":"https:\/\/ceoparts.com\/tr\/wp-json\/wp\/v2\/product_tag?post=14388"}],"curies":[{"name":"wp","href":"https:\/\/api.w.org\/{rel}","templated":true}]}}