{"id":14397,"date":"2025-02-12T13:14:14","date_gmt":"2025-02-12T10:14:14","guid":{"rendered":"https:\/\/ceoparts.com\/?post_type=product&#038;p=14397"},"modified":"2026-05-16T17:56:59","modified_gmt":"2026-05-16T14:56:59","slug":"still-cx10m-fren-manyetigi-4492931","status":"publish","type":"product","link":"https:\/\/ceoparts.com\/tr\/urun\/still-cx10m-fren-manyetigi-4492931\/","title":{"rendered":"Still CX10m Fren Manyeti\u011fi &#8211; 4492931"},"content":{"rendered":"<p>Still CX10m Fren Manyeti\u011fi &#8211; 4492931<\/p>","protected":false},"excerpt":{"rendered":"<p data-start=\"107\" data-end=\"396\"><br data-start=\"112\" data-end=\"115\" \/>Still CX10m Fren Manyeti\u011fi, forklift fren sistemlerinde g\u00fcvenilir ve etkili bir frenleme performans\u0131 sunmak i\u00e7in tasarlanm\u0131\u015ft\u0131r. Dayan\u0131kl\u0131 yap\u0131s\u0131 sayesinde uzun \u00f6m\u00fcrl\u00fc kullan\u0131m sa\u011flar. \u00d6zellikle yo\u011fun ve zorlu \u00e7al\u0131\u015fma ko\u015fullar\u0131nda maksimum verimlilik elde edilmesine yard\u0131mc\u0131 olur.<\/p>\n<p data-start=\"398\" data-end=\"699\"><strong data-start=\"398\" data-end=\"413\">\u00d6zellikler:<\/strong><br data-start=\"413\" data-end=\"416\" \/><strong data-start=\"416\" data-end=\"429\">\u00dcr\u00fcn Ad\u0131:<\/strong> Still CX10m Fren Manyeti\u011fi<br data-start=\"456\" data-end=\"459\" \/><strong data-start=\"459\" data-end=\"474\">Par\u00e7a Kodu:<\/strong> 4492931<br data-start=\"482\" data-end=\"485\" \/><strong data-start=\"485\" data-end=\"497\">Malzeme:<\/strong> Y\u00fcksek dayan\u0131ml\u0131 metal g\u00f6vde ve elektrom\u0131knat\u0131s sistemi<br data-start=\"553\" data-end=\"556\" \/><strong data-start=\"556\" data-end=\"575\">Kullan\u0131m Alan\u0131:<\/strong> Forklift fren sistemleri<br data-start=\"600\" data-end=\"603\" \/><strong data-start=\"603\" data-end=\"615\">Avantaj:<\/strong> Dayan\u0131kl\u0131 yap\u0131s\u0131 ve g\u00fc\u00e7l\u00fc manyetik \u00e7ekim g\u00fcc\u00fc ile frenleme performans\u0131n\u0131 art\u0131r\u0131r.<\/p>\n<p data-start=\"701\" data-end=\"977\">\n","protected":false},"featured_media":14398,"template":"","meta":[],"product_brand":[],"product_cat":[241,251,449,518,524],"product_tag":[],"class_list":{"0":"post-14397","1":"product","2":"type-product","3":"status-publish","4":"has-post-thumbnail","6":"product_cat-still","7":"product_cat-bt","8":"product_cat-fren-sistem-parcalari","9":"product_cat-yedek-parca-bt","10":"product_cat-yedek-parca-still","12":"first","13":"instock","14":"taxable","15":"shipping-taxable","16":"purchasable","17":"product-type-simple"},"_links":{"self":[{"href":"https:\/\/ceoparts.com\/tr\/wp-json\/wp\/v2\/product\/14397","targetHints":{"allow":["GET"]}}],"collection":[{"href":"https:\/\/ceoparts.com\/tr\/wp-json\/wp\/v2\/product"}],"about":[{"href":"https:\/\/ceoparts.com\/tr\/wp-json\/wp\/v2\/types\/product"}],"wp:featuredmedia":[{"embeddable":true,"href":"https:\/\/ceoparts.com\/tr\/wp-json\/wp\/v2\/media\/14398"}],"wp:attachment":[{"href":"https:\/\/ceoparts.com\/tr\/wp-json\/wp\/v2\/media?parent=14397"}],"wp:term":[{"taxonomy":"product_brand","embeddable":true,"href":"https:\/\/ceoparts.com\/tr\/wp-json\/wp\/v2\/product_brand?post=14397"},{"taxonomy":"product_cat","embeddable":true,"href":"https:\/\/ceoparts.com\/tr\/wp-json\/wp\/v2\/product_cat?post=14397"},{"taxonomy":"product_tag","embeddable":true,"href":"https:\/\/ceoparts.com\/tr\/wp-json\/wp\/v2\/product_tag?post=14397"}],"curies":[{"name":"wp","href":"https:\/\/api.w.org\/{rel}","templated":true}]}}