{"id":14405,"date":"2025-02-12T13:23:55","date_gmt":"2025-02-12T10:23:55","guid":{"rendered":"https:\/\/ceoparts.com\/?post_type=product&#038;p=14405"},"modified":"2026-05-16T21:35:23","modified_gmt":"2026-05-16T18:35:23","slug":"linde-l16-1173-fren-manyetigi-3005047000","status":"publish","type":"product","link":"https:\/\/ceoparts.com\/tr\/urun\/linde-l16-1173-fren-manyetigi-3005047000\/","title":{"rendered":"Linde L16 1173 Fren Manyeti\u011fi &#8211; 3005047000"},"content":{"rendered":"<p>Linde L16 1173 Fren Manyeti\u011fi &#8211; 3005047000<\/p>","protected":false},"excerpt":{"rendered":"<p data-start=\"53\" data-end=\"262\"><br data-start=\"58\" data-end=\"61\" \/><strong data-start=\"61\" data-end=\"94\">Linde L16 1173 Fren Manyeti\u011fi<\/strong>, Linde L16 forkliftlerin fren sistemlerinde kullan\u0131lan manyetik bir par\u00e7ad\u0131r. Frenlerin g\u00fcvenli ve etkili \u015fekilde \u00e7al\u0131\u015fmas\u0131n\u0131 sa\u011flar. Dayan\u0131kl\u0131 yap\u0131s\u0131 uzun \u00f6m\u00fcr sunar.<\/p>\n<p data-start=\"264\" data-end=\"524\"><strong data-start=\"264\" data-end=\"279\">\u00d6zellikler:<\/strong><br data-start=\"279\" data-end=\"282\" \/><strong data-start=\"282\" data-end=\"295\">\u00dcr\u00fcn Ad\u0131:<\/strong> Linde L16 1173 Fren Manyeti\u011fi<br data-start=\"325\" data-end=\"328\" \/><strong data-start=\"328\" data-end=\"343\">Par\u00e7a Kodu:<\/strong> 3005047000<br data-start=\"354\" data-end=\"357\" \/><strong data-start=\"357\" data-end=\"369\">Malzeme:<\/strong> Manyetik metal ala\u015f\u0131m\u0131<br data-start=\"392\" data-end=\"395\" \/><strong data-start=\"395\" data-end=\"414\">Kullan\u0131m Alan\u0131:<\/strong> Linde L16 forklift fren sistemleri<br data-start=\"449\" data-end=\"452\" \/><strong data-start=\"452\" data-end=\"464\">Avantaj:<\/strong> G\u00fcvenli frenleme, y\u00fcksek dayan\u0131kl\u0131l\u0131k, uzun kullan\u0131m \u00f6mr\u00fc<\/p>\n<p data-start=\"526\" data-end=\"743\">\n","protected":false},"featured_media":14407,"template":"","meta":[],"product_brand":[],"product_cat":[246,449,523],"product_tag":[],"class_list":{"0":"post-14405","1":"product","2":"type-product","3":"status-publish","4":"has-post-thumbnail","6":"product_cat-linde","7":"product_cat-fren-sistem-parcalari","8":"product_cat-yedek-parca-linde","10":"first","11":"instock","12":"taxable","13":"shipping-taxable","14":"purchasable","15":"product-type-simple"},"_links":{"self":[{"href":"https:\/\/ceoparts.com\/tr\/wp-json\/wp\/v2\/product\/14405","targetHints":{"allow":["GET"]}}],"collection":[{"href":"https:\/\/ceoparts.com\/tr\/wp-json\/wp\/v2\/product"}],"about":[{"href":"https:\/\/ceoparts.com\/tr\/wp-json\/wp\/v2\/types\/product"}],"wp:featuredmedia":[{"embeddable":true,"href":"https:\/\/ceoparts.com\/tr\/wp-json\/wp\/v2\/media\/14407"}],"wp:attachment":[{"href":"https:\/\/ceoparts.com\/tr\/wp-json\/wp\/v2\/media?parent=14405"}],"wp:term":[{"taxonomy":"product_brand","embeddable":true,"href":"https:\/\/ceoparts.com\/tr\/wp-json\/wp\/v2\/product_brand?post=14405"},{"taxonomy":"product_cat","embeddable":true,"href":"https:\/\/ceoparts.com\/tr\/wp-json\/wp\/v2\/product_cat?post=14405"},{"taxonomy":"product_tag","embeddable":true,"href":"https:\/\/ceoparts.com\/tr\/wp-json\/wp\/v2\/product_tag?post=14405"}],"curies":[{"name":"wp","href":"https:\/\/api.w.org\/{rel}","templated":true}]}}